{"id":31537,"date":"2025-09-21T17:24:40","date_gmt":"2025-09-21T16:24:40","guid":{"rendered":"https:\/\/gopinkish.com\/?post_type=product&#038;p=31537"},"modified":"2026-04-20T20:43:13","modified_gmt":"2026-04-20T19:43:13","slug":"3331300031645","status":"publish","type":"product","link":"https:\/\/gopinkish.com\/fr\/produit\/3331300031645\/","title":{"rendered":"Un dentifrice blanchissant qui nettoie en profondeur et redonne de l'\u00e9clat."},"content":{"rendered":"<p><!--StartFragment --><\/p>\n<p style=\"text-align: justify;\">Un dentifrice innovant qui combine trois avantages cl\u00e9s : Blanchir les dents, purifier la bouche et restaurer l'\u00e9clat naturel. Sa formule est enrichie en bicarbonate de sodium naturel 100%, un ingr\u00e9dient traditionnel reconnu pour son efficacit\u00e9 \u00e0 \u00e9liminer les taches et \u00e0 nettoyer les dents en profondeur, tout en respectant l'\u00e9mail.<\/p>\n<p style=\"text-align: justify;\"><strong>Principaux ingr\u00e9dients et caract\u00e9ristiques :<\/strong><br \/>\n- Bicarbonate de sodium (100% Natural) : \u00c9limine les taches superficielles et blanchit les dents en douceur.<br \/>\n- Agents Nettoyants : nettoient les dents m\u00eame dans les zones difficiles d'acc\u00e8s.<br \/>\n- Fluor : Renforce l'\u00e9mail et prot\u00e8ge contre les caries.<br \/>\n- Une formule douce qui pr\u00e9serve la sant\u00e9 de la bouche et des dents.<\/p>\n<p style=\"text-align: justify;\"><strong>Principales caract\u00e9ristiques et avantages :<\/strong><br \/>\n- Donne des dents plus blanches d\u00e8s 3 jours.<br \/>\n- Nettoie les dents en profondeur et \u00e9limine les taches caus\u00e9es par le caf\u00e9 ou le tabac.<br \/>\n- Restaure l'\u00e9clat naturel des dents et cr\u00e9e un sourire plus lumineux.<br \/>\n- Maintient l'\u00e9mail en bonne sant\u00e9 et prot\u00e8ge contre les caries.<br \/>\n- Procure une sensation durable de propret\u00e9 et de fra\u00eecheur.<\/p>\n<p dir=\"ltr\" style=\"text-align: center;\">\ud83c\uddec\ud83c\udde7 Email Diamant 3 Actions Dentifrice - Blanchiment, puret\u00e9 et \u00e9clat au bicarbonate naturel<br \/>\n\ud83c\uddeb\ud83c\uddf7 Email Diamant Dentifrice 3 Actions - Blancheur, Puret\u00e9 &amp; \u00c9clat avec Bicarbonate Naturel<\/p>\n<p><!--EndFragment --><\/p>","protected":false},"excerpt":{"rendered":"<p>\u0645\u0639\u062c\u0648\u0646 \u0623\u0633\u0646\u0627\u0646 \u0645\u0628\u062a\u0643\u0631 \u064a\u062c\u0645\u0639 \u0628\u064a\u0646 \u062b\u0644\u0627\u062b \u0641\u0648\u0627\u0626\u062f \u0623\u0633\u0627\u0633\u064a\u0629: \u062a\u0628\u064a\u064a\u0636 \u0627\u0644\u0623\u0633\u0646\u0627\u0646\u060c \u062a\u0646\u0642\u064a\u0629 \u0627\u0644\u0641\u0645\u060c \u0648\u0627\u0633\u062a\u0639\u0627\u062f\u0629 \u0627\u0644\u0625\u0634\u0631\u0627\u0642\u0629 \u0627\u0644\u0637\u0628\u064a\u0639\u064a\u0629. \u062a\u0631\u0643\u064a\u0628\u062a\u0647 \u063a\u0646\u064a\u0629 \u0628\u0640 100% \u0628\u064a\u0643\u0631\u0628\u0648\u0646\u0627\u062a \u0627\u0644\u0635\u0648\u062f\u064a\u0648\u0645 \u0627\u0644\u0637\u0628\u064a\u0639\u064a\u060c \u0648\u0647\u0648 \u0645\u0643\u0648\u0646 \u062a\u0642\u0644\u064a\u062f\u064a \u0645\u0639\u0631\u0648\u0641 \u0628\u0641\u0639\u0627\u0644\u064a\u062a\u0647 \u0641\u064a \u0625\u0632\u0627\u0644\u0629 \u0627\u0644\u0628\u0642\u0639 \u0648\u062a\u0646\u0638\u064a\u0641 \u0627\u0644\u0623\u0633\u0646\u0627\u0646 \u0628\u0639\u0645\u0642\u060c \u0645\u0639 \u0627\u062d\u062a\u0631\u0627\u0645 \u0627\u0644\u0645\u064a\u0646\u0627. \u0627\u0644\u0645\u0643\u0648\u0646\u0627\u062a \u0648\u0627\u0644\u062e\u0635\u0627\u0626\u0635 \u0627\u0644\u0631\u0626\u064a\u0633\u064a\u0629: \u2022 Sodium Bicarbonate (100% \u0637\u0628\u064a\u0639\u064a): \u064a\u0632\u064a\u0644 \u0627\u0644\u0628\u0642\u0639 \u0627\u0644\u0633\u0637\u062d\u064a\u0629 \u0648\u064a\u0628\u064a\u0636 \u0627\u0644\u0623\u0633\u0646\u0627\u0646 \u0628\u0644\u0637\u0641. \u2022 Agents Nettoyants: \u064a\u0646\u0638\u0641\u0648\u0646 \u0627\u0644\u0623\u0633\u0646\u0627\u0646 [&hellip;]<\/p>\n","protected":false},"featured_media":31538,"template":"","meta":[],"pwb-brand":[1371],"product_brand":[],"product_cat":[1131],"product_tag":[760,706],"class_list":{"0":"post-31537","1":"product","2":"type-product","3":"status-publish","4":"has-post-thumbnail","6":"pwb-brand-email-diamant","7":"product_cat-tooth-paste","8":"product_tag-760","9":"product_tag-toothpaste","11":"first","12":"instock","13":"shipping-taxable","14":"purchasable","15":"product-type-variable","16":"has-default-attributes","17":"wvs-archive-product-wrapper"},"brands":[{"id":1371,"name":"Email Diamant","slug":"envoyer-un-courriel-a-diamant"}],"_links":{"self":[{"href":"https:\/\/gopinkish.com\/fr\/wp-json\/wp\/v2\/product\/31537","targetHints":{"allow":["GET"]}}],"collection":[{"href":"https:\/\/gopinkish.com\/fr\/wp-json\/wp\/v2\/product"}],"about":[{"href":"https:\/\/gopinkish.com\/fr\/wp-json\/wp\/v2\/types\/product"}],"wp:featuredmedia":[{"embeddable":true,"href":"https:\/\/gopinkish.com\/fr\/wp-json\/wp\/v2\/media\/31538"}],"wp:attachment":[{"href":"https:\/\/gopinkish.com\/fr\/wp-json\/wp\/v2\/media?parent=31537"}],"wp:term":[{"taxonomy":"pwb-brand","embeddable":true,"href":"https:\/\/gopinkish.com\/fr\/wp-json\/wp\/v2\/pwb-brand?post=31537"},{"taxonomy":"product_brand","embeddable":true,"href":"https:\/\/gopinkish.com\/fr\/wp-json\/wp\/v2\/product_brand?post=31537"},{"taxonomy":"product_cat","embeddable":true,"href":"https:\/\/gopinkish.com\/fr\/wp-json\/wp\/v2\/product_cat?post=31537"},{"taxonomy":"product_tag","embeddable":true,"href":"https:\/\/gopinkish.com\/fr\/wp-json\/wp\/v2\/product_tag?post=31537"}],"curies":[{"name":"wp","href":"https:\/\/api.w.org\/{rel}","templated":true}]}}