{"id":31469,"date":"2025-09-21T12:47:12","date_gmt":"2025-09-21T11:47:12","guid":{"rendered":"https:\/\/gopinkish.com\/?post_type=product&#038;p=31469"},"modified":"2026-03-20T09:46:13","modified_gmt":"2026-03-20T08:46:13","slug":"8693495048842","status":"publish","type":"product","link":"https:\/\/gopinkish.com\/fr\/produit\/8693495048842\/","title":{"rendered":"Savon de soin pour peaux sensibles pour hydrater et prot\u00e9ger"},"content":{"rendered":"<p style=\"text-align: justify;\">Sanex Dermo Sensitive Skin Soap - 4 barres x 90g, sp\u00e9cialement con\u00e7u pour prendre soin des peaux sensibles. La technologie Dermo Active 3 hydrate, prot\u00e8ge et nettoie sans provoquer d'irritation. La mousse cr\u00e9meuse l\u00e9g\u00e8rement parfum\u00e9e laisse votre peau nourrie, hydrat\u00e9e et naturellement \u00e9quilibr\u00e9e. Hypoallerg\u00e9nique et test\u00e9 sous contr\u00f4le dermatologique, ce savon convient \u00e0 un usage quotidien sur le visage et le corps. Il est exempt d'irritants courants tels que les parab\u00e8nes, les colorants artificiels et les produits chimiques agressifs, ce qui en fait un produit id\u00e9al pour les personnes souffrant d'allergies.<\/p>\n<p dir=\"ltr\" style=\"text-align: center;\">\ud83c\uddec\ud83c\udde7 Sanex Dermo Sensitive Savon en barre<br \/>\n\ud83c\uddeb\ud83c\uddf7 Savon Solide Sanex Dermo Sensitive<\/p>","protected":false},"excerpt":{"rendered":"<p>\u0635\u0627\u0628\u0648\u0646 \u0633\u0627\u0646\u0643\u0633 \u062f\u064a\u0631\u0645\u0648 \u0644\u0644\u0628\u0634\u0631\u0629 \u0627\u0644\u062d\u0633\u0627\u0633\u0629 &#8211; 4 \u0642\u0637\u0639 \u00d7 90 \u063a\u0631\u0627\u0645\u060c \u0645\u064f\u0635\u0645\u0645 \u062e\u0635\u064a\u0635\u064b\u0627 \u0644\u0644\u0639\u0646\u0627\u064a\u0629 \u0628\u0627\u0644\u0628\u0634\u0631\u0629 \u0627\u0644\u062d\u0633\u0627\u0633\u0629. \u062a\u0639\u0645\u0644 \u062a\u0642\u0646\u064a\u0629 \u062f\u064a\u0631\u0645\u0648 \u0623\u0643\u062a\u064a\u0641 3 \u0639\u0644\u0649 \u062a\u0631\u0637\u064a\u0628 \u0627\u0644\u0628\u0634\u0631\u0629 \u0648\u062d\u0645\u0627\u064a\u062a\u0647\u0627 \u0648\u062a\u0646\u0638\u064a\u0641\u0647\u0627 \u062f\u0648\u0646 \u0627\u0644\u062a\u0633\u0628\u0628 \u0641\u064a \u062a\u0647\u064a\u062c\u0647\u0627. \u0631\u063a\u0648\u0629 \u0627\u0644\u0643\u0631\u064a\u0645 \u0627\u0644\u0639\u0637\u0631\u0629 \u0627\u0644\u062e\u0641\u064a\u0641\u0629 \u062a\u0645\u0646\u062d \u0628\u0634\u0631\u062a\u0643\u0650 \u0634\u0639\u0648\u0631\u064b\u0627 \u0628\u0627\u0644\u062a\u063a\u0630\u064a\u0629 \u0648\u0627\u0644\u062a\u0631\u0637\u064a\u0628 \u0648\u0627\u0644\u062a\u0648\u0627\u0632\u0646 \u0627\u0644\u0637\u0628\u064a\u0639\u064a. \u0647\u0630\u0627 \u0627\u0644\u0635\u0627\u0628\u0648\u0646 \u0645\u0636\u0627\u062f \u0644\u0644\u062d\u0633\u0627\u0633\u064a\u0629 \u0648\u0645\u064f\u062e\u062a\u0628\u0631 \u0645\u0646 \u0642\u0628\u0644 \u0623\u0637\u0628\u0627\u0621 \u0627\u0644\u062c\u0644\u062f\u064a\u0629\u060c \u0648\u0647\u0648 \u0645\u0646\u0627\u0633\u0628 \u0644\u0644\u0627\u0633\u062a\u062e\u062f\u0627\u0645 \u0627\u0644\u064a\u0648\u0645\u064a \u0639\u0644\u0649 [&hellip;]<\/p>\n","protected":false},"featured_media":31470,"template":"","meta":[],"pwb-brand":[1432],"product_brand":[],"product_cat":[1138],"product_tag":[688],"class_list":{"0":"post-31469","1":"product","2":"type-product","3":"status-publish","4":"has-post-thumbnail","6":"pwb-brand-sanex","7":"product_cat-bath-and-shower","8":"product_tag-sensitive","10":"first","11":"instock","12":"shipping-taxable","13":"purchasable","14":"product-type-variable","15":"has-default-attributes","16":"wvs-archive-product-wrapper"},"brands":[{"id":1432,"name":"Sanex","slug":"sanex"}],"_links":{"self":[{"href":"https:\/\/gopinkish.com\/fr\/wp-json\/wp\/v2\/product\/31469","targetHints":{"allow":["GET"]}}],"collection":[{"href":"https:\/\/gopinkish.com\/fr\/wp-json\/wp\/v2\/product"}],"about":[{"href":"https:\/\/gopinkish.com\/fr\/wp-json\/wp\/v2\/types\/product"}],"wp:featuredmedia":[{"embeddable":true,"href":"https:\/\/gopinkish.com\/fr\/wp-json\/wp\/v2\/media\/31470"}],"wp:attachment":[{"href":"https:\/\/gopinkish.com\/fr\/wp-json\/wp\/v2\/media?parent=31469"}],"wp:term":[{"taxonomy":"pwb-brand","embeddable":true,"href":"https:\/\/gopinkish.com\/fr\/wp-json\/wp\/v2\/pwb-brand?post=31469"},{"taxonomy":"product_brand","embeddable":true,"href":"https:\/\/gopinkish.com\/fr\/wp-json\/wp\/v2\/product_brand?post=31469"},{"taxonomy":"product_cat","embeddable":true,"href":"https:\/\/gopinkish.com\/fr\/wp-json\/wp\/v2\/product_cat?post=31469"},{"taxonomy":"product_tag","embeddable":true,"href":"https:\/\/gopinkish.com\/fr\/wp-json\/wp\/v2\/product_tag?post=31469"}],"curies":[{"name":"wp","href":"https:\/\/api.w.org\/{rel}","templated":true}]}}