{"id":31441,"date":"2025-09-21T11:07:22","date_gmt":"2025-09-21T10:07:22","guid":{"rendered":"https:\/\/gopinkish.com\/?post_type=product&#038;p=31441"},"modified":"2025-09-29T14:11:14","modified_gmt":"2025-09-29T13:11:14","slug":"8718114202372","status":"publish","type":"product","link":"https:\/\/gopinkish.com\/fr\/produit\/8718114202372\/","title":{"rendered":"\u0645\u0632\u064a\u0644 \u0639\u0631\u0642 \u0644\u0645\u0643\u0627\u0641\u062d\u0629 \u0627\u0644\u062a\u0639\u0631\u0642 \u0627\u0644\u0645\u0641\u0631\u0637 \u0641\u0639\u0627\u0644\u064a\u0629 \u062b\u0644\u0627\u062b\u064a\u0629 96 \u0633\u0627\u0639\u0629"},"content":{"rendered":"<p style=\"text-align: justify;\">\u0645\u0632\u064a\u0644 \u0627\u0644\u0639\u0631\u0642 \u0631\u064a\u0643\u0633\u0648\u0646\u0627 \u0645\u0627\u0643\u0633\u064a\u0645\u0648\u0645 \u0628\u0631\u0648\u062a\u0643\u0634\u0646 \u0643\u0644\u064a\u0646 \u0633\u064a\u0646\u062a \u0644\u0644\u0646\u0633\u0627\u0621\u060c \u0641\u0627\u0626\u0642 \u0627\u0644\u0641\u0639\u0627\u0644\u064a\u0629 \u0641\u064a \u0645\u0643\u0627\u0641\u062d\u0629 \u0627\u0644\u062a\u0639\u0631\u0642 \u0627\u0644\u0645\u0641\u0631\u0637\u060c \u064a\u0631\u0641\u0639 \u0645\u0639\u0627\u064a\u064a\u0631 \u0627\u0644\u062c\u0648\u062f\u0629 \u0625\u0644\u0649 \u0645\u0633\u062a\u0648\u064a\u0627\u062a \u062c\u062f\u064a\u062f\u0629. \u062d\u0645\u0627\u064a\u062a\u0647 \u0636\u062f \u0627\u0644\u062a\u0639\u0631\u0642 \u0648\u0627\u0644\u0631\u0627\u0626\u062d\u0629 \u0623\u0642\u0648\u0649 \u0628\u062b\u0644\u0627\u062b \u0645\u0631\u0627\u062a\u060c \u0648\u0647\u0648 \u0628\u0628\u0633\u0627\u0637\u0629 \u0627\u0644\u0623\u0641\u0636\u0644 \u0645\u0646 \u0631\u064a\u0643\u0633\u0648\u0646\u0627. \u0633\u0647\u0644 \u0627\u0644\u0627\u0633\u062a\u062e\u062f\u0627\u0645\u060c \u0628\u0646\u0642\u0631\u062a\u064a\u0646 \u0641\u0642\u0637. \u062a\u0631\u0643\u064a\u0628\u0629 \u062e\u0627\u0644\u064a\u0629 \u0645\u0646 \u0627\u0644\u0643\u062d\u0648\u0644\u060c \u0647\u0630\u0627 \u0627\u0644\u0645\u0646\u062a\u062c \u0630\u0648 \u0627\u0644\u0642\u0648\u0627\u0645 \u0627\u0644\u0643\u0631\u064a\u0645\u064a \u0644\u0637\u064a\u0641 \u0639\u0644\u0649 \u0627\u0644\u0628\u0634\u0631\u0629 \u0648\u064a\u0637\u0644\u0642 \u0631\u0627\u0626\u062d\u0629 \u0645\u0646\u0639\u0634\u0629 \u0648\u0645\u0646\u0639\u0634\u0629. \u0644\u0644\u062d\u0635\u0648\u0644 \u0639\u0644\u0649 \u0623\u0641\u0636\u0644 \u0641\u0639\u0627\u0644\u064a\u0629\u060c \u0636\u0639\u064a \u0645\u0632\u064a\u0644 \u0627\u0644\u0639\u0631\u0642 \u0631\u064a\u0643\u0633\u0648\u0646\u0627 \u0645\u0627\u0643\u0633\u064a\u0645\u0648\u0645 \u0628\u0631\u0648\u062a\u0643\u0634\u0646 \u0644\u0644\u0646\u0633\u0627\u0621 \u0639\u0644\u0649 \u0645\u0646\u0637\u0642\u0629 \u0627\u0644\u0625\u0628\u0637\u064a\u0646 \u0644\u064a\u0644\u0627\u064b \u0642\u0628\u0644 \u0627\u0644\u0646\u0648\u0645. \u064a\u0639\u0645\u0644 \u0623\u062b\u0646\u0627\u0621 \u0627\u0644\u0646\u0648\u0645. \u064a\u0628\u0642\u0649 \u0623\u062f\u0627\u0621 \u0645\u0627\u0643\u0633\u064a\u0645\u0648\u0645 \u0628\u0631\u0648\u062a\u0643\u0634\u0646 \u0641\u0639\u0627\u0644\u0627\u064b \u0644\u0645\u062f\u0629 96 \u0633\u0627\u0639\u0629\u060c \u062d\u062a\u0649 \u0628\u0639\u062f \u0627\u0644\u0627\u0633\u062a\u062d\u0645\u0627\u0645. \u064a\u0645\u0643\u0646\u0643\u0650 \u0623\u064a\u0636\u0627\u064b \u0627\u0633\u062a\u062e\u062f\u0627\u0645 \u0645\u0632\u064a\u0644 \u0627\u0644\u0639\u0631\u0642 \u0627\u0644\u0645\u0636\u0627\u062f \u0644\u0644\u062a\u0639\u0631\u0642 \u0645\u0627\u0643\u0633\u064a\u0645\u0648\u0645 \u0628\u0631\u0648\u062a\u0643\u0634\u0646 \u0641\u064a \u0627\u0644\u0635\u0628\u0627\u062d. \u0645\u0639 \u0647\u0630\u0647 \u0627\u0644\u062d\u0645\u0627\u064a\u0629\u060c \u0643\u0644 \u0634\u064a\u0621 \u0645\u0645\u0643\u0646 \u0627\u0644\u0622\u0646.<\/p>\n<p style=\"text-align: justify;\">Rexona est la marque leader de l'\u00e9v\u00e9nementiel. Ses produits sont con\u00e7us pour donner plus, comme vous. Que vous escaladiez des montagnes, preniez le bus, fassiez une pr\u00e9sentation \u00e0 votre patron ou vous pr\u00e9pariez pour un premier rendez-vous : Quoi qu'il arrive, vous pouvez compter sur un \u00e9v\u00e9nement Rexona. Nous nous appuyons sur notre vaste exp\u00e9rience pour vous proposer des technologies d\u00e9odorantes r\u00e9volutionnaires qui deviennent chaque jour plus efficaces, telles que Motion Sense. Cette technologie unique s'inspire de vos mouvements. Lorsque vous bougez, la friction entre vos aisselles fait \u00e9clater ses capsules, lib\u00e9rant ainsi protection et parfum au moment o\u00f9 vous en avez le plus besoin. Rexona ne vous laissera pas tomber.<\/p>\n<p dir=\"ltr\" style=\"text-align: center;\">\ud83c\uddec\ud83c\udde7 Rexona Maximum Protection Clean Scent Antiperspirant Cream Stick<br \/>\n\ud83c\uddeb\ud83c\uddf7 D\u00e9odorant Cr\u00e8me Stick Antitranspirant Rexona Maximum Protection Clean Scent<\/p>","protected":false},"excerpt":{"rendered":"<p>\u0645\u0632\u064a\u0644 \u0627\u0644\u0639\u0631\u0642 \u0631\u064a\u0643\u0633\u0648\u0646\u0627 \u0645\u0627\u0643\u0633\u064a\u0645\u0648\u0645 \u0628\u0631\u0648\u062a\u0643\u0634\u0646 \u0643\u0644\u064a\u0646 \u0633\u064a\u0646\u062a \u0644\u0644\u0646\u0633\u0627\u0621\u060c \u0641\u0627\u0626\u0642 \u0627\u0644\u0641\u0639\u0627\u0644\u064a\u0629 \u0641\u064a \u0645\u0643\u0627\u0641\u062d\u0629 \u0627\u0644\u062a\u0639\u0631\u0642 \u0627\u0644\u0645\u0641\u0631\u0637\u060c \u064a\u0631\u0641\u0639 \u0645\u0639\u0627\u064a\u064a\u0631 \u0627\u0644\u062c\u0648\u062f\u0629 \u0625\u0644\u0649 \u0645\u0633\u062a\u0648\u064a\u0627\u062a \u062c\u062f\u064a\u062f\u0629. \u062d\u0645\u0627\u064a\u062a\u0647 \u0636\u062f \u0627\u0644\u062a\u0639\u0631\u0642 \u0648\u0627\u0644\u0631\u0627\u0626\u062d\u0629 \u0623\u0642\u0648\u0649 \u0628\u062b\u0644\u0627\u062b \u0645\u0631\u0627\u062a\u060c \u0648\u0647\u0648 \u0628\u0628\u0633\u0627\u0637\u0629 \u0627\u0644\u0623\u0641\u0636\u0644 \u0645\u0646 \u0631\u064a\u0643\u0633\u0648\u0646\u0627. \u0633\u0647\u0644 \u0627\u0644\u0627\u0633\u062a\u062e\u062f\u0627\u0645\u060c \u0628\u0646\u0642\u0631\u062a\u064a\u0646 \u0641\u0642\u0637. \u062a\u0631\u0643\u064a\u0628\u0629 \u062e\u0627\u0644\u064a\u0629 \u0645\u0646 \u0627\u0644\u0643\u062d\u0648\u0644\u060c \u0647\u0630\u0627 \u0627\u0644\u0645\u0646\u062a\u062c \u0630\u0648 \u0627\u0644\u0642\u0648\u0627\u0645 \u0627\u0644\u0643\u0631\u064a\u0645\u064a \u0644\u0637\u064a\u0641 \u0639\u0644\u0649 \u0627\u0644\u0628\u0634\u0631\u0629 \u0648\u064a\u0637\u0644\u0642 \u0631\u0627\u0626\u062d\u0629 \u0645\u0646\u0639\u0634\u0629 \u0648\u0645\u0646\u0639\u0634\u0629. \u0644\u0644\u062d\u0635\u0648\u0644 \u0639\u0644\u0649 \u0623\u0641\u0636\u0644 [&hellip;]<\/p>\n","protected":false},"featured_media":31444,"template":"","meta":[],"pwb-brand":[467],"product_brand":[],"product_cat":[1228],"product_tag":[686],"class_list":{"0":"post-31441","1":"product","2":"type-product","3":"status-publish","4":"has-post-thumbnail","6":"pwb-brand-rexona","7":"product_cat-deodorants","8":"product_tag-deodorant","10":"first","11":"outofstock","12":"shipping-taxable","13":"product-type-variable","14":"has-default-attributes","15":"wvs-archive-product-wrapper"},"brands":[{"id":467,"name":"Rexona","slug":"rexona"}],"_links":{"self":[{"href":"https:\/\/gopinkish.com\/fr\/wp-json\/wp\/v2\/product\/31441","targetHints":{"allow":["GET"]}}],"collection":[{"href":"https:\/\/gopinkish.com\/fr\/wp-json\/wp\/v2\/product"}],"about":[{"href":"https:\/\/gopinkish.com\/fr\/wp-json\/wp\/v2\/types\/product"}],"wp:featuredmedia":[{"embeddable":true,"href":"https:\/\/gopinkish.com\/fr\/wp-json\/wp\/v2\/media\/31444"}],"wp:attachment":[{"href":"https:\/\/gopinkish.com\/fr\/wp-json\/wp\/v2\/media?parent=31441"}],"wp:term":[{"taxonomy":"pwb-brand","embeddable":true,"href":"https:\/\/gopinkish.com\/fr\/wp-json\/wp\/v2\/pwb-brand?post=31441"},{"taxonomy":"product_brand","embeddable":true,"href":"https:\/\/gopinkish.com\/fr\/wp-json\/wp\/v2\/product_brand?post=31441"},{"taxonomy":"product_cat","embeddable":true,"href":"https:\/\/gopinkish.com\/fr\/wp-json\/wp\/v2\/product_cat?post=31441"},{"taxonomy":"product_tag","embeddable":true,"href":"https:\/\/gopinkish.com\/fr\/wp-json\/wp\/v2\/product_tag?post=31441"}],"curies":[{"name":"wp","href":"https:\/\/api.w.org\/{rel}","templated":true}]}}