{"id":31174,"date":"2025-09-05T23:55:19","date_gmt":"2025-09-05T22:55:19","guid":{"rendered":"https:\/\/gopinkish.com\/?post_type=product&#038;p=31174"},"modified":"2026-02-24T22:49:16","modified_gmt":"2026-02-24T21:49:16","slug":"3549620011524","status":"publish","type":"product","link":"https:\/\/gopinkish.com\/fr\/produit\/3549620011524\/","title":{"rendered":"Mousse nettoyante apaisante pour le visage"},"content":{"rendered":"<p style=\"text-align: justify;\">La mousse nettoyante apaisante Le Petit Olivier nettoie la peau en douceur sans la dess\u00e9cher. Sa texture onctueuse, enrichie en extrait d'olive, apaise et r\u00e9conforte les peaux normales \u00e0 s\u00e8ches. Sa formule sans sulfate laisse la peau fra\u00eeche et propre.<\/p>\n<p style=\"text-align: justify;\">\u2714 Nettoie en douceur, d\u00e9maquille et apaise la peau.<br \/>\n\u2714 98% est d'origine naturelle, sans sulfate.<br \/>\n\u2714 Test\u00e9 par des dermatologues, fabriqu\u00e9 en France, not\u00e9 93\/100 par le Yucca.<\/p>\n<p style=\"text-align: justify;\">Gr\u00e2ce \u00e0 sa formule douce, la mousse nettoyante apaisante Le Petit Olivier nettoie sans dess\u00e9cher la peau. Douce et onctueuse, elle apaise et r\u00e9conforte la peau. Formul\u00e9e sans sulfates, cette mousse nettoyante pour le visage est test\u00e9e sous contr\u00f4le dermatologique et convient aux peaux normales \u00e0 s\u00e8ches.<\/p>\n<p style=\"text-align: justify;\"><strong>Comment l'utiliser ?<\/strong> Appliquer matin et soir sur le visage humide. Masser d\u00e9licatement, puis rincer \u00e0 l'eau claire.<\/p>\n<p style=\"text-align: justify;\"><strong>R\u00e9sultats :<\/strong> La peau est fra\u00eeche et propre, les impuret\u00e9s sont \u00e9limin\u00e9es.<\/p>\n<p dir=\"ltr\" style=\"text-align: center;\">\ud83c\uddec\ud83c\udde7 Le Petit Olivier Nettoyant moussant apaisant pour le visage - Extrait d'olive<br \/>\n\ud83c\uddeb\ud83c\uddf7 Mousse Nettoyante Apaisante Visage Le Petit Olivier - Extrait d'Olive<\/p>","protected":false},"excerpt":{"rendered":"<p>\u0631\u063a\u0648\u0629 \u0627\u0644\u062a\u0646\u0638\u064a\u0641 \u0627\u0644\u0645\u0647\u062f\u0626\u0629 &#8220;\u0644\u0648 \u0628\u064a\u062a\u064a \u0623\u0648\u0644\u064a\u0641\u064a\u064a\u0647&#8221; \u062a\u0646\u0638\u0641 \u0627\u0644\u0628\u0634\u0631\u0629 \u0628\u0644\u0637\u0641 \u062f\u0648\u0646 \u0623\u0646 \u062a\u0633\u0628\u0628 \u062c\u0641\u0627\u0641\u0647\u0627. \u0642\u0648\u0627\u0645\u0647\u0627 \u0627\u0644\u0643\u0631\u064a\u0645\u064a\u060c \u0627\u0644\u063a\u0646\u064a \u0628\u062e\u0644\u0627\u0635\u0629 \u0627\u0644\u0632\u064a\u062a\u0648\u0646\u060c \u064a\u0647\u062f\u0626 \u0627\u0644\u0628\u0634\u0631\u0629 \u0627\u0644\u0639\u0627\u062f\u064a\u0629 \u0625\u0644\u0649 \u0627\u0644\u062c\u0627\u0641\u0629 \u0648\u064a\u0645\u0646\u062d\u0647\u0627 \u0634\u0639\u0648\u0631\u064b\u0627 \u0628\u0627\u0644\u0631\u0627\u062d\u0629. \u062a\u0631\u0643\u064a\u0628\u062a\u0647\u0627 \u0627\u0644\u062e\u0627\u0644\u064a\u0629 \u0645\u0646 \u0627\u0644\u0643\u0628\u0631\u064a\u062a\u0627\u062a \u062a\u0645\u0646\u062d \u0627\u0644\u0628\u0634\u0631\u0629 \u0634\u0639\u0648\u0631\u064b\u0627 \u0628\u0627\u0644\u0627\u0646\u062a\u0639\u0627\u0634 \u0648\u0627\u0644\u0646\u0638\u0627\u0641\u0629. \u2714 \u062a\u0646\u0638\u0641 \u0628\u0644\u0637\u0641\u060c \u0648\u062a\u0632\u064a\u0644 \u0627\u0644\u0645\u0643\u064a\u0627\u062c\u060c \u0648\u062a\u0647\u062f\u0626 \u0627\u0644\u0628\u0634\u0631\u0629. \u2714 98% \u0645\u0646 \u0623\u0635\u0644 \u0637\u0628\u064a\u0639\u064a\u060c \u062e\u0627\u0644\u064d \u0645\u0646 \u0627\u0644\u0643\u0628\u0631\u064a\u062a\u0627\u062a. \u2714 \u062a\u0645 \u0627\u062e\u062a\u0628\u0627\u0631\u0647 \u0645\u0646 \u0642\u0628\u0644 [&hellip;]<\/p>\n","protected":false},"featured_media":31175,"template":"","meta":[],"pwb-brand":[260],"product_brand":[],"product_cat":[1119],"product_tag":[],"class_list":{"0":"post-31174","1":"product","2":"type-product","3":"status-publish","4":"has-post-thumbnail","6":"pwb-brand-le-petit-olivier","7":"product_cat-face-wash","9":"first","10":"instock","11":"shipping-taxable","12":"purchasable","13":"product-type-variable","14":"has-default-attributes","15":"wvs-archive-product-wrapper"},"brands":[{"id":260,"name":"Le Petit Olivier","slug":"le-petit-olivier"}],"_links":{"self":[{"href":"https:\/\/gopinkish.com\/fr\/wp-json\/wp\/v2\/product\/31174","targetHints":{"allow":["GET"]}}],"collection":[{"href":"https:\/\/gopinkish.com\/fr\/wp-json\/wp\/v2\/product"}],"about":[{"href":"https:\/\/gopinkish.com\/fr\/wp-json\/wp\/v2\/types\/product"}],"wp:featuredmedia":[{"embeddable":true,"href":"https:\/\/gopinkish.com\/fr\/wp-json\/wp\/v2\/media\/31175"}],"wp:attachment":[{"href":"https:\/\/gopinkish.com\/fr\/wp-json\/wp\/v2\/media?parent=31174"}],"wp:term":[{"taxonomy":"pwb-brand","embeddable":true,"href":"https:\/\/gopinkish.com\/fr\/wp-json\/wp\/v2\/pwb-brand?post=31174"},{"taxonomy":"product_brand","embeddable":true,"href":"https:\/\/gopinkish.com\/fr\/wp-json\/wp\/v2\/product_brand?post=31174"},{"taxonomy":"product_cat","embeddable":true,"href":"https:\/\/gopinkish.com\/fr\/wp-json\/wp\/v2\/product_cat?post=31174"},{"taxonomy":"product_tag","embeddable":true,"href":"https:\/\/gopinkish.com\/fr\/wp-json\/wp\/v2\/product_tag?post=31174"}],"curies":[{"name":"wp","href":"https:\/\/api.w.org\/{rel}","templated":true}]}}