{"id":31159,"date":"2025-09-05T23:32:32","date_gmt":"2025-09-05T22:32:32","guid":{"rendered":"https:\/\/gopinkish.com\/?post_type=product&#038;p=31159"},"modified":"2026-03-16T12:02:42","modified_gmt":"2026-03-16T11:02:42","slug":"3549621011677","status":"publish","type":"product","link":"https:\/\/gopinkish.com\/fr\/produit\/3549621011677\/","title":{"rendered":"Cr\u00e8me hydratante pour les mains"},"content":{"rendered":"<p style=\"text-align: justify;\">La cr\u00e8me hydratante pour les mains Le Petit Olivier apaise les mains s\u00e8ches et tiraill\u00e9es. Enrichie en beurre de karit\u00e9 et sans silicone, elle p\u00e9n\u00e8tre rapidement sans laisser de film gras et laisse les mains douces et hydrat\u00e9es.<\/p>\n<p style=\"text-align: justify;\">\u2714 Hydrate en profondeur et soulage les tiraillements des mains.<br \/>\n\u2714 98% est d'origine naturelle, sans silicone.<br \/>\n\u2714 Test\u00e9 par des dermatologues, fabriqu\u00e9 en France, not\u00e9 100\/100 par le Yucca.<\/p>\n<p>La cr\u00e8me hydratante pour les mains \u00e0 l'huile d'olive Le Petit Olivier soulage les tiraillements et les sensations d'inconfort. Enrichie en beurre de karit\u00e9 et sans silicone, cette cr\u00e8me test\u00e9e sous contr\u00f4le dermatologique convient aux peaux s\u00e8ches.<\/p>\n<p><strong>Comment l'utiliser ?<\/strong> Appliquer une petite quantit\u00e9 de cr\u00e8me pour les mains sur des mains propres et s\u00e8ches. Masser.<\/p>\n<p><strong>R\u00e9sultats :<\/strong> Hydratez et prot\u00e9gez contre le dess\u00e8chement, vos mains sont douces et lisses.<\/p>\n<p dir=\"ltr\" style=\"text-align: center;\">\ud83c\uddec\ud83c\udde7 Le Petit Olivier Cr\u00e8me hydratante pour les mains - Huile d'olive<br \/>\n\ud83c\uddeb\ud83c\uddf7 Cr\u00e8me Mains Hydratante Le Petit Olivier - Huile d'Olive<\/p>\n<p>&nbsp;<\/p>","protected":false},"excerpt":{"rendered":"<p>\u0643\u0631\u064a\u0645 \u0644\u0648 \u0628\u0648\u062a\u064a \u0623\u0648\u0644\u064a\u0641\u064a\u064a\u0647 \u0627\u0644\u0645\u0631\u0637\u0628 \u0644\u0644\u064a\u062f\u064a\u0646 \u064a\u064f\u0647\u062f\u0626 \u062c\u0641\u0627\u0641 \u0627\u0644\u064a\u062f\u064a\u0646 \u0648\u0634\u062f\u0647\u0645\u0627. \u063a\u0646\u064a \u0628\u0632\u0628\u062f\u0629 \u0627\u0644\u0634\u064a\u0627\u060c \u0648\u062a\u0631\u0643\u064a\u0628\u062a\u0647 \u062e\u0627\u0644\u064a\u0629 \u0645\u0646 \u0627\u0644\u0633\u064a\u0644\u064a\u0643\u0648\u0646\u060c \u064a\u064f\u0645\u062a\u0635 \u0628\u0633\u0631\u0639\u0629 \u062f\u0648\u0646 \u0623\u0646 \u064a\u062a\u0631\u0643 \u0637\u0628\u0642\u0629 \u062f\u0647\u0646\u064a\u0629\u060c \u0644\u064a\u0645\u0646\u062d\u0643\u0650 \u064a\u062f\u064a\u0646 \u0646\u0627\u0639\u0645\u062a\u064a\u0646 \u0648\u0631\u0637\u0628\u062a\u064a\u0646. \u2714 \u064a\u064f\u0631\u0637\u0628 \u0628\u0639\u0645\u0642\u060c \u0648\u064a\u064f\u062e\u0641\u0641 \u0634\u062f \u0627\u0644\u064a\u062f\u064a\u0646. \u2714 98% \u0645\u0646 \u0623\u0635\u0644 \u0637\u0628\u064a\u0639\u064a\u060c \u062e\u0627\u0644\u064d \u0645\u0646 \u0627\u0644\u0633\u064a\u0644\u064a\u0643\u0648\u0646. \u2714 \u062a\u0645 \u0627\u062e\u062a\u0628\u0627\u0631\u0647 \u0645\u0646 \u0642\u0628\u0644 \u0623\u0637\u0628\u0627\u0621 \u0627\u0644\u062c\u0644\u062f\u064a\u0629\u060c \u0635\u0646\u0639 \u0641\u064a \u0641\u0631\u0646\u0633\u0627\u060c \u062d\u0627\u0635\u0644 \u0639\u0644\u0649 \u062a\u0642\u064a\u064a\u0645 [&hellip;]<\/p>\n","protected":false},"featured_media":31165,"template":"","meta":[],"pwb-brand":[260],"product_brand":[],"product_cat":[1139],"product_tag":[],"class_list":{"0":"post-31159","1":"product","2":"type-product","3":"status-publish","4":"has-post-thumbnail","6":"pwb-brand-le-petit-olivier","7":"product_cat-hands-care","9":"first","10":"outofstock","11":"shipping-taxable","12":"product-type-variable","13":"has-default-attributes","14":"wvs-archive-product-wrapper"},"brands":[{"id":260,"name":"Le Petit Olivier","slug":"le-petit-olivier"}],"_links":{"self":[{"href":"https:\/\/gopinkish.com\/fr\/wp-json\/wp\/v2\/product\/31159","targetHints":{"allow":["GET"]}}],"collection":[{"href":"https:\/\/gopinkish.com\/fr\/wp-json\/wp\/v2\/product"}],"about":[{"href":"https:\/\/gopinkish.com\/fr\/wp-json\/wp\/v2\/types\/product"}],"wp:featuredmedia":[{"embeddable":true,"href":"https:\/\/gopinkish.com\/fr\/wp-json\/wp\/v2\/media\/31165"}],"wp:attachment":[{"href":"https:\/\/gopinkish.com\/fr\/wp-json\/wp\/v2\/media?parent=31159"}],"wp:term":[{"taxonomy":"pwb-brand","embeddable":true,"href":"https:\/\/gopinkish.com\/fr\/wp-json\/wp\/v2\/pwb-brand?post=31159"},{"taxonomy":"product_brand","embeddable":true,"href":"https:\/\/gopinkish.com\/fr\/wp-json\/wp\/v2\/product_brand?post=31159"},{"taxonomy":"product_cat","embeddable":true,"href":"https:\/\/gopinkish.com\/fr\/wp-json\/wp\/v2\/product_cat?post=31159"},{"taxonomy":"product_tag","embeddable":true,"href":"https:\/\/gopinkish.com\/fr\/wp-json\/wp\/v2\/product_tag?post=31159"}],"curies":[{"name":"wp","href":"https:\/\/api.w.org\/{rel}","templated":true}]}}