{"id":31135,"date":"2025-09-01T19:19:07","date_gmt":"2025-09-01T18:19:07","guid":{"rendered":"https:\/\/gopinkish.com\/?post_type=product&#038;p=31135"},"modified":"2025-12-17T09:15:40","modified_gmt":"2025-12-17T08:15:40","slug":"3600523741878","status":"publish","type":"product","link":"https:\/\/gopinkish.com\/fr\/produit\/3600523741878\/","title":{"rendered":"Apr\u00e8s-shampooing pour r\u00e9g\u00e9n\u00e9rer les cheveux longs ab\u00eem\u00e9s et pr\u00e9venir les cassures"},"content":{"rendered":"<p style=\"text-align: justify;\">\u0647\u0644 \u062a\u0631\u063a\u0628\u064a\u0646 \u0628\u0634\u0639\u0631 \u0637\u0648\u064a\u0644 \u0648\u0635\u062d\u064a \u0648\u0642\u0648\u064a \u0628\u062f\u0648\u0646 \u0623\u0637\u0631\u0627\u0641 \u0645\u062a\u0642\u0635\u0641\u0629\u061f \u0628\u0644\u0633\u0645 \u0625\u0644\u0633\u064a\u0641 \u062f\u0631\u064a\u0645 \u0644\u0648\u0646\u063a \u0645\u0646 \u0644\u0648\u0631\u064a\u0627\u0644 \u0628\u0627\u0631\u064a\u0633 \u0645\u064f\u0635\u0645\u0645 \u062e\u0635\u064a\u0635\u064b\u0627 \u0644\u062a\u062c\u062f\u064a\u062f \u0627\u0644\u0634\u0639\u0631 \u0627\u0644\u062a\u0627\u0644\u0641 \u0648\u0645\u0646\u0639 \u062a\u0643\u0633\u0631\u0647. \u0628\u0641\u0636\u0644 \u062a\u0631\u0643\u064a\u0628\u062a\u0647 \u0627\u0644\u0641\u0631\u064a\u062f\u0629 \u0645\u0646 \u0627\u0644\u0643\u064a\u0631\u0627\u062a\u064a\u0646 \u0627\u0644\u0646\u0628\u0627\u062a\u064a \u0648\u0627\u0644\u0641\u064a\u062a\u0627\u0645\u064a\u0646\u0627\u062a \u0648\u0632\u064a\u062a \u0627\u0644\u062e\u0631\u0648\u0639\u060c \u064a\u064f\u063a\u0630\u064a \u0627\u0644\u0634\u0639\u0631 \u0628\u0643\u062b\u0627\u0641\u0629\u060c \u0648\u064a\u064f\u0633\u0647\u0651\u0644 \u062a\u0645\u0634\u064a\u0637\u0647 \u0648\u064a\u0645\u0646\u062d\u0647 \u0644\u0645\u0639\u0627\u0646\u064b\u0627 \u0637\u0628\u064a\u0639\u064a\u064b\u0627.<\/p>\n<p style=\"text-align: justify;\">\u064a\u064f\u062c\u062f\u062f \u0623\u0644\u064a\u0627\u0641 \u0627\u0644\u0634\u0639\u0631 \u0648\u064a\u064f\u0642\u0648\u064a \u0627\u0644\u0623\u0637\u0631\u0627\u0641 \u0627\u0644\u0645\u062a\u0642\u0635\u0641\u0629<\/p>\n<p style=\"text-align: justify;\">\u064a\u0645\u0646\u0639 \u062a\u0643\u0633\u0631 \u0627\u0644\u0634\u0639\u0631 \u0648\u062a\u0642\u0635\u0641 \u0623\u0637\u0631\u0627\u0641\u0647<\/p>\n<p style=\"text-align: justify;\">\u064a\u064f\u0633\u0647\u0651\u0644 \u062a\u0645\u0634\u064a\u0637\u0647 \u0648\u064a\u062a\u0631\u0643\u0647 \u0646\u0627\u0639\u0645\u064b\u0627 \u0648\u0623\u0645\u0644\u0633\u064b\u0627<\/p>\n<p style=\"text-align: justify;\"><strong>Les ingr\u00e9dients actifs :<\/strong><\/p>\n<p style=\"text-align: justify;\">\u0627\u0644\u0643\u064a\u0631\u0627\u062a\u064a\u0646 \u0627\u0644\u0646\u0628\u0627\u062a\u064a &#8211; \u064a\u064f\u0642\u0648\u064a \u0627\u0644\u0634\u0639\u0631 \u0645\u0646 \u0627\u0644\u062c\u0630\u0648\u0631 \u0625\u0644\u0649 \u0627\u0644\u0623\u0637\u0631\u0627\u0641<\/p>\n<p style=\"text-align: justify;\">\u0627\u0644\u0641\u064a\u062a\u0627\u0645\u064a\u0646\u0627\u062a &#8211; \u062a\u064f\u063a\u0630\u064a \u0627\u0644\u0634\u0639\u0631 \u0648\u062a\u0645\u0646\u062d\u0647 \u0627\u0644\u062d\u064a\u0648\u064a\u0629<\/p>\n<p style=\"text-align: justify;\">\u0632\u064a\u062a \u0627\u0644\u062e\u0631\u0648\u0639 &#8211; \u064a\u064f\u062f\u0639\u0645 \u0646\u0645\u0648 \u0627\u0644\u0634\u0639\u0631 \u0648\u064a\u0636\u0645\u0646 \u0644\u0645\u0639\u0627\u0646\u0647 \u0627\u0644\u0637\u0628\u064a\u0639\u064a<\/p>\n<p style=\"text-align: justify;\">\u0628\u0644\u0633\u0645 \u0625\u0644\u0633\u064a\u0641 \u062f\u0631\u064a\u0645 \u0644\u0648\u0646\u063a \u0645\u0646 \u0644\u0648\u0631\u064a\u0627\u0644 \u0628\u0627\u0631\u064a\u0633 \u0647\u0648 \u0627\u0644\u062e\u064a\u0627\u0631 \u0627\u0644\u0623\u0645\u062b\u0644 \u0644\u062c\u0645\u064a\u0639 \u0627\u0644\u0646\u0633\u0627\u0621 \u0627\u0644\u0644\u0648\u0627\u062a\u064a \u064a\u0631\u063a\u0628\u0646 \u0628\u0634\u0639\u0631 \u0637\u0648\u064a\u0644 \u0648\u0642\u0648\u064a \u0648\u0635\u062d\u064a \u0627\u0644\u0645\u0638\u0647\u0631 \u0628\u062f\u0648\u0646 \u0623\u064a \u062a\u0646\u0627\u0632\u0644\u0627\u062a.<\/p>\n<p style=\"text-align: justify;\"><strong>Comment l'utiliser ?<\/strong> \u064a\u064f\u0648\u0636\u0639 \u0639\u0644\u0649 \u0627\u0644\u0634\u0639\u0631 \u0627\u0644\u0645\u063a\u0633\u0648\u0644 \u062b\u0645 \u064a\u064f\u0634\u0637\u0641.<\/p>\n<p dir=\"ltr\" style=\"text-align: center;\">\ud83c\uddec\ud83c\udde7 L'Or\u00e9al Paris Elvive Dream Long Restoring Conditioner<br \/>\n\ud83c\uddeb\ud83c\uddf7 Apr\u00e8s-Shampooing R\u00e9parateur L\u2019Or\u00e9al Paris Elvive Dream Long<\/p>","protected":false},"excerpt":{"rendered":"<p>\u0647\u0644 \u062a\u0631\u063a\u0628\u064a\u0646 \u0628\u0634\u0639\u0631 \u0637\u0648\u064a\u0644 \u0648\u0635\u062d\u064a \u0648\u0642\u0648\u064a \u0628\u062f\u0648\u0646 \u0623\u0637\u0631\u0627\u0641 \u0645\u062a\u0642\u0635\u0641\u0629\u061f \u0628\u0644\u0633\u0645 \u0625\u0644\u0633\u064a\u0641 \u062f\u0631\u064a\u0645 \u0644\u0648\u0646\u063a \u0645\u0646 \u0644\u0648\u0631\u064a\u0627\u0644 \u0628\u0627\u0631\u064a\u0633 \u0645\u064f\u0635\u0645\u0645 \u062e\u0635\u064a\u0635\u064b\u0627 \u0644\u062a\u062c\u062f\u064a\u062f \u0627\u0644\u0634\u0639\u0631 \u0627\u0644\u062a\u0627\u0644\u0641 \u0648\u0645\u0646\u0639 \u062a\u0643\u0633\u0631\u0647. \u0628\u0641\u0636\u0644 \u062a\u0631\u0643\u064a\u0628\u062a\u0647 \u0627\u0644\u0641\u0631\u064a\u062f\u0629 \u0645\u0646 \u0627\u0644\u0643\u064a\u0631\u0627\u062a\u064a\u0646 \u0627\u0644\u0646\u0628\u0627\u062a\u064a \u0648\u0627\u0644\u0641\u064a\u062a\u0627\u0645\u064a\u0646\u0627\u062a \u0648\u0632\u064a\u062a \u0627\u0644\u062e\u0631\u0648\u0639\u060c \u064a\u064f\u063a\u0630\u064a \u0627\u0644\u0634\u0639\u0631 \u0628\u0643\u062b\u0627\u0641\u0629\u060c \u0648\u064a\u064f\u0633\u0647\u0651\u0644 \u062a\u0645\u0634\u064a\u0637\u0647 \u0648\u064a\u0645\u0646\u062d\u0647 \u0644\u0645\u0639\u0627\u0646\u064b\u0627 \u0637\u0628\u064a\u0639\u064a\u064b\u0627. \u064a\u064f\u062c\u062f\u062f \u0623\u0644\u064a\u0627\u0641 \u0627\u0644\u0634\u0639\u0631 \u0648\u064a\u064f\u0642\u0648\u064a \u0627\u0644\u0623\u0637\u0631\u0627\u0641 \u0627\u0644\u0645\u062a\u0642\u0635\u0641\u0629 \u064a\u0645\u0646\u0639 \u062a\u0643\u0633\u0631 \u0627\u0644\u0634\u0639\u0631 \u0648\u062a\u0642\u0635\u0641 \u0623\u0637\u0631\u0627\u0641\u0647 \u064a\u064f\u0633\u0647\u0651\u0644 \u062a\u0645\u0634\u064a\u0637\u0647 \u0648\u064a\u062a\u0631\u0643\u0647 \u0646\u0627\u0639\u0645\u064b\u0627 [&hellip;]<\/p>\n","protected":false},"featured_media":31136,"template":"","meta":[],"pwb-brand":[239],"product_brand":[],"product_cat":[1149],"product_tag":[677,1035],"class_list":{"0":"post-31135","1":"product","2":"type-product","3":"status-publish","4":"has-post-thumbnail","6":"pwb-brand-loreal","7":"product_cat-hair-cond","8":"product_tag-brokenhair","9":"product_tag-1035","11":"first","12":"outofstock","13":"shipping-taxable","14":"product-type-variable","15":"has-default-attributes","16":"wvs-archive-product-wrapper"},"brands":[{"id":239,"name":"L'Or\u00e9al Paris","slug":"loreal"}],"_links":{"self":[{"href":"https:\/\/gopinkish.com\/fr\/wp-json\/wp\/v2\/product\/31135","targetHints":{"allow":["GET"]}}],"collection":[{"href":"https:\/\/gopinkish.com\/fr\/wp-json\/wp\/v2\/product"}],"about":[{"href":"https:\/\/gopinkish.com\/fr\/wp-json\/wp\/v2\/types\/product"}],"wp:featuredmedia":[{"embeddable":true,"href":"https:\/\/gopinkish.com\/fr\/wp-json\/wp\/v2\/media\/31136"}],"wp:attachment":[{"href":"https:\/\/gopinkish.com\/fr\/wp-json\/wp\/v2\/media?parent=31135"}],"wp:term":[{"taxonomy":"pwb-brand","embeddable":true,"href":"https:\/\/gopinkish.com\/fr\/wp-json\/wp\/v2\/pwb-brand?post=31135"},{"taxonomy":"product_brand","embeddable":true,"href":"https:\/\/gopinkish.com\/fr\/wp-json\/wp\/v2\/product_brand?post=31135"},{"taxonomy":"product_cat","embeddable":true,"href":"https:\/\/gopinkish.com\/fr\/wp-json\/wp\/v2\/product_cat?post=31135"},{"taxonomy":"product_tag","embeddable":true,"href":"https:\/\/gopinkish.com\/fr\/wp-json\/wp\/v2\/product_tag?post=31135"}],"curies":[{"name":"wp","href":"https:\/\/api.w.org\/{rel}","templated":true}]}}