{"id":31038,"date":"2025-09-15T01:59:19","date_gmt":"2025-09-15T00:59:19","guid":{"rendered":"https:\/\/gopinkish.com\/?post_type=product&#038;p=31038"},"modified":"2026-04-21T16:11:01","modified_gmt":"2026-04-21T15:11:01","slug":"5021044128562","status":"publish","type":"product","link":"https:\/\/gopinkish.com\/fr\/produit\/5021044128562\/","title":{"rendered":"Fond de teint hydratant pour peaux s\u00e8ches avec SPF18"},"content":{"rendered":"<p style=\"text-align: justify;\">Le fond de teint Fit Me\u00ae Dewy + Smooth est un fond de teint ros\u00e9 pour les peaux s\u00e8ches qui hydrate les zones rugueuses et donne \u00e0 la peau un aspect de maquillage ros\u00e9 et un fini naturellement lumineux. Il hydrate et lisse la texture de la peau et la prot\u00e8ge gr\u00e2ce au SPF 18.<\/p>\n<p style=\"text-align: justify;\"><strong>Avantages :\u00a0<\/strong><br \/>\nId\u00e9al pour les peaux normales \u00e0 s\u00e8ches, ce fond de teint hydratant \u00e0 couvrance moyenne hydrate et lisse la texture de la peau, lui donnant un aspect naturel et radieux. Ce fond de teint hydratant prot\u00e8ge la peau gr\u00e2ce au SPF 18. Test\u00e9 par des dermatologues, ce fond de teint ros\u00e9 \u00e0 couvrance moyenne est hypoallerg\u00e9nique et non com\u00e9dog\u00e8ne.<\/p>\n<p dir=\"ltr\" style=\"text-align: center;\">\ud83c\uddec\ud83c\udde7 Fond de teint Maybelline Fit Me Matte + Poreless<br \/>\n\ud83c\uddeb\ud83c\uddf7 Fond de Teint Maybelline Fit Me Matte + Poreless<\/p>","protected":false},"excerpt":{"rendered":"<p>\u0643\u0631\u064a\u0645 \u0623\u0633\u0627\u0633 Fit Me\u00ae Dewy + Smooth \u0647\u0648 \u0643\u0631\u064a\u0645 \u0623\u0633\u0627\u0633 \u0646\u062f\u064a \u0644\u0644\u0628\u0634\u0631\u0629 \u0627\u0644\u062c\u0627\u0641\u0629 \u064a\u0631\u0637\u0628 \u0627\u0644\u0645\u0646\u0627\u0637\u0642 \u0627\u0644\u062e\u0634\u0646\u0629 \u0648\u064a\u062a\u0631\u0643 \u0627\u0644\u0628\u0634\u0631\u0629 \u0628\u0645\u0638\u0647\u0631 \u0645\u0643\u064a\u0627\u062c \u0646\u062f\u064a \u0648\u0646\u0647\u0627\u064a\u0629 \u0645\u0636\u064a\u0626\u0629 \u0628\u0634\u0643\u0644 \u0637\u0628\u064a\u0639\u064a. \u064a\u0631\u0637\u0628 \u0648\u064a\u0646\u0639\u0645 \u0645\u0644\u0645\u0633 \u0627\u0644\u0628\u0634\u0631\u0629 \u0648\u064a\u062d\u0645\u064a\u0647\u0627 \u0628\u0639\u0627\u0645\u0644 \u062d\u0645\u0627\u064a\u0629 \u0645\u0646 \u0627\u0644\u0634\u0645\u0633 SPF 18. \u0627\u0644\u0641\u0648\u0627\u0626\u062f :\u00a0 \u0645\u062b\u0627\u0644\u064a \u0644\u0644\u0628\u0634\u0631\u0629 \u0627\u0644\u0639\u0627\u062f\u064a\u0629 \u0625\u0644\u0649 \u0627\u0644\u062c\u0627\u0641\u0629\u060c \u0647\u0630\u0627 \u0643\u0631\u064a\u0645 \u0623\u0633\u0627\u0633 \u0645\u0631\u0637\u0628 \u0630\u0648 \u062a\u063a\u0637\u064a\u0629 \u0645\u062a\u0648\u0633\u0637\u0629 \u0648\u0646\u062f\u064a\u0629 \u064a\u064f\u0631\u0637\u0628 \u0648\u064a\u064f\u0646\u0639\u0645 \u0645\u0644\u0645\u0633 \u0627\u0644\u0628\u0634\u0631\u0629\u060c [&hellip;]<\/p>\n","protected":false},"featured_media":31055,"template":"","meta":[],"pwb-brand":[238],"product_brand":[],"product_cat":[1175],"product_tag":[],"class_list":{"0":"post-31038","1":"product","2":"type-product","3":"status-publish","4":"has-post-thumbnail","6":"pwb-brand-maybelline-new-york","7":"product_cat-foundation-makeup","9":"first","10":"instock","11":"shipping-taxable","12":"purchasable","13":"product-type-variable","14":"has-default-attributes","15":"wvs-archive-product-wrapper"},"brands":[{"id":238,"name":"Maybelline New York","slug":"maybelline-new-york"}],"_links":{"self":[{"href":"https:\/\/gopinkish.com\/fr\/wp-json\/wp\/v2\/product\/31038","targetHints":{"allow":["GET"]}}],"collection":[{"href":"https:\/\/gopinkish.com\/fr\/wp-json\/wp\/v2\/product"}],"about":[{"href":"https:\/\/gopinkish.com\/fr\/wp-json\/wp\/v2\/types\/product"}],"wp:featuredmedia":[{"embeddable":true,"href":"https:\/\/gopinkish.com\/fr\/wp-json\/wp\/v2\/media\/31055"}],"wp:attachment":[{"href":"https:\/\/gopinkish.com\/fr\/wp-json\/wp\/v2\/media?parent=31038"}],"wp:term":[{"taxonomy":"pwb-brand","embeddable":true,"href":"https:\/\/gopinkish.com\/fr\/wp-json\/wp\/v2\/pwb-brand?post=31038"},{"taxonomy":"product_brand","embeddable":true,"href":"https:\/\/gopinkish.com\/fr\/wp-json\/wp\/v2\/product_brand?post=31038"},{"taxonomy":"product_cat","embeddable":true,"href":"https:\/\/gopinkish.com\/fr\/wp-json\/wp\/v2\/product_cat?post=31038"},{"taxonomy":"product_tag","embeddable":true,"href":"https:\/\/gopinkish.com\/fr\/wp-json\/wp\/v2\/product_tag?post=31038"}],"curies":[{"name":"wp","href":"https:\/\/api.w.org\/{rel}","templated":true}]}}