{"id":31031,"date":"2025-09-10T01:21:16","date_gmt":"2025-09-10T00:21:16","guid":{"rendered":"https:\/\/gopinkish.com\/?post_type=product&#038;p=31031"},"modified":"2026-03-02T16:24:15","modified_gmt":"2026-03-02T15:24:15","slug":"7702018980833","status":"publish","type":"product","link":"https:\/\/gopinkish.com\/fr\/produit\/7702018980833\/","title":{"rendered":"Gel de rasage doux hydratant au beurre de cacao - Homme"},"content":{"rendered":"<p style=\"text-align: justify;\">Obtenez un rasage super doux avec le gel de rasage hydratant pour hommes Gillette Series. La formule \u00e0 triple action, avec du beurre de cacao, apaise la peau pour un rasage frais et confortable, hydrate pendant le rasage et aide \u00e0 prot\u00e9ger contre l'irritation. Contient de la glyc\u00e9rine pour pr\u00e9server l'hydratation naturelle de la peau.<\/p>\n<p style=\"text-align: justify;\">- Gel de rasage pour un rasage tout en douceur<br \/>\n- Formule triple action : Apaise, hydrate, prot\u00e8ge<br \/>\n- Maintient l'hydratation naturelle de la peau<br \/>\n- Con\u00e7u avec du beurre de cacao<\/p>\n<p style=\"text-align: justify;\"><strong>Comment l'utiliser ? <\/strong>Appliquer sur le visage et le cou. Masser jusqu'\u00e0 l'obtention d'une mousse abondante. Apr\u00e8s le rasage, rincer abondamment. \u00c9viter le contact avec les yeux.<\/p>\n<p dir=\"ltr\" style=\"text-align: center;\">\ud83c\uddec\ud83c\udde7 Gillette Series Gel de Rasage Hydratant - Avec Beurre de Cacao<br \/>\n\ud83c\uddeb\ud83c\uddf7 Gel \u00e0 Raser Hydratant Gillette Series - \u00c0 la Beurre de Cacao<\/p>","protected":false},"excerpt":{"rendered":"<p>\u0627\u062d\u0635\u0644 \u0639\u0644\u0649 \u062d\u0644\u0627\u0642\u0629 \u0646\u0627\u0639\u0645\u0629 \u0644\u0644\u063a\u0627\u064a\u0629 \u0645\u0639 \u062c\u0644 \u0627\u0644\u062d\u0644\u0627\u0642\u0629 \u0627\u0644\u0645\u0631\u0637\u0628 \u0644\u0644\u0631\u062c\u0627\u0644 \u0645\u0646 \u062c\u064a\u0644\u064a\u062a \u0633\u064a\u0631\u064a\u0632. \u062a\u0631\u0643\u064a\u0628\u0629 \u062b\u0644\u0627\u062b\u064a\u0629 \u0627\u0644\u0645\u0641\u0639\u0648\u0644\u060c \u0645\u0639 \u0632\u0628\u062f\u0629 \u0627\u0644\u0643\u0627\u0643\u0627\u0648\u060c \u062a\u064f\u0647\u062f\u0626 \u0627\u0644\u0628\u0634\u0631\u0629 \u0644\u062d\u0644\u0627\u0642\u0629 \u0628\u0627\u0631\u062f\u0629 \u0648\u0645\u0631\u064a\u062d\u0629\u060c \u0648\u062a\u064f\u0631\u0637\u0628\u0647\u0627 \u0623\u062b\u0646\u0627\u0621 \u0627\u0644\u062d\u0644\u0627\u0642\u0629\u060c \u0648\u062a\u064f\u0633\u0627\u0639\u062f \u0639\u0644\u0649 \u062d\u0645\u0627\u064a\u062a\u0647\u0627 \u0645\u0646 \u0627\u0644\u062a\u0647\u064a\u062c. \u064a\u062d\u062a\u0648\u064a \u0639\u0644\u0649 \u0627\u0644\u062c\u0644\u0633\u0631\u064a\u0646 \u0644\u0644\u062d\u0641\u0627\u0638 \u0639\u0644\u0649 \u0631\u0637\u0648\u0628\u0629 \u0627\u0644\u0628\u0634\u0631\u0629 \u0627\u0644\u0637\u0628\u064a\u0639\u064a\u0629. &#8211; \u062c\u0644 \u062d\u0644\u0627\u0642\u0629 \u0644\u062d\u0644\u0627\u0642\u0629 \u0646\u0627\u0639\u0645\u0629 \u0644\u0644\u063a\u0627\u064a\u0629 &#8211; \u064a\u062a\u0645\u064a\u0632 \u0628\u062a\u0631\u0643\u064a\u0628\u0629 \u062b\u0644\u0627\u062b\u064a\u0629 \u0627\u0644\u0645\u0641\u0639\u0648\u0644: \u062a\u064f\u0647\u062f\u0626\u060c \u062a\u064f\u0631\u0637\u0628\u060c \u062a\u062d\u0645\u064a &#8211; [&hellip;]<\/p>\n","protected":false},"featured_media":31036,"template":"","meta":[],"pwb-brand":[457],"product_brand":[],"product_cat":[1232],"product_tag":[1054],"class_list":{"0":"post-31031","1":"product","2":"type-product","3":"status-publish","4":"has-post-thumbnail","6":"pwb-brand-gillette","7":"product_cat-epilation","8":"product_tag-1054","10":"first","11":"instock","12":"shipping-taxable","13":"purchasable","14":"product-type-variable","15":"has-default-attributes","16":"wvs-archive-product-wrapper"},"brands":[{"id":457,"name":"Gillette","slug":"gillette"}],"_links":{"self":[{"href":"https:\/\/gopinkish.com\/fr\/wp-json\/wp\/v2\/product\/31031","targetHints":{"allow":["GET"]}}],"collection":[{"href":"https:\/\/gopinkish.com\/fr\/wp-json\/wp\/v2\/product"}],"about":[{"href":"https:\/\/gopinkish.com\/fr\/wp-json\/wp\/v2\/types\/product"}],"wp:featuredmedia":[{"embeddable":true,"href":"https:\/\/gopinkish.com\/fr\/wp-json\/wp\/v2\/media\/31036"}],"wp:attachment":[{"href":"https:\/\/gopinkish.com\/fr\/wp-json\/wp\/v2\/media?parent=31031"}],"wp:term":[{"taxonomy":"pwb-brand","embeddable":true,"href":"https:\/\/gopinkish.com\/fr\/wp-json\/wp\/v2\/pwb-brand?post=31031"},{"taxonomy":"product_brand","embeddable":true,"href":"https:\/\/gopinkish.com\/fr\/wp-json\/wp\/v2\/product_brand?post=31031"},{"taxonomy":"product_cat","embeddable":true,"href":"https:\/\/gopinkish.com\/fr\/wp-json\/wp\/v2\/product_cat?post=31031"},{"taxonomy":"product_tag","embeddable":true,"href":"https:\/\/gopinkish.com\/fr\/wp-json\/wp\/v2\/product_tag?post=31031"}],"curies":[{"name":"wp","href":"https:\/\/api.w.org\/{rel}","templated":true}]}}