{"id":30992,"date":"2025-09-01T22:17:33","date_gmt":"2025-09-01T21:17:33","guid":{"rendered":"https:\/\/gopinkish.com\/?post_type=product&#038;p=30992"},"modified":"2026-04-04T14:54:51","modified_gmt":"2026-04-04T13:54:51","slug":"4059729327024","status":"publish","type":"product","link":"https:\/\/gopinkish.com\/fr\/produit\/4059729327024\/","title":{"rendered":"Mascara volumateur et recourbant"},"content":{"rendered":"<p style=\"text-align: justify;\">Le mascara volumateur Lash Princess Lash est un mascara qui attire l'attention par son design unique et sa couleur rose. Sa brosse en forme de cacahu\u00e8te est le point fort de ce mascara. Ressemblant \u00e0 la forme d'une cacahu\u00e8te, la brosse fibreuse est plus \u00e9troite au centre et plus large aux extr\u00e9mit\u00e9s. Cela donne aux cils des coins externes et internes de l'\u0153il un aspect plus volumineux, leur conf\u00e9rant une courbure et un volume parfaits.<\/p>","protected":false},"excerpt":{"rendered":"<p>\u0645\u0627\u0633\u0643\u0627\u0631\u0627 \u0644\u0627\u0634 \u0628\u0631\u064a\u0646\u0633\u064a\u0633 \u0644\u062a\u0643\u062b\u064a\u0641 \u0627\u0644\u0631\u0645\u0648\u0634 \u062a\u062e\u0637\u0641 \u0627\u0644\u0623\u0646\u0638\u0627\u0631 \u0628\u062a\u0635\u0645\u064a\u0645\u0647\u0627 \u0627\u0644\u0641\u0631\u064a\u062f \u0648\u0644\u0648\u0646\u0647\u0627 \u0627\u0644\u0648\u0631\u062f\u064a \u0627\u0644\u062c\u0630\u0627\u0628. \u0648\u0623\u0628\u0631\u0632 \u0645\u0627 \u064a\u0645\u064a\u0632\u0647\u0627 \u0647\u0648 \u0641\u0631\u0634\u0627\u062a\u0647\u0627 \u0627\u0644\u0645\u0635\u0645\u0645\u0629 \u0639\u0644\u0649 \u0634\u0643\u0644 \u062d\u0628\u0629 \u0627\u0644\u0641\u0648\u0644 \u0627\u0644\u0633\u0648\u062f\u0627\u0646\u064a. \u062a\u0634\u0628\u0647 \u0647\u0630\u0647 \u0627\u0644\u0641\u0631\u0634\u0627\u0629 \u0634\u0643\u0644 \u062d\u0628\u0629 \u0627\u0644\u0641\u0648\u0644 \u0627\u0644\u0633\u0648\u062f\u0627\u0646\u064a\u060c \u062d\u064a\u062b \u062a\u0643\u0648\u0646 \u0627\u0644\u0641\u0631\u0634\u0627\u0629 \u0627\u0644\u0644\u064a\u0641\u064a\u0629 \u0636\u064a\u0642\u0629 \u0641\u064a \u0627\u0644\u0645\u0646\u062a\u0635\u0641 \u0648\u0623\u0648\u0633\u0639 \u0641\u064a \u0627\u0644\u0623\u0637\u0631\u0627\u0641. \u0647\u0630\u0627 \u064a\u0645\u0646\u062d \u0627\u0644\u0631\u0645\u0648\u0634 \u0641\u064a \u0627\u0644\u0632\u0648\u0627\u064a\u0627 \u0627\u0644\u062e\u0627\u0631\u062c\u064a\u0629 \u0648\u0627\u0644\u062f\u0627\u062e\u0644\u064a\u0629 \u0644\u0644\u0639\u064a\u0646 \u0645\u0638\u0647\u0631\u0627\u064b \u0623\u0643\u062b\u0631 \u0643\u062b\u0627\u0641\u0629\u060c \u0645\u0645\u0627 \u064a\u0645\u0646\u062d\u0647\u0627 \u062a\u062c\u0639\u064a\u062f\u0627\u064b \u0645\u062b\u0627\u0644\u064a\u0627\u064b [&hellip;]<\/p>\n","protected":false},"featured_media":31001,"template":"","meta":[],"pwb-brand":[237],"product_brand":[],"product_cat":[1189],"product_tag":[],"class_list":{"0":"post-30992","1":"product","2":"type-product","3":"status-publish","4":"has-post-thumbnail","6":"pwb-brand-essence","7":"product_cat-eyes-mascara","9":"first","10":"instock","11":"shipping-taxable","12":"purchasable","13":"product-type-variable","14":"has-default-attributes","15":"wvs-archive-product-wrapper"},"brands":[{"id":237,"name":"Essence","slug":"essence"}],"_links":{"self":[{"href":"https:\/\/gopinkish.com\/fr\/wp-json\/wp\/v2\/product\/30992","targetHints":{"allow":["GET"]}}],"collection":[{"href":"https:\/\/gopinkish.com\/fr\/wp-json\/wp\/v2\/product"}],"about":[{"href":"https:\/\/gopinkish.com\/fr\/wp-json\/wp\/v2\/types\/product"}],"wp:featuredmedia":[{"embeddable":true,"href":"https:\/\/gopinkish.com\/fr\/wp-json\/wp\/v2\/media\/31001"}],"wp:attachment":[{"href":"https:\/\/gopinkish.com\/fr\/wp-json\/wp\/v2\/media?parent=30992"}],"wp:term":[{"taxonomy":"pwb-brand","embeddable":true,"href":"https:\/\/gopinkish.com\/fr\/wp-json\/wp\/v2\/pwb-brand?post=30992"},{"taxonomy":"product_brand","embeddable":true,"href":"https:\/\/gopinkish.com\/fr\/wp-json\/wp\/v2\/product_brand?post=30992"},{"taxonomy":"product_cat","embeddable":true,"href":"https:\/\/gopinkish.com\/fr\/wp-json\/wp\/v2\/product_cat?post=30992"},{"taxonomy":"product_tag","embeddable":true,"href":"https:\/\/gopinkish.com\/fr\/wp-json\/wp\/v2\/product_tag?post=30992"}],"curies":[{"name":"wp","href":"https:\/\/api.w.org\/{rel}","templated":true}]}}