{"id":30969,"date":"2025-09-14T20:36:31","date_gmt":"2025-09-14T19:36:31","guid":{"rendered":"https:\/\/gopinkish.com\/?post_type=product&#038;p=30969"},"modified":"2026-05-03T13:58:00","modified_gmt":"2026-05-03T12:58:00","slug":"6973474683700","status":"publish","type":"product","link":"https:\/\/gopinkish.com\/fr\/produit\/6973474683700\/","title":{"rendered":"Colorant et hydratant naturel pour les l\u00e8vres et les joues"},"content":{"rendered":"<p style=\"text-align: justify;\">Votre couleur naturelle pour les l\u00e8vres, mais en mieux ! Ce rouge \u00e0 joues et \u00e0 l\u00e8vres liquide, facile \u00e0 appliquer, vous donne un aspect naturel qui ne s'estompe pas apr\u00e8s une longue journ\u00e9e ! Formul\u00e9 avec du hyaluronate de sodium et de l'extrait de fucus, il hydrate \u00e9galement votre peau pour vous donner des joues et des l\u00e8vres roses et rebondies !<\/p>\n<p dir=\"ltr\" style=\"text-align: center;\">\ud83c\uddec\ud83c\udde7 SHEGLAM Pour la teinte des l\u00e8vres et des joues Flush<br \/>\n\ud83c\uddeb\ud83c\uddf7 Encre L\u00e8vres &amp; Joues SHEGLAM For The Flush<\/p>","protected":false},"excerpt":{"rendered":"<p>\u0644\u0648\u0646 \u0634\u0641\u0627\u0647\u0643\u0650 \u0627\u0644\u0637\u0628\u064a\u0639\u064a\u060c \u0628\u0644 \u0623\u0641\u0636\u0644! \u0647\u0630\u0627 \u0627\u0644\u0645\u0644\u0648\u0646 \u0627\u0644\u0633\u0627\u0626\u0644 \u0633\u0647\u0644 \u0627\u0644\u0627\u0633\u062a\u062e\u062f\u0627\u0645 \u0644\u0644\u062e\u062f\u0648\u062f \u0648\u0627\u0644\u0634\u0641\u0627\u0647 \u064a\u0645\u0646\u062d\u0643\u0650 \u0645\u0638\u0647\u0631\u064b\u0627 \u0637\u0628\u064a\u0639\u064a\u064b\u0627 \u0644\u0627 \u064a\u062a\u063a\u064a\u0631 \u0628\u0639\u062f \u064a\u0648\u0645 \u0637\u0648\u064a\u0644! \u0645\u064f\u0631\u0643\u0651\u0628 \u0645\u0646 \u0647\u064a\u0627\u0644\u0648\u0631\u0648\u0646\u0627\u062a \u0627\u0644\u0635\u0648\u062f\u064a\u0648\u0645 \u0648\u0645\u0633\u062a\u062e\u0644\u0635 \u0627\u0644\u0641\u0648\u0643\u0648\u0633\u060c \u0643\u0645\u0627 \u064a\u064f\u0631\u0637\u0651\u0628 \u0628\u0634\u0631\u062a\u0643\u0650 \u0644\u064a\u0645\u0646\u062d\u0643\u0650 \u062e\u062f\u0648\u062f\u064b\u0627 \u0648\u0634\u0641\u062a\u064a\u0646 \u0648\u0631\u062f\u064a\u062a\u064a\u0646 \u0645\u0645\u062a\u0644\u0626\u062a\u064a\u0646! \ud83c\uddec\ud83c\udde7 SHEGLAM For The Flush Lip &amp; Cheek Tint \ud83c\uddeb\ud83c\uddf7 Encre L\u00e8vres &amp; Joues SHEGLAM For The Flush<\/p>","protected":false},"featured_media":30981,"template":"","meta":[],"pwb-brand":[709],"product_brand":[],"product_cat":[1169,1181],"product_tag":[],"class_list":{"0":"post-30969","1":"product","2":"type-product","3":"status-publish","4":"has-post-thumbnail","6":"pwb-brand-sheglam","7":"product_cat-blush-makeup","8":"product_cat-liquid-lipstick-makeup","10":"first","11":"outofstock","12":"shipping-taxable","13":"product-type-variable","14":"has-default-attributes","15":"wvs-archive-product-wrapper"},"brands":[{"id":709,"name":"Sheglam","slug":"sheglam"}],"_links":{"self":[{"href":"https:\/\/gopinkish.com\/fr\/wp-json\/wp\/v2\/product\/30969","targetHints":{"allow":["GET"]}}],"collection":[{"href":"https:\/\/gopinkish.com\/fr\/wp-json\/wp\/v2\/product"}],"about":[{"href":"https:\/\/gopinkish.com\/fr\/wp-json\/wp\/v2\/types\/product"}],"wp:featuredmedia":[{"embeddable":true,"href":"https:\/\/gopinkish.com\/fr\/wp-json\/wp\/v2\/media\/30981"}],"wp:attachment":[{"href":"https:\/\/gopinkish.com\/fr\/wp-json\/wp\/v2\/media?parent=30969"}],"wp:term":[{"taxonomy":"pwb-brand","embeddable":true,"href":"https:\/\/gopinkish.com\/fr\/wp-json\/wp\/v2\/pwb-brand?post=30969"},{"taxonomy":"product_brand","embeddable":true,"href":"https:\/\/gopinkish.com\/fr\/wp-json\/wp\/v2\/product_brand?post=30969"},{"taxonomy":"product_cat","embeddable":true,"href":"https:\/\/gopinkish.com\/fr\/wp-json\/wp\/v2\/product_cat?post=30969"},{"taxonomy":"product_tag","embeddable":true,"href":"https:\/\/gopinkish.com\/fr\/wp-json\/wp\/v2\/product_tag?post=30969"}],"curies":[{"name":"wp","href":"https:\/\/api.w.org\/{rel}","templated":true}]}}