{"id":30849,"date":"2025-09-08T09:56:55","date_gmt":"2025-09-08T08:56:55","guid":{"rendered":"https:\/\/gopinkish.com\/?post_type=product&#038;p=30849"},"modified":"2026-03-29T14:13:34","modified_gmt":"2026-03-29T13:13:34","slug":"3401344502149","status":"publish","type":"product","link":"https:\/\/gopinkish.com\/fr\/produit\/3401344502149\/","title":{"rendered":"Cr\u00e8me apaisante et r\u00e9paratrice pour les peaux ab\u00eem\u00e9es, fragilis\u00e9es et irrit\u00e9es."},"content":{"rendered":"<p style=\"text-align: justify;\">Sikafit+ SVR est une cr\u00e8me apaisante et acc\u00e9l\u00e9ratrice de la r\u00e9paration des peaux irrit\u00e9es, ab\u00eem\u00e9es ou fragilis\u00e9es. C'est la premi\u00e8re cr\u00e8me quotidienne d\u00e9di\u00e9e au traitement de la peau, qui acc\u00e9l\u00e8re 7 fois la r\u00e9paration de la peau et l'apaise en profondeur.<\/p>\n<p style=\"text-align: justify;\">Il traite \u00e9galement les marques et les rougeurs, avec une action anti-d\u00e9mangeaison et anti-irritante renforc\u00e9e. Son actif antibact\u00e9rien forme un film protecteur qui emp\u00eache les bact\u00e9ries pathog\u00e8nes d'adh\u00e9rer. Sa texture protectrice et fluide ne colle pas et p\u00e9n\u00e8tre rapidement.<\/p>\n<p style=\"text-align: justify;\">Sikafit+ apaise et r\u00e9\u00e9quilibre les peaux ab\u00eem\u00e9es et irrit\u00e9es de toute la famille. Appliquer sur les zones affect\u00e9es propres et s\u00e8ches deux fois par jour jusqu'\u00e0 gu\u00e9rison compl\u00e8te.<\/p>\n<p style=\"text-align: justify;\">Pour l'usage externe.<\/p>\n<p dir=\"ltr\" style=\"text-align: center;\">\ud83c\uddec\ud83c\udde7 SVR Cicavit+ Cr\u00e8me 40ml<br \/>\n\ud83c\uddeb\ud83c\uddf7 Cr\u00e8me SVR Cicavit+ 40ml<\/p>","protected":false},"excerpt":{"rendered":"<p>\u0643\u0631\u064a\u0645 \u0633\u064a\u0643\u0627\u0641\u064a\u062a+ \u0625\u0633 \u0641\u064a \u0622\u0631 \u0647\u0648 \u0643\u0631\u064a\u0645 \u0645\u064f\u0647\u062f\u0626 \u0648\u0645\u064f\u0633\u0631\u0651\u0639 \u0644\u0625\u0635\u0644\u0627\u062d \u0627\u0644\u0628\u0634\u0631\u0629 \u0627\u0644\u0645\u064f\u062a\u0647\u064a\u062c\u0629 \u0623\u0648 \u0627\u0644\u062a\u0627\u0644\u0641\u0629 \u0623\u0648 \u0627\u0644\u0636\u0639\u064a\u0641\u0629.\u00a0\u0625\u0646\u0647 \u0623\u0648\u0644 \u0643\u0631\u064a\u0645 \u064a\u0648\u0645\u064a \u0645\u064f\u062e\u0635\u0635 \u0644\u0639\u0644\u0627\u062c \u0627\u0644\u0628\u0634\u0631\u0629\u060c \u064a\u064f\u0633\u0631\u0651\u0639 \u0625\u0635\u0644\u0627\u062d \u0627\u0644\u0628\u0634\u0631\u0629 7 \u0645\u0631\u0627\u062a \u0623\u0633\u0631\u0639 \u0648\u064a\u064f\u0647\u062f\u0626\u0647\u0627 \u0628\u0639\u0645\u0642. \u064a\u064f\u0639\u0627\u0644\u062c \u0623\u064a\u0636\u064b\u0627 \u0627\u0644\u0639\u0644\u0627\u0645\u0627\u062a \u0648\u0627\u0644\u0627\u062d\u0645\u0631\u0627\u0631\u060c \u0645\u0639 \u0645\u064f\u0641\u0639\u0648\u0644 \u0645\u064f\u0639\u0632\u0632 \u0645\u064f\u0636\u0627\u062f \u0644\u0644\u062d\u0643\u0629 \u0648\u0627\u0644\u062a\u0647\u064a\u062c.\u00a0\u064a\u064f\u0634\u0643\u0644 \u0645\u064f\u0643\u0648\u0646\u0647 \u0627\u0644\u0645\u064f\u0636\u0627\u062f \u0644\u0644\u0628\u0643\u062a\u064a\u0631\u064a\u0627 \u0637\u0628\u0642\u0629 \u0648\u0627\u0642\u064a\u0629 \u062a\u0645\u0646\u0639 \u0627\u0644\u062a\u0635\u0627\u0642 \u0627\u0644\u0628\u0643\u062a\u064a\u0631\u064a\u0627 \u0627\u0644\u0645\u064f\u0633\u0628\u0628\u0629 \u0644\u0644\u0623\u0645\u0631\u0627\u0636.\u00a0\u0642\u0648\u0627\u0645\u0647 \u0627\u0644\u0648\u0627\u0642\u064a \u0627\u0644\u0645\u064f\u0646\u0633\u0627\u0628 \u063a\u064a\u0631 \u0644\u0632\u062c \u0648\u0633\u0631\u064a\u0639 [&hellip;]<\/p>\n","protected":false},"featured_media":30850,"template":"","meta":[],"pwb-brand":[266],"product_brand":[],"product_cat":[1227,1225],"product_tag":[],"class_list":{"0":"post-30849","1":"product","2":"type-product","3":"status-publish","4":"has-post-thumbnail","6":"pwb-brand-svr","7":"product_cat-face-renew","8":"product_cat-sale","10":"first","11":"instock","12":"sale","13":"shipping-taxable","14":"purchasable","15":"product-type-variable","16":"has-default-attributes","17":"wvs-archive-product-wrapper"},"brands":[{"id":266,"name":"SVR","slug":"svr"}],"_links":{"self":[{"href":"https:\/\/gopinkish.com\/fr\/wp-json\/wp\/v2\/product\/30849","targetHints":{"allow":["GET"]}}],"collection":[{"href":"https:\/\/gopinkish.com\/fr\/wp-json\/wp\/v2\/product"}],"about":[{"href":"https:\/\/gopinkish.com\/fr\/wp-json\/wp\/v2\/types\/product"}],"wp:featuredmedia":[{"embeddable":true,"href":"https:\/\/gopinkish.com\/fr\/wp-json\/wp\/v2\/media\/30850"}],"wp:attachment":[{"href":"https:\/\/gopinkish.com\/fr\/wp-json\/wp\/v2\/media?parent=30849"}],"wp:term":[{"taxonomy":"pwb-brand","embeddable":true,"href":"https:\/\/gopinkish.com\/fr\/wp-json\/wp\/v2\/pwb-brand?post=30849"},{"taxonomy":"product_brand","embeddable":true,"href":"https:\/\/gopinkish.com\/fr\/wp-json\/wp\/v2\/product_brand?post=30849"},{"taxonomy":"product_cat","embeddable":true,"href":"https:\/\/gopinkish.com\/fr\/wp-json\/wp\/v2\/product_cat?post=30849"},{"taxonomy":"product_tag","embeddable":true,"href":"https:\/\/gopinkish.com\/fr\/wp-json\/wp\/v2\/product_tag?post=30849"}],"curies":[{"name":"wp","href":"https:\/\/api.w.org\/{rel}","templated":true}]}}