{"id":30842,"date":"2025-09-08T09:47:11","date_gmt":"2025-09-08T08:47:11","guid":{"rendered":"https:\/\/gopinkish.com\/?post_type=product&#038;p=30842"},"modified":"2025-12-04T09:38:49","modified_gmt":"2025-12-04T08:38:49","slug":"3662361000043","status":"publish","type":"product","link":"https:\/\/gopinkish.com\/fr\/produit\/3662361000043\/","title":{"rendered":"\u00c9cran solaire th\u00e9rapeutique pour pr\u00e9venir les cancers de la peau et la k\u00e9ratose actinique"},"content":{"rendered":"<p style=\"text-align: justify;\">Dispositif m\u00e9dical mis au point pour pr\u00e9venir les cancers de la peau sans m\u00e9lanome et la k\u00e9ratose actinique. AK Secure DM Protect offre une protection solaire sup\u00e9rieure pour pr\u00e9venir les dommages quotidiens caus\u00e9s par les rayons UVA et UVB, avec une texture hydratante au toucher sec et un fini invisible. Convient aux peaux sensibles au soleil ou \u00e0 risque : Peau de phototype I et II ou peau immunod\u00e9prim\u00e9e.<\/p>\n<p dir=\"ltr\" style=\"text-align: center;\">\ud83c\uddec\ud83c\udde7 SVR AK Secure DM Protect SPF50+<br \/>\n\ud83c\uddeb\ud83c\uddf7 SVR AK Secure DM Protect SPF50+<\/p>","protected":false},"excerpt":{"rendered":"<p>\u062c\u0647\u0627\u0632 \u0637\u0628\u064a \u0645\u064f\u0637\u0648\u0651\u0631 \u0644\u0644\u0648\u0642\u0627\u064a\u0629 \u0645\u0646 \u0633\u0631\u0637\u0627\u0646\u0627\u062a \u0627\u0644\u062c\u0644\u062f \u063a\u064a\u0631 \u0627\u0644\u0645\u064a\u0644\u0627\u0646\u064a\u0646\u064a\u0629 \u0648\u0627\u0644\u062a\u0642\u0631\u0651\u0646 \u0627\u0644\u0634\u0639\u0627\u0639\u064a. \u064a\u064f\u0648\u0641\u0651\u0631 AK Secure DM Protect \u062d\u0645\u0627\u064a\u0629 \u0641\u0627\u0626\u0642\u0629 \u0645\u0646 \u0627\u0644\u0634\u0645\u0633 \u0644\u0644\u0648\u0642\u0627\u064a\u0629 \u0645\u0646 \u0627\u0644\u0623\u0636\u0631\u0627\u0631 \u0627\u0644\u064a\u0648\u0645\u064a\u0629 \u0627\u0644\u0646\u0627\u062c\u0645\u0629 \u0639\u0646 \u0623\u0634\u0639\u0629 UVA \u0648UVB\u060c \u0628\u0642\u0648\u0627\u0645 \u0645\u064f\u0631\u0637\u0651\u0628 \u0645\u0639 \u0645\u0644\u0645\u0633 \u062c\u0627\u0641\u0651 \u0648\u0644\u0645\u0633\u0629 \u0646\u0647\u0627\u0626\u064a\u0629 \u063a\u064a\u0631 \u0645\u0631\u0626\u064a\u0629. \u0648\u0647\u0648 \u0645\u064f\u0646\u0627\u0633\u0628 \u0644\u0644\u0628\u0634\u0631\u0629 \u0634\u062f\u064a\u062f\u0629 \u0627\u0644\u062d\u0633\u0627\u0633\u064a\u0629 \u0644\u0644\u0634\u0645\u0633 \u0623\u0648 \u0627\u0644\u0645\u064f\u0639\u0631\u0651\u0636\u0629 \u0644\u062e\u0637\u0631\u0647\u0627: \u0627\u0644\u0628\u0634\u0631\u0629 \u0630\u0627\u062a \u0627\u0644\u0646\u0645\u0637\u064a\u0646 \u0627\u0644\u0636\u0648\u0626\u064a\u064a\u0646 I \u0648II\u060c \u0623\u0648 \u0627\u0644\u0628\u0634\u0631\u0629 [&hellip;]<\/p>\n","protected":false},"featured_media":30843,"template":"","meta":[],"pwb-brand":[266],"product_brand":[],"product_cat":[1144],"product_tag":[717],"class_list":{"0":"post-30842","1":"product","2":"type-product","3":"status-publish","4":"has-post-thumbnail","6":"pwb-brand-svr","7":"product_cat-face-sunscreen","8":"product_tag-717","10":"first","11":"outofstock","12":"shipping-taxable","13":"product-type-variable","14":"has-default-attributes","15":"wvs-archive-product-wrapper"},"brands":[{"id":266,"name":"SVR","slug":"svr"}],"_links":{"self":[{"href":"https:\/\/gopinkish.com\/fr\/wp-json\/wp\/v2\/product\/30842","targetHints":{"allow":["GET"]}}],"collection":[{"href":"https:\/\/gopinkish.com\/fr\/wp-json\/wp\/v2\/product"}],"about":[{"href":"https:\/\/gopinkish.com\/fr\/wp-json\/wp\/v2\/types\/product"}],"wp:featuredmedia":[{"embeddable":true,"href":"https:\/\/gopinkish.com\/fr\/wp-json\/wp\/v2\/media\/30843"}],"wp:attachment":[{"href":"https:\/\/gopinkish.com\/fr\/wp-json\/wp\/v2\/media?parent=30842"}],"wp:term":[{"taxonomy":"pwb-brand","embeddable":true,"href":"https:\/\/gopinkish.com\/fr\/wp-json\/wp\/v2\/pwb-brand?post=30842"},{"taxonomy":"product_brand","embeddable":true,"href":"https:\/\/gopinkish.com\/fr\/wp-json\/wp\/v2\/product_brand?post=30842"},{"taxonomy":"product_cat","embeddable":true,"href":"https:\/\/gopinkish.com\/fr\/wp-json\/wp\/v2\/product_cat?post=30842"},{"taxonomy":"product_tag","embeddable":true,"href":"https:\/\/gopinkish.com\/fr\/wp-json\/wp\/v2\/product_tag?post=30842"}],"curies":[{"name":"wp","href":"https:\/\/api.w.org\/{rel}","templated":true}]}}