{"id":30725,"date":"2025-08-28T23:21:04","date_gmt":"2025-08-28T22:21:04","guid":{"rendered":"https:\/\/gopinkish.com\/?post_type=product&#038;p=30725"},"modified":"2025-09-03T21:47:43","modified_gmt":"2025-09-03T20:47:43","slug":"4006000061887","status":"publish","type":"product","link":"https:\/\/gopinkish.com\/fr\/produit\/4006000061887\/","title":{"rendered":"Cr\u00e8me solaire anti-\u00e2ge pour peaux normales, grasses et sensibles"},"content":{"rendered":"<p>Derma Skin Clear UV Face Fluid SPF50+ 40ml prot\u00e8ge quotidiennement le visage contre les rayons UVA\/UVB et pr\u00e9vient les \u00e9ruptions cutan\u00e9es gr\u00e2ce \u00e0 la niacinamide, sans obstruer les pores.<\/p>\n<p><strong>Caract\u00e9ristiques du produit : <\/strong><\/p>\n<p>- Ce liquide prot\u00e8ge la peau des dommages caus\u00e9s par les rayons UVA\/UVB du soleil, tels que le vieillissement pr\u00e9matur\u00e9.<br \/>\n- Convient aux peaux normales, grasses, sujettes aux imperfections et sensibles. N'obstrue pas les pores.<br \/>\n- Ce liquide non gras n'obstrue pas les pores et pr\u00e9vient les \u00e9ruptions cutan\u00e9es gr\u00e2ce \u00e0 la niacinamide.<br \/>\n- Gr\u00e2ce \u00e0 sa texture ultra-l\u00e9g\u00e8re, il p\u00e9n\u00e8tre instantan\u00e9ment et laisse un fini invisible sur la peau. Convient comme base de maquillage.<br \/>\n- Sa compatibilit\u00e9 avec la peau a \u00e9t\u00e9 test\u00e9e sous contr\u00f4le dermatologique et clinique.<\/p>\n<p dir=\"ltr\" style=\"text-align: center;\">\ud83c\uddec\ud83c\udde7 NIVEA SUN Derma Skin Clear UV Fluid SPF 50+ - Cr\u00e8me solaire l\u00e9g\u00e8re pour le visage avec Niacinamide pour les peaux grasses et acn\u00e9iques<\/p>\n<p dir=\"ltr\" style=\"text-align: center;\">\ud83c\uddeb\ud83c\uddf7 Fluide Solaire Visage NIVEA SUN Derma Skin Clear SPF 50+ - Protection L\u00e9g\u00e8re avec Niacinamide pour Peaux Grasses &amp; \u00e0 Imperfections<\/p>\n<p dir=\"ltr\">","protected":false},"excerpt":{"rendered":"<p>\u064a\u062d\u0645\u064a Derma Skin Clear UV Face Fluid SPF50+ 40ml \u0627\u0644\u0648\u062c\u0647 \u064a\u0648\u0645\u064a\u064b\u0627 \u0636\u062f \u0623\u0634\u0639\u0629 UVA \/ UVB \u0648\u064a\u0645\u0646\u0639 \u0638\u0647\u0648\u0631 \u0627\u0644\u0628\u062b\u0648\u0631\u060c \u0628\u0641\u0636\u0644 \u0627\u0644\u0646\u064a\u0627\u0633\u064a\u0646\u0627\u0645\u064a\u062f\u060c \u062f\u0648\u0646 \u0627\u0646\u0633\u062f\u0627\u062f \u0627\u0644\u0645\u0633\u0627\u0645. \u0645\u0645\u064a\u0632\u0627\u062a \u0627\u0644\u0645\u0646\u062a\u062c: &#8211; \u064a\u062d\u0645\u064a \u0647\u0630\u0627 \u0627\u0644\u0633\u0627\u0626\u0644 \u0627\u0644\u0628\u0634\u0631\u0629 \u0645\u0646 \u0623\u0636\u0631\u0627\u0631 \u0623\u0634\u0639\u0629 \u0627\u0644\u0634\u0645\u0633 \u0641\u0648\u0642 \u0627\u0644\u0628\u0646\u0641\u0633\u062c\u064a\u0629 (A\/B)\u060c \u0645\u062b\u0644 \u0627\u0644\u0634\u064a\u062e\u0648\u062e\u0629 \u0627\u0644\u0645\u0628\u0643\u0631\u0629. &#8211; \u0645\u0646\u0627\u0633\u0628 \u0644\u0644\u0628\u0634\u0631\u0629 \u0627\u0644\u0639\u0627\u062f\u064a\u0629 \u0648\u0627\u0644\u062f\u0647\u0646\u064a\u0629 \u0648\u0627\u0644\u0645\u0639\u0631\u0636\u0629 \u0644\u0644\u0628\u0642\u0639\u060c \u0628\u0627\u0644\u0625\u0636\u0627\u0641\u0629 \u0625\u0644\u0649 \u0627\u0644\u0628\u0634\u0631\u0629 \u0627\u0644\u062d\u0633\u0627\u0633\u0629. \u0644\u0627 \u064a\u064f\u0633\u0628\u0628 \u0627\u0646\u0633\u062f\u0627\u062f [&hellip;]<\/p>\n","protected":false},"featured_media":30727,"template":"","meta":[],"pwb-brand":[236],"product_brand":[],"product_cat":[1144],"product_tag":[717],"class_list":{"0":"post-30725","1":"product","2":"type-product","3":"status-publish","4":"has-post-thumbnail","6":"pwb-brand-nivea","7":"product_cat-face-sunscreen","8":"product_tag-717","10":"first","11":"instock","12":"shipping-taxable","13":"purchasable","14":"product-type-variable","15":"has-default-attributes","16":"wvs-archive-product-wrapper"},"brands":[{"id":236,"name":"Nivea","slug":"nivea"}],"_links":{"self":[{"href":"https:\/\/gopinkish.com\/fr\/wp-json\/wp\/v2\/product\/30725","targetHints":{"allow":["GET"]}}],"collection":[{"href":"https:\/\/gopinkish.com\/fr\/wp-json\/wp\/v2\/product"}],"about":[{"href":"https:\/\/gopinkish.com\/fr\/wp-json\/wp\/v2\/types\/product"}],"wp:featuredmedia":[{"embeddable":true,"href":"https:\/\/gopinkish.com\/fr\/wp-json\/wp\/v2\/media\/30727"}],"wp:attachment":[{"href":"https:\/\/gopinkish.com\/fr\/wp-json\/wp\/v2\/media?parent=30725"}],"wp:term":[{"taxonomy":"pwb-brand","embeddable":true,"href":"https:\/\/gopinkish.com\/fr\/wp-json\/wp\/v2\/pwb-brand?post=30725"},{"taxonomy":"product_brand","embeddable":true,"href":"https:\/\/gopinkish.com\/fr\/wp-json\/wp\/v2\/product_brand?post=30725"},{"taxonomy":"product_cat","embeddable":true,"href":"https:\/\/gopinkish.com\/fr\/wp-json\/wp\/v2\/product_cat?post=30725"},{"taxonomy":"product_tag","embeddable":true,"href":"https:\/\/gopinkish.com\/fr\/wp-json\/wp\/v2\/product_tag?post=30725"}],"curies":[{"name":"wp","href":"https:\/\/api.w.org\/{rel}","templated":true}]}}