{"id":30702,"date":"2025-09-02T22:22:35","date_gmt":"2025-09-02T21:22:35","guid":{"rendered":"https:\/\/gopinkish.com\/?post_type=product&#038;p=30702"},"modified":"2026-04-01T18:47:29","modified_gmt":"2026-04-01T17:47:29","slug":"8809782551814","status":"publish","type":"product","link":"https:\/\/gopinkish.com\/fr\/produit\/8809782551814\/","title":{"rendered":"Cr\u00e8me solaire hydratante au bouleau pour nourrir et hydrater"},"content":{"rendered":"<p style=\"text-align: justify;\">Un \u00e9cran solaire hydratant qui prot\u00e8ge votre peau des rayons UV nocifs, la nourrit et l'hydrate gr\u00e2ce \u00e0 la barri\u00e8re Vita-Aqua. Prot\u00e8ge la peau des rayons UVA et UVB nocifs avec SPF45+, PA++++<\/p>\n<p style=\"text-align: justify;\">- La s\u00e8ve de bouleau nourrit la peau en r\u00e9duisant l'inflammation, en la purifiant et en l'hydratant gr\u00e2ce \u00e0 sa richesse en min\u00e9raux, enzymes, prot\u00e9ines et antioxydants.<\/p>\n<p style=\"text-align: justify;\">- Les acides amin\u00e9s, les min\u00e9raux et les vitamines de la s\u00e8ve de bouleau forment une barri\u00e8re hydratante qui prot\u00e8ge la peau du dess\u00e8chement et pr\u00e9vient la perte d'humidit\u00e9.<\/p>\n<p style=\"text-align: justify;\">- Un \u00e9cran solaire hydratant qui agit comme un double hydratant, pour tous les types de peau.<\/p>\n<p dir=\"ltr\" style=\"text-align: center;\">\ud83c\uddec\ud83c\udde7 Round Lab - Marque de soins cor\u00e9enne inspir\u00e9e par la nature<br \/>\n\ud83c\uddeb\ud83c\uddf7 Round Lab - Marque Cor\u00e9enne de Soins Inspir\u00e9e par la Nature<\/p>","protected":false},"excerpt":{"rendered":"<p><span style=\"color: #ff0000;\"><strong>Date de p\u00e9remption du produit : octobre 2026<\/strong><\/span><\/p>","protected":false},"featured_media":30703,"template":"","meta":[],"pwb-brand":[1473],"product_brand":[],"product_cat":[1144,1225],"product_tag":[763,717],"class_list":{"0":"post-30702","1":"product","2":"type-product","3":"status-publish","4":"has-post-thumbnail","6":"pwb-brand-lab-round","7":"product_cat-face-sunscreen","8":"product_cat-sale","9":"product_tag-korean-product-2","10":"product_tag-717","12":"first","13":"outofstock","14":"shipping-taxable","15":"product-type-variable","16":"has-default-attributes","17":"wvs-archive-product-wrapper"},"brands":[{"id":1473,"name":"LabRound","slug":"tour-de-laboratoire"}],"_links":{"self":[{"href":"https:\/\/gopinkish.com\/fr\/wp-json\/wp\/v2\/product\/30702","targetHints":{"allow":["GET"]}}],"collection":[{"href":"https:\/\/gopinkish.com\/fr\/wp-json\/wp\/v2\/product"}],"about":[{"href":"https:\/\/gopinkish.com\/fr\/wp-json\/wp\/v2\/types\/product"}],"wp:featuredmedia":[{"embeddable":true,"href":"https:\/\/gopinkish.com\/fr\/wp-json\/wp\/v2\/media\/30703"}],"wp:attachment":[{"href":"https:\/\/gopinkish.com\/fr\/wp-json\/wp\/v2\/media?parent=30702"}],"wp:term":[{"taxonomy":"pwb-brand","embeddable":true,"href":"https:\/\/gopinkish.com\/fr\/wp-json\/wp\/v2\/pwb-brand?post=30702"},{"taxonomy":"product_brand","embeddable":true,"href":"https:\/\/gopinkish.com\/fr\/wp-json\/wp\/v2\/product_brand?post=30702"},{"taxonomy":"product_cat","embeddable":true,"href":"https:\/\/gopinkish.com\/fr\/wp-json\/wp\/v2\/product_cat?post=30702"},{"taxonomy":"product_tag","embeddable":true,"href":"https:\/\/gopinkish.com\/fr\/wp-json\/wp\/v2\/product_tag?post=30702"}],"curies":[{"name":"wp","href":"https:\/\/api.w.org\/{rel}","templated":true}]}}