{"id":30627,"date":"2025-09-02T19:33:40","date_gmt":"2025-09-02T18:33:40","guid":{"rendered":"https:\/\/gopinkish.com\/?post_type=product&#038;p=30627"},"modified":"2025-12-06T10:52:18","modified_gmt":"2025-12-06T09:52:18","slug":"3337872414176","status":"publish","type":"product","link":"https:\/\/gopinkish.com\/fr\/produit\/3337872414176\/","title":{"rendered":"Hydratation quotidienne anti-taches avec UV SPF30"},"content":{"rendered":"<p style=\"text-align: justify;\">Pigmentclar UV SPF30 aide \u00e0 att\u00e9nuer les taches brunes profondes et \u00e0 unifier durablement le teint.<\/p>\n<p style=\"text-align: justify;\"><strong>Les principaux avantages :<\/strong><br \/>\nLes rayons UVA et la pollution provoquent un stress oxydatif dans la peau. Celui-ci a deux types d'effets n\u00e9fastes :<br \/>\n- D\u00e9s\u00e9quilibre m\u00e9lanocytaire en profondeur.<br \/>\n- Oxydation de la m\u00e9lanine dans les k\u00e9ratinocytes en surface.<\/p>\n<p style=\"text-align: justify;\">Pour corriger les taches brunes et pr\u00e9venir leur r\u00e9apparition, La Roche-Posay a d\u00e9velopp\u00e9 Pigmentclar UV SPF30. Cette cr\u00e8me hydratante et correctrice innovante associe la puissance du complexe anti-taches Ph\u00c9-Resorcinol de Pigmentclar au syst\u00e8me de filtration avanc\u00e9 de La Roche-Posay pour offrir une triple protection contre la pollution, les UVA et l'oxydation.<\/p>\n<p style=\"text-align: justify;\">- Sa formule anti-pollution emp\u00eache les polluants d'adh\u00e9rer \u00e0 la peau.<br \/>\n- Le syst\u00e8me de filtration innovant UVB SPF 30 - UVA, avec les technologies Mexoryl SX et XL, filtre les rayons UVA du soleil.<br \/>\n- Le complexe associant l'extrait de ginkgo et l'acide f\u00e9rulique exerce un effet antioxydant efficace.<\/p>\n<p style=\"text-align: justify;\"><strong>Il corrige les probl\u00e8mes :<br \/>\n<\/strong>Taches sombres s\u00e9v\u00e8res<br \/>\nCouleur non uniforme<br \/>\nTaches sombres, peau terne, grisaille<\/p>\n<p style=\"text-align: justify;\"><strong>Comment l'utiliser ?<\/strong><br \/>\nAppliquer chaque matin sur le visage, le cou, le d\u00e9collet\u00e9 et le dos des mains.<\/p>\n<p style=\"text-align: justify;\"><strong>Textures :<\/strong><br \/>\nTexture douce, hydratante et cr\u00e9meuse<br \/>\nEmp\u00eache les particules de pollution d'adh\u00e9rer \u00e0 la peau.<br \/>\nAliment\u00e9 par de l'eau thermale de La Roche-Posay.<\/p>\n<p style=\"text-align: justify;\">Expertise scientifique :<br \/>\n- Les rayons UVA du soleil et la pollution ont un impact majeur sur la formation des taches brunes et l'\u00e9clat de la peau.<\/p>\n<p style=\"text-align: justify;\">Rayons UVA longs :<br \/>\n- Repr\u00e9sente jusqu'\u00e0 75% de rayonnement UV<br \/>\n- Disponible toute l'ann\u00e9e<br \/>\n- P\u00e9n\u00e8tre dans le derme et provoque des troubles de la pigmentation.<br \/>\n- Pollution<br \/>\n- Pr\u00e9sente dans le monde entier, avec une intensit\u00e9 croissante<br \/>\n- A des effets n\u00e9fastes sur la couleur de la peau<\/p>\n<p dir=\"ltr\" style=\"text-align: center;\">\ud83c\uddec\ud83c\udde7 La Roche-Posay Pigmentclar UV SPF30 Hydratant quotidien correcteur de teint<br \/>\n\ud83c\uddeb\ud83c\uddf7 La Roche-Posay Pigmentclar UV SPF30 Soin Quotidien Correcteur d'Uniformit\u00e9 du Teint<\/p>","protected":false},"excerpt":{"rendered":"<p>\u064a\u0633\u0627\u0639\u062f \u0628\u064a\u062c\u0645\u0646\u062a\u0643\u0644\u0627\u0631 UV SPF30 \u0639\u0644\u0649 \u062a\u0642\u0644\u064a\u0644 \u0627\u0644\u0628\u0642\u0639 \u0627\u0644\u062f\u0627\u0643\u0646\u0629 \u0627\u0644\u0639\u0645\u064a\u0642\u0629 \u0648\u062a\u0648\u062d\u064a\u062f \u0644\u0648\u0646 \u0627\u0644\u0628\u0634\u0631\u0629 \u0628\u0634\u0643\u0644 \u062f\u0627\u0626\u0645. \u0627\u0644\u0641\u0648\u0627\u0626\u062f \u0627\u0644\u0631\u0626\u064a\u0633\u064a\u0629: \u062a\u064f\u0633\u0628\u0628 \u0623\u0634\u0639\u0629 UVA \u0648\u0627\u0644\u062a\u0644\u0648\u062b \u0625\u062c\u0647\u0627\u062f\u064b\u0627 \u062a\u0623\u0643\u0633\u062f\u064a\u064b\u0627 \u0641\u064a \u0627\u0644\u0628\u0634\u0631\u0629. \u0648\u0647\u0630\u0627 \u0644\u0647 \u0646\u0648\u0639\u0627\u0646 \u0645\u0646 \u0627\u0644\u0622\u062b\u0627\u0631 \u0627\u0644\u0636\u0627\u0631\u0629: &#8211; \u0627\u062e\u062a\u0644\u0627\u0644 \u062a\u0648\u0627\u0632\u0646 \u0627\u0644\u062e\u0644\u0627\u064a\u0627 \u0627\u0644\u0635\u0628\u0627\u063a\u064a\u0629 \u0641\u064a \u0627\u0644\u0639\u0645\u0642\u060c &#8211; \u0623\u0643\u0633\u062f\u0629 \u0627\u0644\u0645\u064a\u0644\u0627\u0646\u064a\u0646 \u0641\u064a \u0627\u0644\u062e\u0644\u0627\u064a\u0627 \u0627\u0644\u0643\u064a\u0631\u0627\u062a\u064a\u0646\u064a\u0629 \u0639\u0644\u0649 \u0627\u0644\u0633\u0637\u062d. \u0644\u062a\u0635\u062d\u064a\u062d \u0627\u0644\u0628\u0642\u0639 \u0627\u0644\u062f\u0627\u0643\u0646\u0629 \u0648\u0645\u0646\u0639 \u0638\u0647\u0648\u0631\u0647\u0627 \u0645\u062c\u062f\u062f\u064b\u0627\u060c \u0637\u0648\u0631\u062a \u0644\u0627\u0631\u0648\u0634 \u0628\u0648\u0632\u064a\u0647 \u0643\u0631\u064a\u0645 [&hellip;]<\/p>\n","protected":false},"featured_media":30631,"template":"","meta":[],"pwb-brand":[225],"product_brand":[],"product_cat":[1227,1123],"product_tag":[675,671],"class_list":{"0":"post-30627","1":"product","2":"type-product","3":"status-publish","4":"has-post-thumbnail","6":"pwb-brand-la-roche-posay","7":"product_cat-face-renew","8":"product_cat-face-bright","9":"product_tag-spots","10":"product_tag-pigmentation","12":"first","13":"outofstock","14":"shipping-taxable","15":"product-type-variable","16":"has-default-attributes","17":"wvs-archive-product-wrapper"},"brands":[{"id":225,"name":"La Roche Posay","slug":"la-roche-posay"}],"_links":{"self":[{"href":"https:\/\/gopinkish.com\/fr\/wp-json\/wp\/v2\/product\/30627","targetHints":{"allow":["GET"]}}],"collection":[{"href":"https:\/\/gopinkish.com\/fr\/wp-json\/wp\/v2\/product"}],"about":[{"href":"https:\/\/gopinkish.com\/fr\/wp-json\/wp\/v2\/types\/product"}],"wp:featuredmedia":[{"embeddable":true,"href":"https:\/\/gopinkish.com\/fr\/wp-json\/wp\/v2\/media\/30631"}],"wp:attachment":[{"href":"https:\/\/gopinkish.com\/fr\/wp-json\/wp\/v2\/media?parent=30627"}],"wp:term":[{"taxonomy":"pwb-brand","embeddable":true,"href":"https:\/\/gopinkish.com\/fr\/wp-json\/wp\/v2\/pwb-brand?post=30627"},{"taxonomy":"product_brand","embeddable":true,"href":"https:\/\/gopinkish.com\/fr\/wp-json\/wp\/v2\/product_brand?post=30627"},{"taxonomy":"product_cat","embeddable":true,"href":"https:\/\/gopinkish.com\/fr\/wp-json\/wp\/v2\/product_cat?post=30627"},{"taxonomy":"product_tag","embeddable":true,"href":"https:\/\/gopinkish.com\/fr\/wp-json\/wp\/v2\/product_tag?post=30627"}],"curies":[{"name":"wp","href":"https:\/\/api.w.org\/{rel}","templated":true}]}}