{"id":30579,"date":"2025-09-02T10:32:20","date_gmt":"2025-09-02T09:32:20","guid":{"rendered":"https:\/\/gopinkish.com\/?post_type=product&#038;p=30579"},"modified":"2026-04-18T12:20:27","modified_gmt":"2026-04-18T11:20:27","slug":"8809640733185","status":"publish","type":"product","link":"https:\/\/gopinkish.com\/fr\/produit\/8809640733185\/","title":{"rendered":"Cr\u00e8me solaire \u00e0 base de plantes et d'ingr\u00e9dients naturels et protection maximale pour les peaux sensibles"},"content":{"rendered":"<p style=\"text-align: justify;\">Cette cr\u00e8me solaire utilise des filtres chimiques pour offrir une protection solaire \u00e0 large spectre avec un SPF 50+ PA++++. Cette protection solaire biologique apporte des bienfaits apaisants et hydratants gr\u00e2ce \u00e0 des ingr\u00e9dients tels que l'extrait de Hotwineia cordata et le panth\u00e9nol. Elle a un effet s\u00e9bor\u00e9gulateur, reste en place sous le fond de teint et prolonge la tenue de votre maquillage.<\/p>\n<p style=\"text-align: justify;\">Sa formule soigneusement \u00e9labor\u00e9e contient des ingr\u00e9dients solaires biologiques tels que l'extrait d'Houttuynia cordata et le panth\u00e9nol. L'extrait d'houttuynia cordata ne se contente pas d'apaiser votre peau, il est sp\u00e9cialement formul\u00e9 pour les peaux sensibles, ce qui en fait un choix id\u00e9al pour les personnes qui ont la peau sensible. Le panth\u00e9nol, gr\u00e2ce \u00e0 ses propri\u00e9t\u00e9s de fixation de l'humidit\u00e9, hydrate la peau et contribue \u00e0 son apaisement g\u00e9n\u00e9ral.<\/p>\n<p style=\"text-align: justify;\">Convient \u00e0 tous les types de peau, en particulier aux peaux sensibles.<\/p>\n<p dir=\"ltr\" style=\"text-align: center;\">\ud83c\uddec\ud83c\udde7 Anua Heartleaf Silky Moisture Sunscreen - SPF 50+ PA++++, Non-Greasy &amp; Soothing<br \/>\n\ud83c\uddeb\ud83c\uddf7 Cr\u00e8me Solaire Hydratante Anua Heartleaf - SPF 50+ PA++++, Texture L\u00e9g\u00e8re et Apaisante<\/p>\n<p style=\"text-align: justify;\">","protected":false},"excerpt":{"rendered":"<p>\u064a\u0633\u062a\u062e\u062f\u0645 \u0647\u0630\u0627 \u0627\u0644\u0643\u0631\u064a\u0645 \u0627\u0644\u0648\u0627\u0642\u064a \u0645\u0646 \u0627\u0644\u0634\u0645\u0633 \u0641\u0644\u0627\u062a\u0631 \u0643\u064a\u0645\u064a\u0627\u0626\u064a\u0629 \u0644\u062a\u0648\u0641\u064a\u0631 \u062d\u0645\u0627\u064a\u0629 \u0648\u0627\u0633\u0639\u0629 \u0627\u0644\u0646\u0637\u0627\u0642 \u0645\u0646 \u0623\u0634\u0639\u0629 \u0627\u0644\u0634\u0645\u0633 \u0628\u0639\u0627\u0645\u0644 \u062d\u0645\u0627\u064a\u0629 \u0645\u0646 \u0627\u0644\u0634\u0645\u0633 50+ PA++++. \u064a\u0648\u0641\u0631 \u0648\u0627\u0642\u064a \u0627\u0644\u0634\u0645\u0633 \u0627\u0644\u0639\u0636\u0648\u064a \u0641\u0648\u0627\u0626\u062f \u0645\u0647\u062f\u0626\u0629 \u0648\u0645\u0631\u0637\u0628\u0629 \u0644\u0644\u0628\u0634\u0631\u0629 \u0628\u0641\u0636\u0644 \u0645\u0643\u0648\u0646\u0627\u062a\u0647 \u0645\u062b\u0644 \u0645\u0633\u062a\u062e\u0644\u0635 \u0646\u0628\u0627\u062a \u0627\u0644\u0647\u0648\u062a\u0648\u064a\u0646\u064a\u0627 \u0643\u0648\u0631\u062f\u0627\u062a\u0627 \u0648\u0627\u0644\u0628\u0627\u0646\u062b\u064a\u0646\u0648\u0644. \u064a\u062a\u0645\u064a\u0632 \u0628\u062a\u0623\u062b\u064a\u0631\u0647 \u0627\u0644\u0645\u062a\u062d\u0643\u0645 \u0641\u064a \u0625\u0641\u0631\u0627\u0632 \u0627\u0644\u062f\u0647\u0648\u0646\u060c \u0648\u064a\u0628\u0642\u0649 \u062b\u0627\u0628\u062a\u064b\u0627 \u062a\u062d\u062a \u0643\u0631\u064a\u0645 \u0627\u0644\u0623\u0633\u0627\u0633 \u0648\u064a\u0637\u064a\u0644 \u062b\u0628\u0627\u062a \u0627\u0644\u0645\u0643\u064a\u0627\u062c. \u062a\u0631\u0643\u064a\u0628\u062a\u0647 \u0627\u0644\u0645\u0635\u0645\u0645\u0629 \u0628\u0639\u0646\u0627\u064a\u0629 \u0641\u0627\u0626\u0642\u0629 [&hellip;]<\/p>\n","protected":false},"featured_media":30587,"template":"","meta":[],"pwb-brand":[1244],"product_brand":[],"product_cat":[1144,1145],"product_tag":[763],"class_list":{"0":"post-30579","1":"product","2":"type-product","3":"status-publish","4":"has-post-thumbnail","6":"pwb-brand-anua","7":"product_cat-face-sunscreen","8":"product_cat-body-sunscreen","9":"product_tag-korean-product-2","11":"first","12":"outofstock","13":"shipping-taxable","14":"product-type-variable","15":"has-default-attributes","16":"wvs-archive-product-wrapper"},"brands":[{"id":1244,"name":"Anua","slug":"anua"}],"_links":{"self":[{"href":"https:\/\/gopinkish.com\/fr\/wp-json\/wp\/v2\/product\/30579","targetHints":{"allow":["GET"]}}],"collection":[{"href":"https:\/\/gopinkish.com\/fr\/wp-json\/wp\/v2\/product"}],"about":[{"href":"https:\/\/gopinkish.com\/fr\/wp-json\/wp\/v2\/types\/product"}],"wp:featuredmedia":[{"embeddable":true,"href":"https:\/\/gopinkish.com\/fr\/wp-json\/wp\/v2\/media\/30587"}],"wp:attachment":[{"href":"https:\/\/gopinkish.com\/fr\/wp-json\/wp\/v2\/media?parent=30579"}],"wp:term":[{"taxonomy":"pwb-brand","embeddable":true,"href":"https:\/\/gopinkish.com\/fr\/wp-json\/wp\/v2\/pwb-brand?post=30579"},{"taxonomy":"product_brand","embeddable":true,"href":"https:\/\/gopinkish.com\/fr\/wp-json\/wp\/v2\/product_brand?post=30579"},{"taxonomy":"product_cat","embeddable":true,"href":"https:\/\/gopinkish.com\/fr\/wp-json\/wp\/v2\/product_cat?post=30579"},{"taxonomy":"product_tag","embeddable":true,"href":"https:\/\/gopinkish.com\/fr\/wp-json\/wp\/v2\/product_tag?post=30579"}],"curies":[{"name":"wp","href":"https:\/\/api.w.org\/{rel}","templated":true}]}}