{"id":30548,"date":"2025-08-30T09:37:22","date_gmt":"2025-08-30T08:37:22","guid":{"rendered":"https:\/\/gopinkish.com\/?post_type=product&#038;p=30548"},"modified":"2026-04-20T19:56:20","modified_gmt":"2026-04-20T18:56:20","slug":"8809517411741","status":"publish","type":"product","link":"https:\/\/gopinkish.com\/fr\/produit\/8809517411741\/","title":{"rendered":"Masque raffermissant au collag\u00e8ne anti-\u00e2ge et anti-rides"},"content":{"rendered":"<p style=\"text-align: justify;\">Un masque en feuille anti-\u00e2ge formul\u00e9 avec un triple complexe de collag\u00e8ne, contenant du collag\u00e8ne hydrolys\u00e9, du collag\u00e8ne soluble et du collag\u00e8ne atelo, pour nourrir et restaurer l'\u00e9lasticit\u00e9 des peaux s\u00e8ches. L'allanto\u00efne contenue dans la formule renforce la fermet\u00e9 de la peau pour une apparence radieuse et jeune. Convient aux peaux sensibles.<\/p>\n<p style=\"text-align: justify;\"><strong>Les principaux ingr\u00e9dients :<\/strong><\/p>\n<p style=\"text-align: justify;\">Complexe de triple collag\u00e8ne : Contient du collag\u00e8ne hydrolys\u00e9, du collag\u00e8ne ac\u00e9tyl\u00e9 et du collag\u00e8ne soluble, qui maintient l'hydratation de la peau et favorise son \u00e9lasticit\u00e9.<\/p>\n<p style=\"text-align: justify;\">Elastine d\u00e9grad\u00e9e : Permet \u00e0 la peau de s'\u00e9tirer et de retrouver un aspect plus ferme et plus lisse.<\/p>\n<p dir=\"ltr\" style=\"text-align: center;\">\ud83c\uddec\ud83c\udde7 Medicube Masque liftant au collag\u00e8ne - Masque en feuille raffermissant avec triple complexe de collag\u00e8ne, allanto\u00efne et panth\u00e9nol pour l'hydratation et l'\u00e9lasticit\u00e9<br \/>\n\ud83c\uddeb\ud83c\uddf7 Masque Tissu Raffermissant Medicube Collagen - Complexe Triple Collag\u00e8ne, Allanto\u00efne &amp; Panth\u00e9nol pour Hydratation et \u00c9lasticit\u00e9 de la Peau<\/p>","protected":false},"excerpt":{"rendered":"<p>\u0642\u0646\u0627\u0639 \u0648\u0631\u0642\u064a \u0645\u0636\u0627\u062f \u0644\u0644\u0634\u064a\u062e\u0648\u062e\u0629 \u0645\u064f\u0631\u0643\u0651\u0628 \u0628\u0645\u0631\u0643\u0628 \u0627\u0644\u0643\u0648\u0644\u0627\u062c\u064a\u0646 \u0627\u0644\u062b\u0644\u0627\u062b\u064a\u060c \u0627\u0644\u0630\u064a \u064a\u062d\u062a\u0648\u064a \u0639\u0644\u0649 \u0627\u0644\u0643\u0648\u0644\u0627\u062c\u064a\u0646 \u0627\u0644\u0645\u064f\u062d\u0644\u0644\u060c \u0648\u0627\u0644\u0643\u0648\u0644\u0627\u062c\u064a\u0646 \u0627\u0644\u0642\u0627\u0628\u0644 \u0644\u0644\u0630\u0648\u0628\u0627\u0646\u060c \u0648\u0643\u0648\u0644\u0627\u062c\u064a\u0646 \u0627\u0644\u0623\u062a\u064a\u0644\u0648\u060c \u0644\u064a\u064f\u063a\u0630\u0651\u064a \u0627\u0644\u0628\u0634\u0631\u0629 \u0627\u0644\u062c\u0627\u0641\u0629 \u0648\u064a\u064f\u0639\u064a\u062f \u0625\u0644\u064a\u0647\u0627 \u0645\u0631\u0648\u0646\u062a\u0647\u0627. \u064a\u064f\u0639\u0632\u0651\u0632 \u0627\u0644\u0623\u0644\u0627\u0646\u062a\u0648\u064a\u0646 \u0627\u0644\u0645\u0648\u062c\u0648\u062f \u0641\u064a \u0627\u0644\u062a\u0631\u0643\u064a\u0628\u0629 \u0627\u0645\u062a\u0644\u0627\u0621 \u0627\u0644\u0628\u0634\u0631\u0629 \u0644\u064a\u0645\u0646\u062d\u0647\u0627 \u0645\u0638\u0647\u0631\u064b\u0627 \u0645\u064f\u0634\u0631\u0642\u064b\u0627 \u0648\u0634\u0628\u0627\u0628\u064a\u064b\u0627. \u0645\u0646\u0627\u0633\u0628 \u0644\u0644\u0628\u0634\u0631\u0629 \u0627\u0644\u062d\u0633\u0627\u0633\u0629. \u0627\u0644\u0645\u0643\u0648\u0646\u0627\u062a \u0627\u0644\u0631\u0626\u064a\u0633\u064a\u0629: \u0645\u0631\u0643\u0628 \u0627\u0644\u0643\u0648\u0644\u0627\u062c\u064a\u0646 \u0627\u0644\u062b\u0644\u0627\u062b\u064a : \u064a\u062d\u062a\u0648\u064a \u0639\u0644\u0649 \u0627\u0644\u0643\u0648\u0644\u0627\u062c\u064a\u0646 \u0627\u0644\u0645\u062a\u062d\u0644\u0644\u060c \u0648\u0643\u0648\u0644\u0627\u062c\u064a\u0646 \u0627\u0644\u0623\u062a\u064a\u0644\u0648\u060c \u0648\u0627\u0644\u0643\u0648\u0644\u0627\u062c\u064a\u0646 \u0627\u0644\u0642\u0627\u0628\u0644 \u0644\u0644\u0630\u0648\u0628\u0627\u0646\u060c \u0645\u0645\u0627 \u064a\u062d\u0627\u0641\u0638 [&hellip;]<\/p>\n","protected":false},"featured_media":30552,"template":"","meta":[],"pwb-brand":[1393],"product_brand":[],"product_cat":[1124],"product_tag":[672,688,1013,763],"class_list":{"0":"post-30548","1":"product","2":"type-product","3":"status-publish","4":"has-post-thumbnail","6":"pwb-brand-medicube","7":"product_cat-face-mask","8":"product_tag-wrinkles","9":"product_tag-sensitive","10":"product_tag-1013","11":"product_tag-korean-product-2","13":"first","14":"outofstock","15":"shipping-taxable","16":"product-type-variable","17":"has-default-attributes","18":"wvs-archive-product-wrapper"},"brands":[{"id":1393,"name":"MediCube","slug":"medicube"}],"_links":{"self":[{"href":"https:\/\/gopinkish.com\/fr\/wp-json\/wp\/v2\/product\/30548","targetHints":{"allow":["GET"]}}],"collection":[{"href":"https:\/\/gopinkish.com\/fr\/wp-json\/wp\/v2\/product"}],"about":[{"href":"https:\/\/gopinkish.com\/fr\/wp-json\/wp\/v2\/types\/product"}],"wp:featuredmedia":[{"embeddable":true,"href":"https:\/\/gopinkish.com\/fr\/wp-json\/wp\/v2\/media\/30552"}],"wp:attachment":[{"href":"https:\/\/gopinkish.com\/fr\/wp-json\/wp\/v2\/media?parent=30548"}],"wp:term":[{"taxonomy":"pwb-brand","embeddable":true,"href":"https:\/\/gopinkish.com\/fr\/wp-json\/wp\/v2\/pwb-brand?post=30548"},{"taxonomy":"product_brand","embeddable":true,"href":"https:\/\/gopinkish.com\/fr\/wp-json\/wp\/v2\/product_brand?post=30548"},{"taxonomy":"product_cat","embeddable":true,"href":"https:\/\/gopinkish.com\/fr\/wp-json\/wp\/v2\/product_cat?post=30548"},{"taxonomy":"product_tag","embeddable":true,"href":"https:\/\/gopinkish.com\/fr\/wp-json\/wp\/v2\/product_tag?post=30548"}],"curies":[{"name":"wp","href":"https:\/\/api.w.org\/{rel}","templated":true}]}}