{"id":30527,"date":"2025-09-02T01:55:24","date_gmt":"2025-09-02T00:55:24","guid":{"rendered":"https:\/\/gopinkish.com\/?post_type=product&#038;p=30527"},"modified":"2025-09-03T21:35:07","modified_gmt":"2025-09-03T20:35:07","slug":"8809626562921","status":"publish","type":"product","link":"https:\/\/gopinkish.com\/fr\/produit\/8809626562921\/","title":{"rendered":"Une mousse nettoyante cr\u00e9meuse enrichie de particules de bicarbonate de soude pour \u00e9liminer les impuret\u00e9s et la graisse des pores."},"content":{"rendered":"<p style=\"text-align: justify;\">Une mousse nettoyante riche et cr\u00e9meuse qui nettoie la peau en douceur et efficacement, tandis que de minuscules particules de bicarbonate de soude \u00e9liminent les impuret\u00e9s, la salet\u00e9 et le s\u00e9bum accumul\u00e9s dans les pores.<\/p>\n<p style=\"text-align: justify;\"><strong>Avantages :<\/strong><\/p>\n<p style=\"text-align: justify;\">Nettoyage en profondeur des pores - Ce nettoyant moussant, \u00e0 base de bicarbonate de soude, nettoie les pores en profondeur, en \u00e9liminant la salet\u00e9, l'exc\u00e8s de s\u00e9bum et les impuret\u00e9s.<\/p>\n<p style=\"text-align: justify;\">Exfoliation en douceur - Les fines particules de bicarbonate de soude permettent une exfoliation en douceur, contribuant \u00e0 lisser la texture de la peau sans l'irriter.<\/p>\n<p style=\"text-align: justify;\">Formule \u00e9quilibr\u00e9e - enrichie d'ingr\u00e9dients hydratants et apaisants pour maintenir la peau hydrat\u00e9e tout en contr\u00f4lant la production excessive de s\u00e9bum.<\/p>\n<p style=\"text-align: justify;\">Mousse rafra\u00eechissante - cr\u00e9e une mousse riche et cr\u00e9meuse qui laisse la peau propre, rafra\u00eechie et douce.<\/p>\n<p style=\"text-align: justify;\">Convient aux peaux grasses et mixtes - nettoie efficacement tout en pr\u00e9servant l'\u00e9quilibre naturel de la peau, ce qui en fait le produit id\u00e9al pour les personnes ayant une peau grasse ou mixte.<\/p>\n<p>&nbsp;<\/p>\n<p style=\"text-align: justify;\"><strong>Comment l'utiliser ?\u00a0<\/strong>Masser l'ensemble du visage avec une mousse onctueuse en effectuant des mouvements circulaires. Rincer \u00e0 l'eau ti\u00e8de.<\/p>\n<p dir=\"ltr\" style=\"text-align: center;\">\ud83c\uddec\ud83c\udde7 Celimax Ji.Woo.Gae Baking Soda Deep Pore Foam Cleansing - Formule de nettoyage en profondeur pour les peaux grasses\/combin\u00e9es<br \/>\n\ud83c\uddeb\ud83c\uddf7 Mousse Nettoyante Profonde Celimax Ji.Woo.Gae au Bicarbonate de Soude - Formule Purifiante pour Peaux Grasses\/Mixtes<\/p>","protected":false},"excerpt":{"rendered":"<p>\u0645\u0646\u0638\u0641 \u200b\u200b\u0631\u063a\u0648\u064a \u0643\u0631\u064a\u0645\u064a \u063a\u0646\u064a\u060c \u064a\u0646\u0638\u0641 \u0627\u0644\u0628\u0634\u0631\u0629 \u0628\u0644\u0637\u0641 \u0648\u0641\u0639\u0627\u0644\u064a\u0629\u060c \u0628\u064a\u0646\u0645\u0627 \u062a\u0632\u064a\u0644 \u062c\u0632\u064a\u0626\u0627\u062a \u0635\u0648\u062f\u0627 \u0627\u0644\u062e\u0628\u0632 \u0627\u0644\u0635\u063a\u064a\u0631\u0629 \u0627\u0644\u0634\u0648\u0627\u0626\u0628 \u0648\u0627\u0644\u0623\u0648\u0633\u0627\u062e \u0648\u0627\u0644\u062f\u0647\u0648\u0646 \u0627\u0644\u0645\u062a\u0631\u0627\u0643\u0645\u0629 \u062f\u0627\u062e\u0644 \u0627\u0644\u0645\u0633\u0627\u0645. \u0627\u0644\u0645\u0632\u0627\u064a\u0627: \u062a\u0646\u0638\u064a\u0641 \u0639\u0645\u064a\u0642 \u0644\u0644\u0645\u0633\u0627\u0645 &#8211; \u0647\u0630\u0627 \u0627\u0644\u0645\u0646\u0638\u0641 \u0627\u0644\u0631\u063a\u0648\u064a\u060c \u0627\u0644\u0645\u0635\u0646\u0648\u0639 \u0645\u0646 \u0635\u0648\u062f\u0627 \u0627\u0644\u062e\u0628\u0632\u060c \u064a\u0646\u0638\u0641 \u0627\u0644\u0645\u0633\u0627\u0645 \u0628\u0639\u0645\u0642\u060c \u0648\u064a\u0632\u064a\u0644 \u0627\u0644\u0623\u0648\u0633\u0627\u062e \u0648\u0627\u0644\u0632\u064a\u0648\u062a \u0627\u0644\u0632\u0627\u0626\u062f\u0629 \u0648\u0627\u0644\u0634\u0648\u0627\u0626\u0628. \u062a\u0642\u0634\u064a\u0631 \u0644\u0637\u064a\u0641 &#8211; \u062a\u0648\u0641\u0631 \u062c\u0632\u064a\u0626\u0627\u062a \u0635\u0648\u062f\u0627 \u0627\u0644\u062e\u0628\u0632 \u0627\u0644\u062f\u0642\u064a\u0642\u0629 \u062a\u0642\u0634\u064a\u0631\u064b\u0627 \u0644\u0637\u064a\u0641\u064b\u0627\u060c \u0645\u0645\u0627 \u064a\u0633\u0627\u0639\u062f \u0639\u0644\u0649 \u062a\u0646\u0639\u064a\u0645 \u0645\u0644\u0645\u0633 [&hellip;]<\/p>\n","protected":false},"featured_media":30528,"template":"","meta":[],"pwb-brand":[1450],"product_brand":[],"product_cat":[1119],"product_tag":[],"class_list":{"0":"post-30527","1":"product","2":"type-product","3":"status-publish","4":"has-post-thumbnail","6":"pwb-brand-celimax","7":"product_cat-face-wash","9":"first","10":"instock","11":"shipping-taxable","12":"purchasable","13":"product-type-variable","14":"has-default-attributes","15":"wvs-archive-product-wrapper"},"brands":[{"id":1450,"name":"Celimax","slug":"celimax"}],"_links":{"self":[{"href":"https:\/\/gopinkish.com\/fr\/wp-json\/wp\/v2\/product\/30527","targetHints":{"allow":["GET"]}}],"collection":[{"href":"https:\/\/gopinkish.com\/fr\/wp-json\/wp\/v2\/product"}],"about":[{"href":"https:\/\/gopinkish.com\/fr\/wp-json\/wp\/v2\/types\/product"}],"wp:featuredmedia":[{"embeddable":true,"href":"https:\/\/gopinkish.com\/fr\/wp-json\/wp\/v2\/media\/30528"}],"wp:attachment":[{"href":"https:\/\/gopinkish.com\/fr\/wp-json\/wp\/v2\/media?parent=30527"}],"wp:term":[{"taxonomy":"pwb-brand","embeddable":true,"href":"https:\/\/gopinkish.com\/fr\/wp-json\/wp\/v2\/pwb-brand?post=30527"},{"taxonomy":"product_brand","embeddable":true,"href":"https:\/\/gopinkish.com\/fr\/wp-json\/wp\/v2\/product_brand?post=30527"},{"taxonomy":"product_cat","embeddable":true,"href":"https:\/\/gopinkish.com\/fr\/wp-json\/wp\/v2\/product_cat?post=30527"},{"taxonomy":"product_tag","embeddable":true,"href":"https:\/\/gopinkish.com\/fr\/wp-json\/wp\/v2\/product_tag?post=30527"}],"curies":[{"name":"wp","href":"https:\/\/api.w.org\/{rel}","templated":true}]}}