{"id":30524,"date":"2024-09-02T01:43:18","date_gmt":"2024-09-02T00:43:18","guid":{"rendered":"https:\/\/gopinkish.com\/?post_type=product&#038;p=30524"},"modified":"2026-05-14T00:22:28","modified_gmt":"2026-05-13T23:22:28","slug":"3178041309752","status":"publish","type":"product","link":"https:\/\/gopinkish.com\/fr\/produit\/3178041309752\/","title":{"rendered":"Mont St. Michel Instant Insol\u00e9 Cologne"},"content":{"rendered":"<p style=\"text-align: justify;\">Le parfum Instant Insol\u00e9 du Mont Saint Michel vous donne la sensation de chaleur du soleil sur votre peau. Il contient des notes d'agrumes p\u00e9tillantes, de n\u00e9roli et de jasmin captivant. Fabriqu\u00e9 en France avec beaucoup de soin et d'amour, ce parfum est parfait pour les saisons chaudes.<\/p>\n<p dir=\"ltr\" style=\"text-align: center;\">\ud83c\uddec\ud83c\udde7 Mont Saint Michel Eau de Cologne Instant Ensoleill\u00e9 - Parfum agrumes et n\u00e9roli dans un flacon en verre de 250 ml<br \/>\n\ud83c\uddeb\ud83c\uddf7 Eau de Cologne Mont Saint Michel Instant Ensoleill\u00e9 - Parfum Agrumes &amp; N\u00e9roli en Flacon Verre 250ml<\/p>","protected":false},"excerpt":{"rendered":"<p>\u064a\u0645\u0646\u062d\u0643\u0650 \u0639\u0637\u0631 &#8220;\u0625\u0646\u0633\u062a\u0627\u0646\u062a \u0625\u0646\u0633\u0648\u0644\u064a\u0647&#8221; \u0645\u0646 \u0645\u0648\u0646\u062a \u0633\u0627\u0646\u062a \u0645\u064a\u0634\u064a\u0644 \u0625\u062d\u0633\u0627\u0633\u064b\u0627 \u062f\u0627\u0641\u0626\u064b\u0627 \u0628\u062f\u0641\u0621 \u0627\u0644\u0634\u0645\u0633 \u0639\u0644\u0649 \u0628\u0634\u0631\u062a\u0643\u0650. \u064a\u062d\u062a\u0648\u064a \u0639\u0644\u0649 \u0646\u0641\u062d\u0627\u062a \u0645\u0646 \u0627\u0644\u062d\u0645\u0636\u064a\u0627\u062a \u0627\u0644\u0645\u062a\u0623\u0644\u0642\u0629\u060c \u0648\u0632\u0647\u0631 \u0627\u0644\u0646\u064a\u0631\u0648\u0644\u064a\u060c \u0648\u0627\u0644\u064a\u0627\u0633\u0645\u064a\u0646 \u0627\u0644\u0622\u0633\u0631. \u0635\u064f\u0646\u0639 \u0647\u0630\u0627 \u0627\u0644\u0639\u0637\u0631 \u0641\u064a \u0641\u0631\u0646\u0633\u0627 \u0628\u0639\u0646\u0627\u064a\u0629 \u0641\u0627\u0626\u0642\u0629 \u0648\u062d\u0628\u060c \u0648\u0647\u0648 \u0627\u0644\u0639\u0637\u0631 \u0627\u0644\u0645\u062b\u0627\u0644\u064a \u0644\u0644\u0641\u0635\u0648\u0644 \u0627\u0644\u062f\u0627\u0641\u0626\u0629. \ud83c\uddec\ud83c\udde7 Mont Saint Michel Eau de Cologne Instant Ensoleill\u00e9 \u2013 Citrus &amp; Neroli Fragrance in 250ml Glass Bottle [&hellip;]<\/p>\n","protected":false},"featured_media":30525,"template":"","meta":[],"pwb-brand":[],"product_brand":[],"product_cat":[1364],"product_tag":[],"class_list":{"0":"post-30524","1":"product","2":"type-product","3":"status-publish","4":"has-post-thumbnail","6":"product_cat-body-perfumes","8":"first","9":"instock","10":"shipping-taxable","11":"purchasable","12":"product-type-variable","13":"has-default-attributes","14":"wvs-archive-product-wrapper"},"brands":[],"_links":{"self":[{"href":"https:\/\/gopinkish.com\/fr\/wp-json\/wp\/v2\/product\/30524","targetHints":{"allow":["GET"]}}],"collection":[{"href":"https:\/\/gopinkish.com\/fr\/wp-json\/wp\/v2\/product"}],"about":[{"href":"https:\/\/gopinkish.com\/fr\/wp-json\/wp\/v2\/types\/product"}],"wp:featuredmedia":[{"embeddable":true,"href":"https:\/\/gopinkish.com\/fr\/wp-json\/wp\/v2\/media\/30525"}],"wp:attachment":[{"href":"https:\/\/gopinkish.com\/fr\/wp-json\/wp\/v2\/media?parent=30524"}],"wp:term":[{"taxonomy":"pwb-brand","embeddable":true,"href":"https:\/\/gopinkish.com\/fr\/wp-json\/wp\/v2\/pwb-brand?post=30524"},{"taxonomy":"product_brand","embeddable":true,"href":"https:\/\/gopinkish.com\/fr\/wp-json\/wp\/v2\/product_brand?post=30524"},{"taxonomy":"product_cat","embeddable":true,"href":"https:\/\/gopinkish.com\/fr\/wp-json\/wp\/v2\/product_cat?post=30524"},{"taxonomy":"product_tag","embeddable":true,"href":"https:\/\/gopinkish.com\/fr\/wp-json\/wp\/v2\/product_tag?post=30524"}],"curies":[{"name":"wp","href":"https:\/\/api.w.org\/{rel}","templated":true}]}}