{"id":30518,"date":"2025-09-02T01:34:50","date_gmt":"2025-09-02T00:34:50","guid":{"rendered":"https:\/\/gopinkish.com\/?post_type=product&#038;p=30518"},"modified":"2025-12-24T14:51:32","modified_gmt":"2025-12-24T13:51:32","slug":"4901872471997","status":"publish","type":"product","link":"https:\/\/gopinkish.com\/fr\/produit\/4901872471997\/","title":{"rendered":"R\u00e9parer, \u00e9paissir et renforcer les cheveux ab\u00eem\u00e9s Huile S\u00e9rum R\u00e9parateur"},"content":{"rendered":"<p style=\"text-align: justify;\">\u0632\u064a\u062a \u0627\u0644\u0634\u0639\u0631 \u0641\u064a\u0646\u0648 \u0628\u0631\u064a\u0645\u064a\u0648\u0645 \u062a\u0627\u062a\u0634 \u064a\u064f\u0635\u0644\u062d \u0627\u0644\u0634\u0639\u0631 \u0627\u0644\u062a\u0627\u0644\u0641 \u0628\u0643\u062b\u0627\u0641\u0629\u060c \u0645\u0645\u0627 \u064a\u062c\u0639\u0644\u0647 \u0625\u0636\u0627\u0641\u0629 \u0631\u0627\u0626\u0639\u0629 \u0644\u0645\u0627\u0633\u0643 \u0627\u0644\u0634\u0639\u0631 \u0641\u064a\u0646\u0648 \u0628\u0631\u064a\u0645\u064a\u0648\u0645 \u062a\u0627\u062a\u0634. \u0645\u062b\u0627\u0644\u064a \u0644\u0644\u0634\u0639\u0631 \u0627\u0644\u062c\u0627\u0641 \u0623\u0648 \u0627\u0644\u062a\u0627\u0644\u0641 \u0646\u062a\u064a\u062c\u0629 \u0639\u0648\u0627\u0645\u0644 \u0627\u0644\u0637\u0642\u0633\u060c \u0648\u0627\u0644\u0623\u0634\u0639\u0629 \u0641\u0648\u0642 \u0627\u0644\u0628\u0646\u0641\u0633\u062c\u064a\u0629\u060c \u0623\u0648 \u0639\u0644\u0627\u062c\u0627\u062a \u0645\u062b\u0644 \u0627\u0644\u0635\u0628\u063a\u0627\u062a\u060c \u0641\u0647\u0648 \u064a\u064f\u0646\u0639\u0645 \u0645\u0644\u0645\u0633 \u0627\u0644\u0634\u0639\u0631 \u0648\u064a\u064f\u0635\u0644\u062d \u062d\u062a\u0649 \u0623\u0635\u063a\u0631 \u0627\u0644\u0623\u0636\u0631\u0627\u0631. \u062a\u0631\u0643\u064a\u0628\u062a\u0647 \u062e\u0641\u064a\u0641\u0629 \u0627\u0644\u0648\u0632\u0646 \u0648\u063a\u064a\u0631 \u062f\u0647\u0646\u064a\u0629 \u062a\u064f\u0636\u0641\u064a \u0639\u0644\u0649 \u0627\u0644\u0634\u0639\u0631 \u0645\u0644\u0645\u0633\u064b\u0627 \u0635\u062d\u064a\u064b\u0627 \u0648\u0646\u0627\u0639\u0645\u064b\u0627\u060c \u0628\u0631\u0627\u0626\u062d\u0629 \u0632\u0647\u0631\u064a\u0629 \u0645\u0646\u0639\u0634\u0629.<\/p>\n<p style=\"text-align: justify;\">Caract\u00e9ristiques :<\/p>\n<p style=\"text-align: justify;\">&#8211; \u064a\u0633\u062a\u0647\u062f\u0641 \u0648\u064a\u0635\u0644\u062d \u062a\u0644\u0641 \u0627\u0644\u0634\u0639\u0631 \u0627\u0644\u062f\u0627\u062e\u0644\u064a\u060c \u0648\u064a\u0639\u0632\u0632 \u0635\u062d\u0629 \u062e\u0635\u0644\u0627\u062a \u0627\u0644\u0634\u0639\u0631 \u0645\u0646 \u0627\u0644\u062f\u0627\u062e\u0644.<br \/>\n&#8211; \u064a\u0648\u0641\u0631 \u0637\u0628\u0642\u0629 \u062d\u0645\u0627\u064a\u0629 \u0646\u0627\u0639\u0645\u0629\u060c \u0648\u064a\u0635\u0644\u062d \u0627\u0644\u062a\u0644\u0641 \u0627\u0644\u0633\u0637\u062d\u064a \u0648\u064a\u0645\u0646\u0639 \u0627\u0644\u062a\u0643\u0633\u0631.<br \/>\n&#8211; \u064a\u0636\u064a\u0641 \u0644\u0645\u0639\u0627\u0646\u064b\u0627 \u0637\u0628\u064a\u0639\u064a\u064b\u0627 \u0648\u0644\u0627\u0645\u0639\u064b\u0627 \u062f\u0648\u0646 \u062a\u0631\u0643 \u0623\u064a \u0628\u0642\u0627\u064a\u0627 \u062f\u0647\u0646\u064a\u0629.<br \/>\n&#8211; \u064a\u0643\u0634\u0641 \u0648\u064a\u0635\u0644\u062d \u062d\u062a\u0649 \u0623\u062f\u0646\u0649 \u062a\u0644\u0641 \u0641\u064a \u0627\u0644\u0634\u0639\u0631\u060c \u0648\u064a\u0639\u064a\u062f\u0647 \u0625\u0644\u0649 \u062d\u0627\u0644\u062a\u0647 \u0627\u0644\u0635\u062d\u064a\u0629.<br \/>\n&#8211; \u062a\u0631\u0643\u064a\u0628\u0629 \u0627\u0644\u0632\u064a\u062a \u0627\u0644\u0645\u0632\u062f\u0648\u062c\u0629 \u062a\u062d\u0645\u064a \u0627\u0644\u0634\u0639\u0631 \u0645\u0646 \u0627\u0644\u062a\u0644\u0641 \u0627\u0644\u0646\u0627\u062a\u062c \u0639\u0646 \u0627\u0644\u062d\u0631\u0627\u0631\u0629 \u0648\u0627\u0644\u0627\u062d\u062a\u0643\u0627\u0643\u060c \u0648\u062a\u062d\u0627\u0641\u0638 \u0639\u0644\u064a\u0647 \u0622\u0645\u0646\u064b\u0627 \u0637\u0648\u0627\u0644 \u0627\u0644\u064a\u0648\u0645.<\/p>\n<p dir=\"ltr\" style=\"text-align: center;\">\ud83c\uddec\ud83c\udde7 Shiseido Fino Premium Touch Hair Oil \u2013 Floral-Scented Repair Oil for Dry\/Damaged Hair<br \/>\n\ud83c\uddeb\ud83c\uddf7 Huile Capillaire Shiseido Fino Premium Touch \u2013 Soin R\u00e9parateur Parfum\u00e9 aux Fleurs pour Cheveux Secs\/Ab\u00eem\u00e9s<\/p>","protected":false},"excerpt":{"rendered":"<p>\u0632\u064a\u062a \u0627\u0644\u0634\u0639\u0631 \u0641\u064a\u0646\u0648 \u0628\u0631\u064a\u0645\u064a\u0648\u0645 \u062a\u0627\u062a\u0634 \u064a\u064f\u0635\u0644\u062d \u0627\u0644\u0634\u0639\u0631 \u0627\u0644\u062a\u0627\u0644\u0641 \u0628\u0643\u062b\u0627\u0641\u0629\u060c \u0645\u0645\u0627 \u064a\u062c\u0639\u0644\u0647 \u0625\u0636\u0627\u0641\u0629 \u0631\u0627\u0626\u0639\u0629 \u0644\u0645\u0627\u0633\u0643 \u0627\u0644\u0634\u0639\u0631 \u0641\u064a\u0646\u0648 \u0628\u0631\u064a\u0645\u064a\u0648\u0645 \u062a\u0627\u062a\u0634. \u0645\u062b\u0627\u0644\u064a \u0644\u0644\u0634\u0639\u0631 \u0627\u0644\u062c\u0627\u0641 \u0623\u0648 \u0627\u0644\u062a\u0627\u0644\u0641 \u0646\u062a\u064a\u062c\u0629 \u0639\u0648\u0627\u0645\u0644 \u0627\u0644\u0637\u0642\u0633\u060c \u0648\u0627\u0644\u0623\u0634\u0639\u0629 \u0641\u0648\u0642 \u0627\u0644\u0628\u0646\u0641\u0633\u062c\u064a\u0629\u060c \u0623\u0648 \u0639\u0644\u0627\u062c\u0627\u062a \u0645\u062b\u0644 \u0627\u0644\u0635\u0628\u063a\u0627\u062a\u060c \u0641\u0647\u0648 \u064a\u064f\u0646\u0639\u0645 \u0645\u0644\u0645\u0633 \u0627\u0644\u0634\u0639\u0631 \u0648\u064a\u064f\u0635\u0644\u062d \u062d\u062a\u0649 \u0623\u0635\u063a\u0631 \u0627\u0644\u0623\u0636\u0631\u0627\u0631. \u062a\u0631\u0643\u064a\u0628\u062a\u0647 \u062e\u0641\u064a\u0641\u0629 \u0627\u0644\u0648\u0632\u0646 \u0648\u063a\u064a\u0631 \u062f\u0647\u0646\u064a\u0629 \u062a\u064f\u0636\u0641\u064a \u0639\u0644\u0649 \u0627\u0644\u0634\u0639\u0631 \u0645\u0644\u0645\u0633\u064b\u0627 \u0635\u062d\u064a\u064b\u0627 \u0648\u0646\u0627\u0639\u0645\u064b\u0627\u060c \u0628\u0631\u0627\u0626\u062d\u0629 \u0632\u0647\u0631\u064a\u0629 \u0645\u0646\u0639\u0634\u0629. [&hellip;]<\/p>\n","protected":false},"featured_media":30522,"template":"","meta":[],"pwb-brand":[1333],"product_brand":[],"product_cat":[1154,1153],"product_tag":[],"class_list":{"0":"post-30518","1":"product","2":"type-product","3":"status-publish","4":"has-post-thumbnail","6":"pwb-brand-fino","7":"product_cat-hair-serum","8":"product_cat-hair-oil","10":"first","11":"outofstock","12":"shipping-taxable","13":"product-type-variable","14":"has-default-attributes","15":"wvs-archive-product-wrapper"},"brands":[{"id":1333,"name":"Shiseido Fino","slug":"fino"}],"_links":{"self":[{"href":"https:\/\/gopinkish.com\/fr\/wp-json\/wp\/v2\/product\/30518","targetHints":{"allow":["GET"]}}],"collection":[{"href":"https:\/\/gopinkish.com\/fr\/wp-json\/wp\/v2\/product"}],"about":[{"href":"https:\/\/gopinkish.com\/fr\/wp-json\/wp\/v2\/types\/product"}],"wp:featuredmedia":[{"embeddable":true,"href":"https:\/\/gopinkish.com\/fr\/wp-json\/wp\/v2\/media\/30522"}],"wp:attachment":[{"href":"https:\/\/gopinkish.com\/fr\/wp-json\/wp\/v2\/media?parent=30518"}],"wp:term":[{"taxonomy":"pwb-brand","embeddable":true,"href":"https:\/\/gopinkish.com\/fr\/wp-json\/wp\/v2\/pwb-brand?post=30518"},{"taxonomy":"product_brand","embeddable":true,"href":"https:\/\/gopinkish.com\/fr\/wp-json\/wp\/v2\/product_brand?post=30518"},{"taxonomy":"product_cat","embeddable":true,"href":"https:\/\/gopinkish.com\/fr\/wp-json\/wp\/v2\/product_cat?post=30518"},{"taxonomy":"product_tag","embeddable":true,"href":"https:\/\/gopinkish.com\/fr\/wp-json\/wp\/v2\/product_tag?post=30518"}],"curies":[{"name":"wp","href":"https:\/\/api.w.org\/{rel}","templated":true}]}}