{"id":30487,"date":"2025-09-02T01:01:05","date_gmt":"2025-09-02T00:01:05","guid":{"rendered":"https:\/\/gopinkish.com\/?post_type=product&#038;p=30487"},"modified":"2026-03-01T15:41:01","modified_gmt":"2026-03-01T14:41:01","slug":"8809875456354","status":"publish","type":"product","link":"https:\/\/gopinkish.com\/fr\/produit\/8809875456354\/","title":{"rendered":"Glowing Collagen Gel Toner Slides"},"content":{"rendered":"<p style=\"text-align: justify;\">Bandes de collag\u00e8ne absorbant en profondeur, \u00e9clatantes et lumineuses.<\/p>\n<p style=\"text-align: justify;\">\u00c9claircissant hautement concentr\u00e9 : 410 000 ppm d'eau d'Hippophae rhamnoides et 200 daltons de collag\u00e8ne \u00e0 faible poids mol\u00e9culaire sont rapidement absorb\u00e9s par la peau pour \u00e9claircir, hydrater et renforcer la barri\u00e8re protectrice de la peau en une seule fois.<\/p>\n<p style=\"text-align: justify;\">Les principaux ingr\u00e9dients :<\/p>\n<p style=\"text-align: justify;\">L'eau Hippophae Rhamnoides (410 000 ppm) est une eau v\u00e9g\u00e9tale riche en vitamines : Enrichie en vitamines et en antioxydants, elle aide \u00e0 minimiser les impuret\u00e9s et \u00e0 renforcer la barri\u00e8re cutan\u00e9e pour une peau plus lumineuse et d'apparence plus saine.<\/p>\n<p style=\"text-align: justify;\">Glutathion pour le soin des taches brunes et de la pigmentation : Le glutathion 98% hautement purifi\u00e9 inhibe la production de m\u00e9lanine, \u00e9claircit le teint de la peau et am\u00e9liore l'apparence des taches brunes et de la pigmentation.<\/p>\n<p style=\"text-align: justify;\">La truffe blanche stimule l'\u00e9clat et le collag\u00e8ne : La truffe blanche revitalise la peau et stimule la production de collag\u00e8ne pour une peau plus ferme et plus \u00e9clatante.<\/p>\n<p dir=\"ltr\" style=\"text-align: center;\">\ud83c\uddec\ud83c\udde7 Eqqualberry Collagen Glow Up Gel Toner Pads - Tampons amplificateurs d'\u00e9clat au collag\u00e8ne et aux extraits botaniques<br \/>\n\ud83c\uddeb\ud83c\uddf7 Disques Tonifiants Gel Eqqualberry Collagen Glow Up - Pads \u00c9clat au Collag\u00e8ne et Extraits Botaniques<\/p>","protected":false},"excerpt":{"rendered":"<p>\u0634\u0631\u0627\u0626\u062d \u0627\u0644\u0643\u0648\u0644\u0627\u062c\u064a\u0646 \u0627\u0644\u0645\u062a\u0648\u0647\u062c\u0629 \u0648\u0627\u0644\u0645\u064f\u0634\u0631\u0642\u0629 \u0630\u0627\u062a \u0627\u0644\u0627\u0645\u062a\u0635\u0627\u0635 \u0627\u0644\u0639\u0645\u064a\u0642. \u0645\u064f\u0641\u062a\u0650\u0651\u062d \u0639\u0627\u0644\u064a \u0627\u0644\u062a\u0631\u0643\u064a\u0632: 410,000 \u062c\u0632\u0621 \u0641\u064a \u0627\u0644\u0645\u0644\u064a\u0648\u0646 \u0645\u0646 \u0645\u0627\u0621 \u0647\u064a\u0628\u0648\u0641\u0627\u064a \u0631\u0627\u0645\u0646\u0648\u064a\u062f\u0633 \u0648 200 \u062f\u0627\u0644\u062a\u0648\u0646 \u0645\u0646 \u0627\u0644\u0643\u0648\u0644\u0627\u062c\u064a\u0646 \u0645\u0646\u062e\u0641\u0636 \u0627\u0644\u062c\u0632\u064a\u0626\u0627\u062a\u060c \u064a\u064f\u0645\u062a\u0635\u0651\u0627\u0646 \u0628\u0633\u0631\u0639\u0629 \u0641\u064a \u0627\u0644\u0628\u0634\u0631\u0629 \u0644\u062a\u0641\u062a\u064a\u062d\u0647\u0627 \u0648\u062a\u0631\u0637\u064a\u0628\u0647\u0627 \u0648\u062a\u0642\u0648\u064a\u0629 \u062d\u0627\u062c\u0632\u0647\u0627 \u0627\u0644\u0648\u0627\u0642\u064a \u062f\u0641\u0639\u0629\u064b \u0648\u0627\u062d\u062f\u0629. \u0627\u0644\u0645\u0643\u0648\u0646\u0627\u062a \u0627\u0644\u0631\u0626\u064a\u0633\u064a\u0629: \u0645\u0627\u0621 \u0647\u064a\u0628\u0648\u0641\u0627\u064a \u0631\u0627\u0645\u0646\u0648\u064a\u062f\u0633 (410,000 \u062c\u0632\u0621 \u0641\u064a \u0627\u0644\u0645\u0644\u064a\u0648\u0646) \u0645\u0627\u0621 \u0646\u0628\u0627\u062a\u064a \u063a\u0646\u064a \u0628\u0627\u0644\u0641\u064a\u062a\u0627\u0645\u064a\u0646\u0627\u062a :\u00a0\u063a\u0646\u064a \u0628\u0627\u0644\u0641\u064a\u062a\u0627\u0645\u064a\u0646\u0627\u062a \u0648\u0645\u0636\u0627\u062f\u0627\u062a \u0627\u0644\u0623\u0643\u0633\u062f\u0629\u060c \u064a\u0633\u0627\u0639\u062f \u0639\u0644\u0649 [&hellip;]<\/p>\n","protected":false},"featured_media":30488,"template":"","meta":[],"pwb-brand":[1447],"product_brand":[],"product_cat":[1123,1121],"product_tag":[675,685,671],"class_list":{"0":"post-30487","1":"product","2":"type-product","3":"status-publish","4":"has-post-thumbnail","6":"pwb-brand-eqqual-berry","7":"product_cat-face-bright","8":"product_cat-face-moist","9":"product_tag-spots","10":"product_tag-brightening","11":"product_tag-pigmentation","13":"first","14":"instock","15":"shipping-taxable","16":"purchasable","17":"product-type-variable","18":"has-default-attributes","19":"wvs-archive-product-wrapper"},"brands":[{"id":1447,"name":"EqualBerry","slug":"eqqual-berry"}],"_links":{"self":[{"href":"https:\/\/gopinkish.com\/fr\/wp-json\/wp\/v2\/product\/30487","targetHints":{"allow":["GET"]}}],"collection":[{"href":"https:\/\/gopinkish.com\/fr\/wp-json\/wp\/v2\/product"}],"about":[{"href":"https:\/\/gopinkish.com\/fr\/wp-json\/wp\/v2\/types\/product"}],"wp:featuredmedia":[{"embeddable":true,"href":"https:\/\/gopinkish.com\/fr\/wp-json\/wp\/v2\/media\/30488"}],"wp:attachment":[{"href":"https:\/\/gopinkish.com\/fr\/wp-json\/wp\/v2\/media?parent=30487"}],"wp:term":[{"taxonomy":"pwb-brand","embeddable":true,"href":"https:\/\/gopinkish.com\/fr\/wp-json\/wp\/v2\/pwb-brand?post=30487"},{"taxonomy":"product_brand","embeddable":true,"href":"https:\/\/gopinkish.com\/fr\/wp-json\/wp\/v2\/product_brand?post=30487"},{"taxonomy":"product_cat","embeddable":true,"href":"https:\/\/gopinkish.com\/fr\/wp-json\/wp\/v2\/product_cat?post=30487"},{"taxonomy":"product_tag","embeddable":true,"href":"https:\/\/gopinkish.com\/fr\/wp-json\/wp\/v2\/product_tag?post=30487"}],"curies":[{"name":"wp","href":"https:\/\/api.w.org\/{rel}","templated":true}]}}