{"id":30482,"date":"2026-04-20T00:50:00","date_gmt":"2026-04-19T23:50:00","guid":{"rendered":"https:\/\/gopinkish.com\/?post_type=product&#038;p=30482"},"modified":"2026-04-25T22:28:52","modified_gmt":"2026-04-25T21:28:52","slug":"8809652585055","status":"publish","type":"product","link":"https:\/\/gopinkish.com\/fr\/produit\/8809652585055\/","title":{"rendered":"Une cr\u00e8me enrichie en glutathion et en niacinamide pour unifier le teint, \u00e9liminer les taches brunes et \u00e9claircir le teint."},"content":{"rendered":"<p style=\"text-align: justify;\">Enrichie de glutathion, de niacinamide et de l'ingr\u00e9dient brevet\u00e9 Melazero, cette cr\u00e8me \u00e9claircissante estompe les taches brunes et unifie le teint pour un teint radieux et jeune. Elle contient huit types de peptides qui apportent un soin anti-\u00e2ge. Elle peut \u00e9galement \u00eatre utilis\u00e9e comme masque de sommeil.<\/p>\n<p style=\"text-align: justify;\"><strong>Avantages :<\/strong><\/p>\n<p style=\"text-align: justify;\">- Cette cr\u00e8me pour le visage aide \u00e0 \u00e9liminer les taches sombres et les imperfections, tout en r\u00e9parant la barri\u00e8re cutan\u00e9e endommag\u00e9e.<\/p>\n<p style=\"text-align: justify;\">- Enrichi en glutathion et en L-cyst\u00e9ine, il att\u00e9nue efficacement les taches brunes et redonne de l'\u00e9clat \u00e0 la peau.<\/p>\n<p style=\"text-align: justify;\">- Le b\u00eata-sitost\u00e9rol et le panth\u00e9nol assurent la r\u00e9paration de la barri\u00e8re et l'hydratation, r\u00e9duisant ainsi la r\u00e9g\u00e9n\u00e9ration de la peau.<\/p>\n<p style=\"text-align: justify;\">- Il a pass\u00e9 le test d'irritation cutan\u00e9e et peut \u00eatre utilis\u00e9 sur les peaux sensibles.<\/p>\n<p dir=\"ltr\" style=\"text-align: center;\">\ud83c\uddec\ud83c\udde7 Numbuzin No.5 Vitamin Glutathione Dark Spot Laser Cream - Soin intensif \u00e9claircissant au glutathion et au niacinamide<br \/>\n\ud83c\uddeb\ud83c\uddf7 Cr\u00e8me Laser Anti-Taches Numbuzin No.5 Vitamine &amp; Glutathione - Soin \u00c9claircissant Intensif au Glutathione &amp; Niacinamide<\/p>","protected":false},"excerpt":{"rendered":"<p>\u0647\u0630\u0627 \u0627\u0644\u0643\u0631\u064a\u0645 \u0627\u0644\u0645\u064f\u0634\u0631\u0642\u060c \u0627\u0644\u0645\u064f\u0639\u0632\u0632 \u0628\u0627\u0644\u062c\u0644\u0648\u062a\u0627\u062b\u064a\u0648\u0646 \u0648\u0627\u0644\u0646\u064a\u0627\u0633\u064a\u0646\u0627\u0645\u064a\u062f \u0648\u0645\u0643\u0648\u0646 \u0645\u064a\u0644\u0627\u0632\u064a\u0631\u0648 \u0627\u0644\u062d\u0627\u0635\u0644 \u0639\u0644\u0649 \u0628\u0631\u0627\u0621\u0629 \u0627\u062e\u062a\u0631\u0627\u0639\u060c \u064a\u064f\u062e\u0641\u064a \u0627\u0644\u0628\u0642\u0639 \u0627\u0644\u062f\u0627\u0643\u0646\u0629 \u0648\u064a\u064f\u0648\u062d\u062f \u0644\u0648\u0646 \u0627\u0644\u0628\u0634\u0631\u0629 \u0644\u0628\u0634\u0631\u0629 \u0645\u064f\u0634\u0631\u0642\u0629 \u0648\u0634\u0628\u0627\u0628\u064a\u0629. \u064a\u062d\u062a\u0648\u064a \u0639\u0644\u0649 \u062b\u0645\u0627\u0646\u064a\u0629 \u0623\u0646\u0648\u0627\u0639 \u0645\u0646 \u0627\u0644\u0628\u0628\u062a\u064a\u062f\u0627\u062a \u062a\u064f\u0642\u062f\u0645 \u0639\u0646\u0627\u064a\u0629 \u0645\u064f\u0636\u0627\u062f\u0629 \u0644\u0644\u0634\u064a\u062e\u0648\u062e\u0629. \u064a\u064f\u0645\u0643\u0646 \u0627\u0633\u062a\u062e\u062f\u0627\u0645\u0647 \u0623\u064a\u0636\u064b\u0627 \u0643\u0643\u0645\u0627\u062f\u0629 \u0644\u0644\u0646\u0648\u0645. \u0627\u0644\u0641\u0648\u0627\u0626\u062f: &#8211; \u064a\u0633\u0627\u0639\u062f \u0643\u0631\u064a\u0645 \u0627\u0644\u0648\u062c\u0647 \u0647\u0630\u0627 \u0639\u0644\u0649 \u0627\u0644\u062a\u062e\u0644\u0635 \u0645\u0646 \u0627\u0644\u0628\u0642\u0639 \u0627\u0644\u062f\u0627\u0643\u0646\u0629 \u0648\u0627\u0644\u0634\u0648\u0627\u0626\u0628\u060c \u0645\u0639 \u0625\u0635\u0644\u0627\u062d \u062d\u0627\u062c\u0632 \u0627\u0644\u0628\u0634\u0631\u0629 \u0627\u0644\u062a\u0627\u0644\u0641 \u0641\u064a \u0627\u0644\u0648\u0642\u062a [&hellip;]<\/p>\n","protected":false},"featured_media":30485,"template":"","meta":[],"pwb-brand":[1332],"product_brand":[],"product_cat":[1123],"product_tag":[675,685,671,763],"class_list":{"0":"post-30482","1":"product","2":"type-product","3":"status-publish","4":"has-post-thumbnail","6":"pwb-brand-numbuzin","7":"product_cat-face-bright","8":"product_tag-spots","9":"product_tag-brightening","10":"product_tag-pigmentation","11":"product_tag-korean-product-2","13":"first","14":"instock","15":"shipping-taxable","16":"purchasable","17":"product-type-variable","18":"has-default-attributes","19":"wvs-archive-product-wrapper"},"brands":[{"id":1332,"name":"Numbuzin","slug":"numbuzin"}],"_links":{"self":[{"href":"https:\/\/gopinkish.com\/fr\/wp-json\/wp\/v2\/product\/30482","targetHints":{"allow":["GET"]}}],"collection":[{"href":"https:\/\/gopinkish.com\/fr\/wp-json\/wp\/v2\/product"}],"about":[{"href":"https:\/\/gopinkish.com\/fr\/wp-json\/wp\/v2\/types\/product"}],"wp:featuredmedia":[{"embeddable":true,"href":"https:\/\/gopinkish.com\/fr\/wp-json\/wp\/v2\/media\/30485"}],"wp:attachment":[{"href":"https:\/\/gopinkish.com\/fr\/wp-json\/wp\/v2\/media?parent=30482"}],"wp:term":[{"taxonomy":"pwb-brand","embeddable":true,"href":"https:\/\/gopinkish.com\/fr\/wp-json\/wp\/v2\/pwb-brand?post=30482"},{"taxonomy":"product_brand","embeddable":true,"href":"https:\/\/gopinkish.com\/fr\/wp-json\/wp\/v2\/product_brand?post=30482"},{"taxonomy":"product_cat","embeddable":true,"href":"https:\/\/gopinkish.com\/fr\/wp-json\/wp\/v2\/product_cat?post=30482"},{"taxonomy":"product_tag","embeddable":true,"href":"https:\/\/gopinkish.com\/fr\/wp-json\/wp\/v2\/product_tag?post=30482"}],"curies":[{"name":"wp","href":"https:\/\/api.w.org\/{rel}","templated":true}]}}