{"id":30463,"date":"2025-09-02T00:29:34","date_gmt":"2025-09-01T23:29:34","guid":{"rendered":"https:\/\/gopinkish.com\/?post_type=product&#038;p=30463"},"modified":"2025-09-15T12:59:24","modified_gmt":"2025-09-15T11:59:24","slug":"3337875890113","status":"publish","type":"product","link":"https:\/\/gopinkish.com\/fr\/produit\/3337875890113\/","title":{"rendered":"Traitement correcteur anti-taches et anti-r\u00e9cidive avec SPF30"},"content":{"rendered":"<p style=\"text-align: justify;\">Pour les peaux pr\u00e9sentant des imperfections permanentes : MelaB3 SPF 30 est le nouveau produit qui corrige et prot\u00e8ge contre l'hyperpigmentation, gr\u00e2ce \u00e0 MelaCell\u2122 Multi-Previve et \u00e0 la concentration 5% de niacinamide pour corriger les imperfections des peaux fonc\u00e9es. Il est dot\u00e9 d'un SPF 30 + protection UVA pour pr\u00e9venir l'apparition de la peau neuve. Melasil\u2122 Multi-Perfection Innovation pour l'hyperpigmentation : Le nouvel actif pour lutter au maximum contre l'hyperpigmentation.<\/p>\n<p style=\"text-align: justify;\">Melacell utilise un m\u00e9canisme d'action nouveau et unique : Il absorbe la couche cutan\u00e9e m\u00eame apr\u00e8s l'application du produit.<\/p>\n<p style=\"text-align: justify;\"><strong>Raisons de l'utilisation :<\/strong><\/p>\n<p style=\"text-align: justify;\">Taches brunes, peau terne, taches solaires, hyperpigmentation, marques post-acn\u00e9iques, pigmentation fonc\u00e9e et irr\u00e9guli\u00e8re.<\/p>\n<p style=\"text-align: justify;\"><strong>Type de peau :<\/strong><\/p>\n<p style=\"text-align: justify;\">Convient \u00e0 tous les types de peau et \u00e0 toutes les peaux. Visage, cou et d\u00e9collet\u00e9.<\/p>\n<p dir=\"ltr\" style=\"text-align: center;\">\ud83c\uddec\ud83c\udde7 La Roche-Posay Mela B3 UV Daily Moisturiser SPF 30 - Correcteur de taches brunes avec Melasyl\u2122 &amp; Niacinamide<br \/>\n\ud83c\uddeb\ud83c\uddf7 La Roche-Posay Mela B3 Soin Quotidien SPF 30 - Correcteur Anti-Taches avec Melasyl\u2122 &amp; Niacinamide<\/p>","protected":false},"excerpt":{"rendered":"<p>\u0644\u0644\u0628\u0634\u0631\u0629 \u0627\u0644\u062a\u064a \u062a\u0639\u0627\u0646\u064a \u0645\u0646 \u0639\u064a\u0648\u0628 \u062f\u0627\u0626\u0645\u0629: \u0645\u064a\u0644\u0627 \u0628\u064a 3 \u0628\u0639\u0627\u0645\u0644 \u062d\u0645\u0627\u064a\u0629 \u0645\u0646 \u0627\u0644\u0634\u0645\u0633 30 \u0647\u0648 \u0627\u0644\u0645\u0646\u062a\u062c \u0627\u0644\u062c\u062f\u064a\u062f \u0627\u0644\u0630\u064a \u064a\u0635\u062d\u062d \u0648\u064a\u062d\u0645\u064a \u0645\u0646 \u0641\u0631\u0637 \u0627\u0644\u062a\u0635\u0628\u063a\u060c \u0628\u0641\u0636\u0644 \u0645\u064a\u0644\u0627\u0633\u064a\u0644\u2122 \u0645\u062a\u0639\u062f\u062f \u0627\u0644\u0628\u0631\u064a\u0641\u064a\u0647 \u0648\u062a\u0631\u0643\u064a\u0632 5% \u0645\u0646 \u0627\u0644\u0646\u064a\u0627\u0633\u064a\u0646\u0627\u0645\u064a\u062f \u0644\u062a\u0635\u062d\u064a\u062d \u0639\u064a\u0648\u0628 \u0627\u0644\u0628\u0634\u0631\u0629 \u0627\u0644\u0633\u0645\u0631\u0627\u0621. \u0648\u0647\u0648 \u0645\u0632\u0648\u062f \u0628\u0639\u0627\u0645\u0644 \u062d\u0645\u0627\u064a\u0629 \u0645\u0646 \u0627\u0644\u0634\u0645\u0633 30 + \u062d\u0645\u0627\u064a\u0629 \u0645\u0646 \u0627\u0644\u0623\u0634\u0639\u0629 \u0641\u0648\u0642 \u0627\u0644\u0628\u0646\u0641\u0633\u062c\u064a\u0629 \u0627\u0644\u0637\u0648\u064a\u0644\u0629 (UVA) \u0644\u0645\u0646\u0639 \u0638\u0647\u0648\u0631 \u0628\u0634\u0631\u0629 \u062c\u062f\u064a\u062f\u0629. \u0627\u0628\u062a\u0643\u0627\u0631 [&hellip;]<\/p>\n","protected":false},"featured_media":30469,"template":"","meta":[],"pwb-brand":[225],"product_brand":[],"product_cat":[1227,1123],"product_tag":[675,671],"class_list":{"0":"post-30463","1":"product","2":"type-product","3":"status-publish","4":"has-post-thumbnail","6":"pwb-brand-la-roche-posay","7":"product_cat-face-renew","8":"product_cat-face-bright","9":"product_tag-spots","10":"product_tag-pigmentation","12":"first","13":"outofstock","14":"shipping-taxable","15":"product-type-variable","16":"has-default-attributes","17":"wvs-archive-product-wrapper"},"brands":[{"id":225,"name":"La Roche Posay","slug":"la-roche-posay"}],"_links":{"self":[{"href":"https:\/\/gopinkish.com\/fr\/wp-json\/wp\/v2\/product\/30463","targetHints":{"allow":["GET"]}}],"collection":[{"href":"https:\/\/gopinkish.com\/fr\/wp-json\/wp\/v2\/product"}],"about":[{"href":"https:\/\/gopinkish.com\/fr\/wp-json\/wp\/v2\/types\/product"}],"wp:featuredmedia":[{"embeddable":true,"href":"https:\/\/gopinkish.com\/fr\/wp-json\/wp\/v2\/media\/30469"}],"wp:attachment":[{"href":"https:\/\/gopinkish.com\/fr\/wp-json\/wp\/v2\/media?parent=30463"}],"wp:term":[{"taxonomy":"pwb-brand","embeddable":true,"href":"https:\/\/gopinkish.com\/fr\/wp-json\/wp\/v2\/pwb-brand?post=30463"},{"taxonomy":"product_brand","embeddable":true,"href":"https:\/\/gopinkish.com\/fr\/wp-json\/wp\/v2\/product_brand?post=30463"},{"taxonomy":"product_cat","embeddable":true,"href":"https:\/\/gopinkish.com\/fr\/wp-json\/wp\/v2\/product_cat?post=30463"},{"taxonomy":"product_tag","embeddable":true,"href":"https:\/\/gopinkish.com\/fr\/wp-json\/wp\/v2\/product_tag?post=30463"}],"curies":[{"name":"wp","href":"https:\/\/api.w.org\/{rel}","templated":true}]}}