{"id":30426,"date":"2025-09-01T23:41:00","date_gmt":"2025-09-01T22:41:00","guid":{"rendered":"https:\/\/gopinkish.com\/?post_type=product&#038;p=30426"},"modified":"2025-09-23T22:53:25","modified_gmt":"2025-09-23T21:53:25","slug":"8809416470559","status":"publish","type":"product","link":"https:\/\/gopinkish.com\/fr\/produit\/8809416470559\/","title":{"rendered":"Lotion hydratante quotidienne l\u00e9g\u00e8re pour tous les types de peau"},"content":{"rendered":"<p style=\"text-align: justify;\">Une cr\u00e8me hydratante quotidienne pour tous les types et conditions de peau !<\/p>\n<p style=\"text-align: justify;\">Modifier les ingr\u00e9dients : Le parfum peut varier en raison de la reformulation. Les ingr\u00e9dients du parfum ont \u00e9t\u00e9 supprim\u00e9s et le 4-Terpineol, l'ingr\u00e9dient principal de l'arbre \u00e0 th\u00e9, a \u00e9t\u00e9 ajout\u00e9 pour minimiser les r\u00e9actions cutan\u00e9es et apaiser la peau.<\/p>\n<p style=\"text-align: justify;\">La lotion l\u00e9g\u00e8re, un ingr\u00e9dient naturel respectueux de la peau, riche en vitamines et en antioxydants, apaise et traite efficacement les peaux irrit\u00e9es.<\/p>\n<p style=\"text-align: justify;\"><strong>Avantages<\/strong><\/p>\n<p style=\"text-align: justify;\">- Apaiser la peau irrit\u00e9e<br \/>\n- Restaure et maintient l'hydratation<br \/>\n- P\u00e9n\u00e8tre rapidement et profond\u00e9ment dans la peau<br \/>\n- Laisse la peau fra\u00eeche et soyeuse<\/p>\n<p style=\"text-align: justify;\"><strong>Cible<\/strong><\/p>\n<p style=\"text-align: justify;\">- Convient \u00e0 tous les types de peaux grasses et mixtes<br \/>\n- Tous types de peau<\/p>\n<p dir=\"ltr\" style=\"text-align: center;\">\ud83c\uddec\ud83c\udde7 COSRX Lotion ultra-hydratante sans huile \u00e0 la s\u00e8ve de bouleau - Hydratation quotidienne l\u00e9g\u00e8re pour les peaux sensibles et acn\u00e9iques<br \/>\n\ud83c\uddeb\ud83c\uddf7 Lotion Hydratante Ultra-L\u00e9g\u00e8re COSRX Sans Huile \u00e0 la S\u00e8ve de Bouleau - Soin Quotidien pour Peaux Sensibles &amp; \u00e0 Tendance Acn\u00e9ique<\/p>","protected":false},"excerpt":{"rendered":"<p>\u0645\u0631\u0637\u0628 \u064a\u0648\u0645\u064a \u0644\u062c\u0645\u064a\u0639 \u0623\u0646\u0648\u0627\u0639 \u0627\u0644\u0628\u0634\u0631\u0629 \u0648\u062d\u0627\u0644\u0627\u062a\u0647\u0627! \u062a\u063a\u064a\u064a\u0631 \u0627\u0644\u0645\u0643\u0648\u0646\u0627\u062a: \u0642\u062f \u062a\u062e\u062a\u0644\u0641 \u0627\u0644\u0631\u0627\u0626\u062d\u0629 \u0646\u0638\u0631\u064b\u0627 \u0644\u0625\u0639\u0627\u062f\u0629 \u062a\u0631\u0643\u064a\u0628\u0647. \u062a\u0645 \u0627\u0633\u062a\u0628\u0639\u0627\u062f \u0645\u0643\u0648\u0646\u0627\u062a \u0627\u0644\u0639\u0637\u0648\u0631\u060c \u0648\u0623\u064f\u0636\u064a\u0641 4-\u062a\u064a\u0631\u0628\u064a\u0646\u0648\u0644\u060c \u0627\u0644\u0645\u0643\u0648\u0646 \u0627\u0644\u0631\u0626\u064a\u0633\u064a \u0644\u0634\u062c\u0631\u0629 \u0627\u0644\u0634\u0627\u064a\u060c \u0644\u062a\u0642\u0644\u064a\u0644 \u062a\u0641\u0627\u0639\u0644\u0627\u062a \u0627\u0644\u0628\u0634\u0631\u0629 \u0648\u062a\u0647\u062f\u0626\u062a\u0647\u0627. \u0644\u0648\u0634\u0646 \u062e\u0641\u064a\u0641 \u0627\u0644\u0648\u0632\u0646\u060c \u0648\u0647\u0648 \u0645\u0643\u0648\u0646 \u0637\u0628\u064a\u0639\u064a \u0644\u0637\u064a\u0641 \u0639\u0644\u0649 \u0627\u0644\u0628\u0634\u0631\u0629\u060c \u063a\u0646\u064a \u0628\u0627\u0644\u0641\u064a\u062a\u0627\u0645\u064a\u0646\u0627\u062a \u0648\u0645\u0636\u0627\u062f\u0627\u062a \u0627\u0644\u0623\u0643\u0633\u062f\u0629\u060c \u064a\u064f\u0647\u062f\u0626 \u0627\u0644\u0628\u0634\u0631\u0629 \u0627\u0644\u0645\u062a\u0647\u064a\u062c\u0629 \u0648\u064a\u0639\u0627\u0644\u062c\u0647\u0627 \u0628\u0641\u0639\u0627\u0644\u064a\u0629. \u0627\u0644\u0641\u0648\u0627\u0626\u062f \u2022 \u062a\u0647\u062f\u0626\u0629 \u0627\u0644\u0628\u0634\u0631\u0629 \u0627\u0644\u0645\u062a\u0647\u064a\u062c\u0629 \u2022 \u0627\u0633\u062a\u0639\u0627\u062f\u0629 \u062a\u0631\u0637\u064a\u0628\u0647\u0627 \u0648\u0627\u0644\u062d\u0641\u0627\u0638 [&hellip;]<\/p>\n","protected":false},"featured_media":30427,"template":"","meta":[],"pwb-brand":[722],"product_brand":[],"product_cat":[1121],"product_tag":[689,695,697],"class_list":{"0":"post-30426","1":"product","2":"type-product","3":"status-publish","4":"has-post-thumbnail","6":"pwb-brand-cosrx","7":"product_cat-face-moist","8":"product_tag-oily","9":"product_tag-mixedskin","10":"product_tag-moisturizing","12":"first","13":"outofstock","14":"shipping-taxable","15":"product-type-variable","16":"has-default-attributes","17":"wvs-archive-product-wrapper"},"brands":[{"id":722,"name":"Cosrx","slug":"cosrx"}],"_links":{"self":[{"href":"https:\/\/gopinkish.com\/fr\/wp-json\/wp\/v2\/product\/30426","targetHints":{"allow":["GET"]}}],"collection":[{"href":"https:\/\/gopinkish.com\/fr\/wp-json\/wp\/v2\/product"}],"about":[{"href":"https:\/\/gopinkish.com\/fr\/wp-json\/wp\/v2\/types\/product"}],"wp:featuredmedia":[{"embeddable":true,"href":"https:\/\/gopinkish.com\/fr\/wp-json\/wp\/v2\/media\/30427"}],"wp:attachment":[{"href":"https:\/\/gopinkish.com\/fr\/wp-json\/wp\/v2\/media?parent=30426"}],"wp:term":[{"taxonomy":"pwb-brand","embeddable":true,"href":"https:\/\/gopinkish.com\/fr\/wp-json\/wp\/v2\/pwb-brand?post=30426"},{"taxonomy":"product_brand","embeddable":true,"href":"https:\/\/gopinkish.com\/fr\/wp-json\/wp\/v2\/product_brand?post=30426"},{"taxonomy":"product_cat","embeddable":true,"href":"https:\/\/gopinkish.com\/fr\/wp-json\/wp\/v2\/product_cat?post=30426"},{"taxonomy":"product_tag","embeddable":true,"href":"https:\/\/gopinkish.com\/fr\/wp-json\/wp\/v2\/product_tag?post=30426"}],"curies":[{"name":"wp","href":"https:\/\/api.w.org\/{rel}","templated":true}]}}