{"id":30415,"date":"2025-09-01T22:21:46","date_gmt":"2025-09-01T21:21:46","guid":{"rendered":"https:\/\/gopinkish.com\/?post_type=product&#038;p=30415"},"modified":"2025-10-03T15:38:25","modified_gmt":"2025-10-03T14:38:25","slug":"8809598457331","status":"publish","type":"product","link":"https:\/\/gopinkish.com\/fr\/produit\/8809598457331\/","title":{"rendered":"Un shampooing th\u00e9rapeutique pour r\u00e9parer les cheveux ab\u00eem\u00e9s, apaiser le cuir chevelu et traiter les pellicules."},"content":{"rendered":"<p style=\"text-align: justify;\">Un shampooing r\u00e9parateur de liens qui nettoie en douceur et renforce les cheveux ab\u00eem\u00e9s gr\u00e2ce au Peptide 132\u2122 brevet\u00e9. Enrichi en ingr\u00e9dients apaisant le cuir chevelu pour lutter contre les pellicules, la graisse et l'irritation. La mousse riche nettoie en profondeur sans laisser de r\u00e9sidus, laissant le cuir chevelu et les cheveux rafra\u00eechis et doux. Avec un pH doux, il favorise une barri\u00e8re saine du cuir chevelu pour tous les types de cheveux.<\/p>\n<p style=\"text-align: justify;\"><strong>Avantages<\/strong><\/p>\n<p style=\"text-align: justify;\">- Nettoie en douceur et r\u00e9pare les cheveux ab\u00eem\u00e9s.<br \/>\n- Renforce les cheveux gr\u00e2ce au Peptide-132\u2122 pour une texture plus lisse.<br \/>\n- Apaise le cuir chevelu sensible gr\u00e2ce \u00e0 une formule au pH \u00e9quilibr\u00e9.<br \/>\n- Laisse les cheveux et le cuir chevelu propres, rafra\u00eechis et doux.<\/p>\n<p style=\"text-align: justify;\"><strong>Objectifs<\/strong><\/p>\n<p style=\"text-align: justify;\">- Pour tous les niveaux de dommages - de la d\u00e9shydratation l\u00e9g\u00e8re aux dommages chimiques graves.<br \/>\n- Pour ceux qui souffrent de probl\u00e8mes de cuir chevelu tels que d\u00e9mangeaisons, pellicules ou exc\u00e8s de s\u00e9bum.<br \/>\n- Pour ceux qui recherchent un shampooing doux et efficace pour un usage quotidien.<br \/>\n- Pour ceux qui recherchent une r\u00e9paration des cheveux et un soin du cuir chevelu en une seule \u00e9tape.<\/p>\n<p dir=\"ltr\" style=\"text-align: center;\">\ud83c\uddec\ud83c\udde7 COSRX PEPTIDE-132 Ultra Perfect Hair Bonding Shampooing - Nettoyant r\u00e9parateur avec PEPTIDE-132\u2122 pour cheveux ab\u00eem\u00e9s et cuir chevelu sensible<br \/>\n\ud83c\uddeb\ud83c\uddf7 Shampooing R\u00e9parateur COSRX PEPTIDE-132 Ultra Perfect - Nettoyant Fortifiant avec PEPTIDE-132\u2122 pour Cheveux Ab\u00eem\u00e9s &amp; Cuir Chevelu Sensible<\/p>","protected":false},"excerpt":{"rendered":"<p>\u0634\u0627\u0645\u0628\u0648 \u0644\u0625\u0635\u0644\u0627\u062d \u0627\u0644\u0631\u0648\u0627\u0628\u0637\u060c \u064a\u0646\u0638\u0641 \u0628\u0644\u0637\u0641 \u0648\u064a\u0642\u0648\u064a \u0627\u0644\u0634\u0639\u0631 \u0627\u0644\u062a\u0627\u0644\u0641 \u0628\u0641\u0636\u0644 \u0628\u0628\u062a\u064a\u062f 132\u2122 \u0627\u0644\u062d\u0627\u0635\u0644 \u0639\u0644\u0649 \u0628\u0631\u0627\u0621\u0629 \u0627\u062e\u062a\u0631\u0627\u0639. \u063a\u0646\u064a \u0628\u0645\u0643\u0648\u0646\u0627\u062a \u0645\u0647\u062f\u0626\u0629 \u0644\u0641\u0631\u0648\u0629 \u0627\u0644\u0631\u0623\u0633 \u0644\u0645\u0639\u0627\u0644\u062c\u0629 \u0627\u0644\u0642\u0634\u0631\u0629 \u0648\u0627\u0644\u062f\u0647\u0648\u0646 \u0648\u0627\u0644\u062a\u0647\u064a\u062c. \u0631\u063a\u0648\u0629 \u063a\u0646\u064a\u0629 \u062a\u0646\u0638\u0641 \u0628\u0639\u0645\u0642 \u062f\u0648\u0646 \u062a\u0631\u0643 \u0623\u064a \u0623\u062b\u0631\u060c \u062a\u0627\u0631\u0643\u0629\u064b \u0641\u0631\u0648\u0629 \u0627\u0644\u0631\u0623\u0633 \u0648\u0627\u0644\u0634\u0639\u0631 \u0645\u0646\u062a\u0639\u0634\u064a\u0646 \u0648\u0646\u0627\u0639\u0645\u064a\u0646. \u0628\u0641\u0636\u0644 \u062f\u0631\u062c\u0629 \u0627\u0644\u062d\u0645\u0648\u0636\u0629 \u0627\u0644\u0645\u0639\u062a\u062f\u0644\u0629\u060c \u064a\u062f\u0639\u0645 \u062d\u0627\u062c\u0632 \u0641\u0631\u0648\u0629 \u0627\u0644\u0631\u0623\u0633 \u0627\u0644\u0635\u062d\u064a \u0644\u062c\u0645\u064a\u0639 \u0623\u0646\u0648\u0627\u0639 \u0627\u0644\u0634\u0639\u0631. \u0627\u0644\u0641\u0648\u0627\u0626\u062f \u2022 \u064a\u0646\u0638\u0641 \u0628\u0644\u0637\u0641 \u0648\u064a\u0635\u0644\u062d [&hellip;]<\/p>\n","protected":false},"featured_media":30423,"template":"","meta":[],"pwb-brand":[722],"product_brand":[],"product_cat":[1148,1229],"product_tag":[1035,691,763],"class_list":{"0":"post-30415","1":"product","2":"type-product","3":"status-publish","4":"has-post-thumbnail","6":"pwb-brand-cosrx","7":"product_cat-hair-shampoo","8":"product_cat-hair-treatment","9":"product_tag-1035","10":"product_tag-dandruff","11":"product_tag-763","13":"first","14":"instock","15":"shipping-taxable","16":"purchasable","17":"product-type-variable","18":"has-default-attributes","19":"wvs-archive-product-wrapper"},"brands":[{"id":722,"name":"Cosrx","slug":"cosrx"}],"_links":{"self":[{"href":"https:\/\/gopinkish.com\/fr\/wp-json\/wp\/v2\/product\/30415","targetHints":{"allow":["GET"]}}],"collection":[{"href":"https:\/\/gopinkish.com\/fr\/wp-json\/wp\/v2\/product"}],"about":[{"href":"https:\/\/gopinkish.com\/fr\/wp-json\/wp\/v2\/types\/product"}],"wp:featuredmedia":[{"embeddable":true,"href":"https:\/\/gopinkish.com\/fr\/wp-json\/wp\/v2\/media\/30423"}],"wp:attachment":[{"href":"https:\/\/gopinkish.com\/fr\/wp-json\/wp\/v2\/media?parent=30415"}],"wp:term":[{"taxonomy":"pwb-brand","embeddable":true,"href":"https:\/\/gopinkish.com\/fr\/wp-json\/wp\/v2\/pwb-brand?post=30415"},{"taxonomy":"product_brand","embeddable":true,"href":"https:\/\/gopinkish.com\/fr\/wp-json\/wp\/v2\/product_brand?post=30415"},{"taxonomy":"product_cat","embeddable":true,"href":"https:\/\/gopinkish.com\/fr\/wp-json\/wp\/v2\/product_cat?post=30415"},{"taxonomy":"product_tag","embeddable":true,"href":"https:\/\/gopinkish.com\/fr\/wp-json\/wp\/v2\/product_tag?post=30415"}],"curies":[{"name":"wp","href":"https:\/\/api.w.org\/{rel}","templated":true}]}}