{"id":30338,"date":"2025-01-18T16:06:52","date_gmt":"2025-01-18T15:06:52","guid":{"rendered":"https:\/\/gopinkish.com\/?post_type=product&#038;p=30338"},"modified":"2026-04-20T12:20:45","modified_gmt":"2026-04-20T11:20:45","slug":"5060294398028","status":"publish","type":"product","link":"https:\/\/gopinkish.com\/fr\/produit\/5060294398028\/","title":{"rendered":"Fond de teint anti-pores et ridules"},"content":{"rendered":"<p style=\"text-align: justify;\">W7 Porefection Primer est une base pour le visage sp\u00e9cialement con\u00e7ue pour minimiser l'apparence des pores et des ridules, laissant la peau avec un fini lisse et mat, ce qui en fait la base parfaite pour le maquillage de tous les jours.<\/p>\n<p style=\"text-align: justify;\">\ud83c\udf3f <strong>Caract\u00e9ristiques de base :<\/strong><\/p>\n<p style=\"text-align: justify;\">Minimise et estompe l'apparence des pores et des ridules<\/p>\n<p style=\"text-align: justify;\">Une formule onctueuse qui se fond dans la couleur de la peau et se transforme en un fini transparent.<\/p>\n<p style=\"text-align: justify;\">Donne \u00e0 la peau une texture soyeuse et un fini mat<\/p>\n<p style=\"text-align: justify;\">Convient \u00e0 tous les types de peau<\/p>\n<p style=\"text-align: justify;\">Formule v\u00e9g\u00e9talienne et sans cruaut\u00e9<\/p>\n<p style=\"text-align: justify;\">Fabriqu\u00e9 en Chine - Num\u00e9ro de code-barres : 5060294398028<\/p>\n<p style=\"text-align: justify;\">\ud83e\uddfc <strong>Comment l'utiliser ?<\/strong><\/p>\n<p style=\"text-align: justify;\">Bien agiter avant utilisation<\/p>\n<p style=\"text-align: justify;\">Appliquer une petite quantit\u00e9 sur les zones o\u00f9 les pores sont visibles.<\/p>\n<p style=\"text-align: justify;\">Estomper d\u00e9licatement du bout des doigts ou avec une \u00e9ponge \u00e0 maquillage.<\/p>\n<p style=\"text-align: justify;\">Utiliser avant le fond de teint pour un r\u00e9sultat optimal<\/p>\n<p dir=\"ltr\" style=\"text-align: center;\">\ud83c\uddec\ud83c\udde7 W7 Porefection Pore Minimiser Primer - 25ML<br \/>\n\ud83c\uddeb\ud83c\uddf7 Base de Teint Lissante W7 Porefection - 25ML<\/p>","protected":false},"excerpt":{"rendered":"<p>\u0628\u0631\u0627\u064a\u0645\u0631 W7 Porefection \u0647\u0648 \u0645\u0646\u062a\u062c \u062a\u0645\u0647\u064a\u062f\u064a \u0644\u0644\u0648\u062c\u0647 \u0645\u0635\u0645\u0645 \u062e\u0635\u064a\u0635\u064b\u0627 \u0644\u062a\u0642\u0644\u064a\u0644 \u0645\u0638\u0647\u0631 \u0627\u0644\u0645\u0633\u0627\u0645 \u0648\u0627\u0644\u062e\u0637\u0648\u0637 \u0627\u0644\u062f\u0642\u064a\u0642\u0629\u060c \u0648\u064a\u0645\u0646\u062d \u0627\u0644\u0628\u0634\u0631\u0629 \u0644\u0645\u0633\u0629 \u0646\u0647\u0627\u0626\u064a\u0629 \u0646\u0627\u0639\u0645\u0629 \u0648\u0645\u0637\u0641\u064a\u0629\u060c \u0645\u0645\u0627 \u064a\u062c\u0639\u0644\u0647 \u0642\u0627\u0639\u062f\u0629 \u0645\u062b\u0627\u0644\u064a\u0629 \u0644\u0644\u0645\u0643\u064a\u0627\u062c \u0627\u0644\u064a\u0648\u0645\u064a. \ud83c\udf3f \u0627\u0644\u0645\u064a\u0632\u0627\u062a \u0627\u0644\u0623\u0633\u0627\u0633\u064a\u0629: \u064a\u0642\u0644\u0644 \u0648\u064a\u0637\u0645\u0633 \u0645\u0638\u0647\u0631 \u0627\u0644\u0645\u0633\u0627\u0645 \u0648\u0627\u0644\u062e\u0637\u0648\u0637 \u0627\u0644\u062f\u0642\u064a\u0642\u0629 \u062a\u0631\u0643\u064a\u0628\u0629 \u0646\u0627\u0639\u0645\u0629 \u062a\u0645\u062a\u0632\u062c \u0628\u0644\u0648\u0646 \u0627\u0644\u0628\u0634\u0631\u0629 \u0648\u062a\u062a\u062d\u0648\u0644 \u0625\u0644\u0649 \u0644\u0645\u0633\u0629 \u0634\u0641\u0627\u0641\u0629 \u064a\u0645\u0646\u062d \u0627\u0644\u0628\u0634\u0631\u0629 \u0645\u0644\u0645\u0633\u064b\u0627 \u062d\u0631\u064a\u0631\u064a\u064b\u0627 \u0648\u0645\u0638\u0647\u0631\u064b\u0627 \u063a\u064a\u0631 \u0644\u0627\u0645\u0639 \u0645\u0646\u0627\u0633\u0628 \u0644\u062c\u0645\u064a\u0639 \u0623\u0646\u0648\u0627\u0639 \u0627\u0644\u0628\u0634\u0631\u0629 [&hellip;]<\/p>\n","protected":false},"featured_media":30339,"template":"","meta":[],"pwb-brand":[1028],"product_brand":[],"product_cat":[1174],"product_tag":[],"class_list":{"0":"post-30338","1":"product","2":"type-product","3":"status-publish","4":"has-post-thumbnail","6":"pwb-brand-w7","7":"product_cat-base-primer-makeup","9":"first","10":"instock","11":"shipping-taxable","12":"purchasable","13":"product-type-variable","14":"has-default-attributes","15":"wvs-archive-product-wrapper"},"brands":[{"id":1028,"name":"W7","slug":"w7"}],"_links":{"self":[{"href":"https:\/\/gopinkish.com\/fr\/wp-json\/wp\/v2\/product\/30338","targetHints":{"allow":["GET"]}}],"collection":[{"href":"https:\/\/gopinkish.com\/fr\/wp-json\/wp\/v2\/product"}],"about":[{"href":"https:\/\/gopinkish.com\/fr\/wp-json\/wp\/v2\/types\/product"}],"wp:featuredmedia":[{"embeddable":true,"href":"https:\/\/gopinkish.com\/fr\/wp-json\/wp\/v2\/media\/30339"}],"wp:attachment":[{"href":"https:\/\/gopinkish.com\/fr\/wp-json\/wp\/v2\/media?parent=30338"}],"wp:term":[{"taxonomy":"pwb-brand","embeddable":true,"href":"https:\/\/gopinkish.com\/fr\/wp-json\/wp\/v2\/pwb-brand?post=30338"},{"taxonomy":"product_brand","embeddable":true,"href":"https:\/\/gopinkish.com\/fr\/wp-json\/wp\/v2\/product_brand?post=30338"},{"taxonomy":"product_cat","embeddable":true,"href":"https:\/\/gopinkish.com\/fr\/wp-json\/wp\/v2\/product_cat?post=30338"},{"taxonomy":"product_tag","embeddable":true,"href":"https:\/\/gopinkish.com\/fr\/wp-json\/wp\/v2\/product_tag?post=30338"}],"curies":[{"name":"wp","href":"https:\/\/api.w.org\/{rel}","templated":true}]}}