{"id":30326,"date":"2025-05-18T15:19:44","date_gmt":"2025-05-18T14:19:44","guid":{"rendered":"https:\/\/gopinkish.com\/?post_type=product&#038;p=30326"},"modified":"2026-04-23T19:49:14","modified_gmt":"2026-04-23T18:49:14","slug":"5010724534847","status":"publish","type":"product","link":"https:\/\/gopinkish.com\/fr\/produit\/5010724534847\/","title":{"rendered":"Dentifrice avec technologie MicroPolisher et bicarbonate de sodium pour un nettoyage en profondeur"},"content":{"rendered":"<p style=\"text-align: justify;\">Dentifrice <strong>Arm &amp; Hammer Advance White Pro<\/strong> Sp\u00e9cialement con\u00e7u pour vous donner un sourire plus \u00e9clatant avec le <strong>Micropolisher\u2122<\/strong> Le bicarbonate de sodium naturel, qui nettoie en profondeur et \u00e9limine les taches tenaces sans endommager l'\u00e9mail.<\/p>\n<p style=\"text-align: justify;\">\ud83c\udf3f <strong>La formule efficace :<\/strong><\/p>\n<p style=\"text-align: justify;\">Bicarbonate de sodium pour un nettoyage en profondeur<\/p>\n<p style=\"text-align: justify;\">Technologie Micropolisher\u2122 pour polir les dents en douceur.<\/p>\n<p style=\"text-align: justify;\">Le fluor pour prot\u00e9ger l'\u00e9mail et pr\u00e9venir les caries<\/p>\n<p style=\"text-align: justify;\">Formule \u00e0 faible abrasion pour pr\u00e9server la sant\u00e9 des dents<\/p>\n<p style=\"text-align: justify;\">\ud83d\udee1\ufe0f <strong>Caract\u00e9ristiques de base :<\/strong><\/p>\n<p style=\"text-align: justify;\">Blanchit les dents jusqu'\u00e0 3 tons en 4 semaines d'utilisation r\u00e9guli\u00e8re<\/p>\n<p style=\"text-align: justify;\">\u00c9limination des taches dans les endroits difficiles d'acc\u00e8s<\/p>\n<p style=\"text-align: justify;\">Prot\u00e8ge contre la formation future de tartre et de taches<\/p>\n<p style=\"text-align: justify;\">Une haleine fra\u00eeche et durable<\/p>\n<p style=\"text-align: justify;\">Formule sans danger pour les plantes et l'\u00e9mail<\/p>\n<p style=\"text-align: justify;\">\ud83e\uddfc <strong>Comment l'utiliser ?<\/strong><\/p>\n<p style=\"text-align: justify;\">Mouiller le pinceau et appliquer une petite quantit\u00e9 de p\u00e2te<\/p>\n<p style=\"text-align: justify;\">Brosser les dents pendant deux minutes deux fois par jour<\/p>\n<p style=\"text-align: justify;\">Rincer soigneusement la bouche<\/p>\n<p style=\"text-align: justify;\">Utiliser matin et soir pour des r\u00e9sultats visibles<\/p>\n<p dir=\"ltr\" style=\"text-align: center;\">\ud83c\uddec\ud83c\udde7 Arm &amp; Hammer Advance White Pro Toothpaste - Jusqu'\u00e0 3 teintes plus blanches - 75ml<br \/>\n\ud83c\uddeb\ud83c\uddf7 Dentifrice Arm &amp; Hammer Advance White Pro - Jusqu'\u00e0 3 Teintes Plus Blanches - 75ml<\/p>","protected":false},"excerpt":{"rendered":"<p>\u0645\u0639\u062c\u0648\u0646 \u0627\u0644\u0623\u0633\u0646\u0627\u0646 Arm &amp; Hammer Advance White Pro \u0645\u0635\u0645\u0645 \u062e\u0635\u064a\u0635\u064b\u0627 \u0644\u0645\u0646\u062d\u0643 \u0627\u0628\u062a\u0633\u0627\u0645\u0629 \u0623\u0643\u062b\u0631 \u0625\u0634\u0631\u0627\u0642\u064b\u0627 \u0628\u0627\u0633\u062a\u062e\u062f\u0627\u0645 \u062a\u0642\u0646\u064a\u0629 Micropolisher\u2122 \u0648\u0628\u064a\u0643\u0631\u0628\u0648\u0646\u0627\u062a \u0627\u0644\u0635\u0648\u062f\u064a\u0648\u0645 \u0627\u0644\u0637\u0628\u064a\u0639\u064a\u0629\u060c \u0627\u0644\u062a\u064a \u062a\u0646\u0638\u0641 \u0628\u0639\u0645\u0642 \u0648\u062a\u0632\u064a\u0644 \u0627\u0644\u0628\u0642\u0639 \u0627\u0644\u0639\u0646\u064a\u062f\u0629 \u062f\u0648\u0646 \u0625\u062a\u0644\u0627\u0641 \u0627\u0644\u0645\u064a\u0646\u0627. \ud83c\udf3f \u0627\u0644\u062a\u0631\u0643\u064a\u0628\u0629 \u0627\u0644\u0641\u0639\u0627\u0644\u0629: \u0628\u064a\u0643\u0631\u0628\u0648\u0646\u0627\u062a \u0627\u0644\u0635\u0648\u062f\u064a\u0648\u0645 \u0644\u062a\u0646\u0638\u064a\u0641 \u0639\u0645\u064a\u0642 \u062a\u0642\u0646\u064a\u0629 Micropolisher\u2122 \u0644\u062a\u0644\u0645\u064a\u0639 \u0627\u0644\u0623\u0633\u0646\u0627\u0646 \u0628\u0644\u0637\u0641 \u0641\u0644\u0648\u0631\u0627\u064a\u062f \u0644\u062d\u0645\u0627\u064a\u0629 \u0627\u0644\u0645\u064a\u0646\u0627 \u0648\u0645\u0646\u0639 \u0627\u0644\u062a\u0633\u0648\u0633 \u062a\u0631\u0643\u064a\u0628\u0629 \u0645\u0646\u062e\u0641\u0636\u0629 \u0627\u0644\u0643\u0634\u0637 \u0644\u0644\u062d\u0641\u0627\u0638 \u0639\u0644\u0649 \u0635\u062d\u0629 \u0627\u0644\u0623\u0633\u0646\u0627\u0646 \ud83d\udee1\ufe0f \u0627\u0644\u0645\u064a\u0632\u0627\u062a [&hellip;]<\/p>\n","protected":false},"featured_media":30327,"template":"","meta":[],"pwb-brand":[1410],"product_brand":[],"product_cat":[1131],"product_tag":[706],"class_list":{"0":"post-30326","1":"product","2":"type-product","3":"status-publish","4":"has-post-thumbnail","6":"pwb-brand-arm-and-hammer","7":"product_cat-tooth-paste","8":"product_tag-toothpaste","10":"first","11":"instock","12":"shipping-taxable","13":"purchasable","14":"product-type-variable","15":"has-default-attributes","16":"wvs-archive-product-wrapper"},"brands":[{"id":1410,"name":"Arm &amp; Hammer","slug":"bras-et-marteau"}],"_links":{"self":[{"href":"https:\/\/gopinkish.com\/fr\/wp-json\/wp\/v2\/product\/30326","targetHints":{"allow":["GET"]}}],"collection":[{"href":"https:\/\/gopinkish.com\/fr\/wp-json\/wp\/v2\/product"}],"about":[{"href":"https:\/\/gopinkish.com\/fr\/wp-json\/wp\/v2\/types\/product"}],"wp:featuredmedia":[{"embeddable":true,"href":"https:\/\/gopinkish.com\/fr\/wp-json\/wp\/v2\/media\/30327"}],"wp:attachment":[{"href":"https:\/\/gopinkish.com\/fr\/wp-json\/wp\/v2\/media?parent=30326"}],"wp:term":[{"taxonomy":"pwb-brand","embeddable":true,"href":"https:\/\/gopinkish.com\/fr\/wp-json\/wp\/v2\/pwb-brand?post=30326"},{"taxonomy":"product_brand","embeddable":true,"href":"https:\/\/gopinkish.com\/fr\/wp-json\/wp\/v2\/product_brand?post=30326"},{"taxonomy":"product_cat","embeddable":true,"href":"https:\/\/gopinkish.com\/fr\/wp-json\/wp\/v2\/product_cat?post=30326"},{"taxonomy":"product_tag","embeddable":true,"href":"https:\/\/gopinkish.com\/fr\/wp-json\/wp\/v2\/product_tag?post=30326"}],"curies":[{"name":"wp","href":"https:\/\/api.w.org\/{rel}","templated":true}]}}