{"id":30323,"date":"2025-07-18T15:12:42","date_gmt":"2025-07-18T14:12:42","guid":{"rendered":"https:\/\/gopinkish.com\/?post_type=product&#038;p=30323"},"modified":"2026-02-07T09:23:40","modified_gmt":"2026-02-07T08:23:40","slug":"5010724517123","status":"publish","type":"product","link":"https:\/\/gopinkish.com\/fr\/produit\/5010724517123\/","title":{"rendered":"Dentifrice contenant des particules de bicarbonate de sodium pour un nettoyage en profondeur"},"content":{"rendered":"<p style=\"text-align: justify;\">Dentifrice <strong>Arm &amp; Hammer Extra White<\/strong> Enrichi en particules de bicarbonate de sodium qui se dissolvent pendant le brossage pour assurer un nettoyage en profondeur et en douceur entre les dents, aidant \u00e0 \u00e9liminer les taches superficielles et \u00e0 \u00e9claircir progressivement la couleur des dents.<\/p>\n<p style=\"text-align: justify;\">\ud83c\udf3f <strong>La formule efficace :<\/strong><\/p>\n<p style=\"text-align: justify;\">Bicarbonate de sodium (bicarbonate de soude) pour un nettoyage en profondeur<\/p>\n<p style=\"text-align: justify;\">Le fluor pour prot\u00e9ger l'\u00e9mail et pr\u00e9venir les caries<\/p>\n<p style=\"text-align: justify;\">MicroPolish pour affiner la surface des dents et contr\u00f4ler le tartre<\/p>\n<p style=\"text-align: justify;\">Une formule rafra\u00eechissante qui d\u00e9sodorise et rafra\u00eechit l'haleine<\/p>\n<p style=\"text-align: justify;\">\ud83d\udee1\ufe0f <strong>Caract\u00e9ristiques de base :<\/strong><\/p>\n<p style=\"text-align: justify;\">Blanchiment progressif et s\u00fbr des dents<\/p>\n<p style=\"text-align: justify;\">Nettoyage en profondeur entre les dents<\/p>\n<p style=\"text-align: justify;\">Pr\u00e9venir le tartre et les taches<\/p>\n<p style=\"text-align: justify;\">Convient \u00e0 un usage quotidien<\/p>\n<p style=\"text-align: justify;\">Sans danger pour les enfants de plus de 7 ans (en petites quantit\u00e9s et sous surveillance)<\/p>\n<p style=\"text-align: justify;\">\ud83e\uddfc <strong>Comment l'utiliser ?<\/strong><\/p>\n<p style=\"text-align: justify;\">Appliquer une petite quantit\u00e9 sur la brosse \u00e0 dents<\/p>\n<p style=\"text-align: justify;\">Brosser les dents et les gencives pendant deux minutes<\/p>\n<p style=\"text-align: justify;\">Rincer soigneusement la bouche<\/p>\n<p style=\"text-align: justify;\">Utiliser matin et soir pour de meilleurs r\u00e9sultats<\/p>\n<p dir=\"ltr\" style=\"text-align: center;\">\n<p dir=\"ltr\" style=\"text-align: center;\">\ud83c\uddec\ud83c\udde7 Arm &amp; Hammer Extra White Toothpaste - Des dents plus blanches et plus \u00e9clatantes - 125g<br \/>\n\ud83c\uddeb\ud83c\uddf7 Dentifrice Arm &amp; Hammer Extra White - Dents Plus Blanches et \u00c9clatantes - 125g<\/p>","protected":false},"excerpt":{"rendered":"<p>\u0645\u0639\u062c\u0648\u0646 \u0627\u0644\u0623\u0633\u0646\u0627\u0646 Arm &amp; Hammer Extra White \u064a\u062d\u062a\u0648\u064a \u0639\u0644\u0649 \u062a\u0631\u0643\u064a\u0628\u0629 \u0641\u0639\u0627\u0644\u0629 \u063a\u0646\u064a\u0629 \u0628\u062c\u0632\u064a\u0626\u0627\u062a \u0628\u064a\u0643\u0631\u0628\u0648\u0646\u0627\u062a \u0627\u0644\u0635\u0648\u062f\u064a\u0648\u0645 \u0627\u0644\u062a\u064a \u062a\u0630\u0648\u0628 \u0623\u062b\u0646\u0627\u0621 \u0627\u0644\u062a\u0646\u0638\u064a\u0641 \u0644\u062a\u0645\u0646\u062d\u0643 \u062a\u0646\u0638\u064a\u0641\u064b\u0627 \u0639\u0645\u064a\u0642\u064b\u0627 \u0648\u0644\u0637\u064a\u0641\u064b\u0627 \u0628\u064a\u0646 \u0627\u0644\u0623\u0633\u0646\u0627\u0646\u060c \u0648\u062a\u0633\u0627\u0639\u062f \u0639\u0644\u0649 \u0625\u0632\u0627\u0644\u0629 \u0627\u0644\u0628\u0642\u0639 \u0627\u0644\u0633\u0637\u062d\u064a\u0629 \u0648\u062a\u0641\u062a\u064a\u062d \u0644\u0648\u0646 \u0627\u0644\u0623\u0633\u0646\u0627\u0646 \u062a\u062f\u0631\u064a\u062c\u064a\u064b\u0627. \ud83c\udf3f \u0627\u0644\u062a\u0631\u0643\u064a\u0628\u0629 \u0627\u0644\u0641\u0639\u0627\u0644\u0629: \u0628\u064a\u0643\u0631\u0628\u0648\u0646\u0627\u062a \u0627\u0644\u0635\u0648\u062f\u064a\u0648\u0645 (\u0635\u0648\u062f\u0627 \u0627\u0644\u062e\u0628\u0632) \u0644\u062a\u0646\u0638\u064a\u0641 \u0639\u0645\u064a\u0642 \u0641\u0644\u0648\u0631\u0627\u064a\u062f \u0644\u062d\u0645\u0627\u064a\u0629 \u0627\u0644\u0645\u064a\u0646\u0627 \u0648\u0645\u0646\u0639 \u0627\u0644\u062a\u0633\u0648\u0633 \u0645\u064a\u0643\u0631\u0648 \u0628\u0648\u0644\u064a\u0634 \u0644\u062a\u0646\u0642\u064a\u0629 \u0633\u0637\u062d \u0627\u0644\u0623\u0633\u0646\u0627\u0646 \u0648\u0627\u0644\u062a\u062d\u0643\u0645 \u0641\u064a [&hellip;]<\/p>\n","protected":false},"featured_media":30324,"template":"","meta":[],"pwb-brand":[1410],"product_brand":[],"product_cat":[1131],"product_tag":[706],"class_list":{"0":"post-30323","1":"product","2":"type-product","3":"status-publish","4":"has-post-thumbnail","6":"pwb-brand-arm-and-hammer","7":"product_cat-tooth-paste","8":"product_tag-toothpaste","10":"first","11":"instock","12":"shipping-taxable","13":"purchasable","14":"product-type-variable","15":"has-default-attributes","16":"wvs-archive-product-wrapper"},"brands":[{"id":1410,"name":"Arm &amp; Hammer","slug":"bras-et-marteau"}],"_links":{"self":[{"href":"https:\/\/gopinkish.com\/fr\/wp-json\/wp\/v2\/product\/30323","targetHints":{"allow":["GET"]}}],"collection":[{"href":"https:\/\/gopinkish.com\/fr\/wp-json\/wp\/v2\/product"}],"about":[{"href":"https:\/\/gopinkish.com\/fr\/wp-json\/wp\/v2\/types\/product"}],"wp:featuredmedia":[{"embeddable":true,"href":"https:\/\/gopinkish.com\/fr\/wp-json\/wp\/v2\/media\/30324"}],"wp:attachment":[{"href":"https:\/\/gopinkish.com\/fr\/wp-json\/wp\/v2\/media?parent=30323"}],"wp:term":[{"taxonomy":"pwb-brand","embeddable":true,"href":"https:\/\/gopinkish.com\/fr\/wp-json\/wp\/v2\/pwb-brand?post=30323"},{"taxonomy":"product_brand","embeddable":true,"href":"https:\/\/gopinkish.com\/fr\/wp-json\/wp\/v2\/product_brand?post=30323"},{"taxonomy":"product_cat","embeddable":true,"href":"https:\/\/gopinkish.com\/fr\/wp-json\/wp\/v2\/product_cat?post=30323"},{"taxonomy":"product_tag","embeddable":true,"href":"https:\/\/gopinkish.com\/fr\/wp-json\/wp\/v2\/product_tag?post=30323"}],"curies":[{"name":"wp","href":"https:\/\/api.w.org\/{rel}","templated":true}]}}