{"id":30320,"date":"2025-05-18T15:02:37","date_gmt":"2025-05-18T14:02:37","guid":{"rendered":"https:\/\/gopinkish.com\/?post_type=product&#038;p=30320"},"modified":"2025-09-16T08:58:09","modified_gmt":"2025-09-16T07:58:09","slug":"8717163913970","status":"publish","type":"product","link":"https:\/\/gopinkish.com\/fr\/produit\/8717163913970\/","title":{"rendered":"Le dentifrice au zinc actif est rafra\u00eechissant et antibact\u00e9rien"},"content":{"rendered":"<p style=\"text-align: justify;\">Dentifrice <strong>Gros plan sur le paradis du menthol<\/strong> Contient une formule gel rafra\u00eechissante enrichie de <strong>Zinc actif<\/strong> \u0648<strong>Bain de bouche antibact\u00e9rien<\/strong>vous donne une haleine fra\u00eeche qui dure jusqu'\u00e0 <strong>12 heures<\/strong>Ainsi qu'un nettoyage en profondeur et un blanchiment instantan\u00e9 des dents.<\/p>\n<p style=\"text-align: justify;\">\ud83c\udf3f L'ingr\u00e9dient actif :<\/p>\n<p style=\"text-align: justify;\">Zinc actif pour lutter contre les bact\u00e9ries responsables des odeurs<\/p>\n<p style=\"text-align: justify;\">Microcristaux blanchissants pour un sourire plus \u00e9clatant<\/p>\n<p style=\"text-align: justify;\">Ar\u00f4me menthol\u00e9 frais et rafra\u00eechissant<\/p>\n<p style=\"text-align: justify;\">\ud83d\udee1\ufe0f Caract\u00e9ristiques principales :<\/p>\n<p style=\"text-align: justify;\">Une haleine fra\u00eeche qui dure jusqu'\u00e0 12 heures<\/p>\n<p style=\"text-align: justify;\">Nettoyage minutieux de la bouche et des dents<\/p>\n<p style=\"text-align: justify;\">Blanchiment instantan\u00e9 des dents \u00e0 chaque utilisation<\/p>\n<p style=\"text-align: justify;\">Formule gel douce pour les gencives<\/p>\n<p style=\"text-align: justify;\">Convient aux adultes, ne convient pas aux enfants de moins de 7 ans<\/p>\n<p style=\"text-align: justify;\">\ud83e\uddfc Comment utiliser :<\/p>\n<p style=\"text-align: justify;\">Appliquer une petite quantit\u00e9 sur la brosse \u00e0 dents<\/p>\n<p style=\"text-align: justify;\">Brosser en mouvements circulaires pendant deux minutes<\/p>\n<p style=\"text-align: justify;\">Rincer soigneusement la bouche<\/p>\n<p style=\"text-align: justify;\">Utiliser matin et soir pour de meilleurs r\u00e9sultats<\/p>\n<p dir=\"ltr\" style=\"text-align: center;\">\ud83c\uddec\ud83c\udde7 Dentifrice Closeup Menthol Paradise - 12 heures d'haleine fra\u00eeche - 75ml<br \/>\n\ud83c\uddeb\ud83c\uddf7 Dentifrice Closeup Menthol Paradise - Haleine Fra\u00eeche 12 Heures - 75ml<\/p>","protected":false},"excerpt":{"rendered":"<p>\u0645\u0639\u062c\u0648\u0646 \u0627\u0644\u0623\u0633\u0646\u0627\u0646 Closeup Menthol Paradise \u064a\u062d\u062a\u0648\u064a \u0639\u0644\u0649 \u062a\u0631\u0643\u064a\u0628\u0629 \u062c\u0644 \u0645\u0646\u0639\u0634\u0629 \u063a\u0646\u064a\u0629 \u0628\u0640 \u0632\u0646\u0643 \u0646\u0634\u0637 \u0648\u063a\u0633\u0648\u0644 \u0641\u0645 \u0645\u0636\u0627\u062f \u0644\u0644\u0628\u0643\u062a\u064a\u0631\u064a\u0627\u060c \u0645\u0645\u0627 \u064a\u0645\u0646\u062d\u0643 \u0646\u0641\u0633\u064b\u0627 \u0645\u0646\u0639\u0634\u064b\u0627 \u064a\u062f\u0648\u0645 \u062d\u062a\u0649 12 \u0633\u0627\u0639\u0629\u060c \u0628\u0627\u0644\u0625\u0636\u0627\u0641\u0629 \u0625\u0644\u0649 \u062a\u0646\u0638\u064a\u0641 \u0639\u0645\u064a\u0642 \u0648\u062a\u0628\u064a\u064a\u0636 \u0641\u0648\u0631\u064a \u0644\u0644\u0623\u0633\u0646\u0627\u0646. \ud83c\udf3f \u0627\u0644\u062a\u0631\u0643\u064a\u0628\u0629 \u0627\u0644\u0641\u0639\u0627\u0644\u0629: \u0632\u0646\u0643 \u0646\u0634\u0637 \u0644\u0645\u062d\u0627\u0631\u0628\u0629 \u0627\u0644\u0628\u0643\u062a\u064a\u0631\u064a\u0627 \u0627\u0644\u0645\u0633\u0628\u0628\u0629 \u0644\u0631\u0627\u0626\u062d\u0629 \u0627\u0644\u0641\u0645 \u0628\u0644\u0648\u0631\u0627\u062a \u0645\u064a\u0643\u0631\u0648 \u0644\u0644\u062a\u0628\u064a\u064a\u0636 \u062a\u0645\u0646\u062d\u0643 \u0627\u0628\u062a\u0633\u0627\u0645\u0629 \u0623\u0643\u062b\u0631 \u0625\u0634\u0631\u0627\u0642\u064b\u0627 \u0646\u0643\u0647\u0629 \u0627\u0644\u0645\u0646\u062a\u0648\u0644 \u0627\u0644\u0628\u0627\u0631\u062f\u0629 \u0648\u0627\u0644\u0645\u0646\u0639\u0634\u0629 \ud83d\udee1\ufe0f [&hellip;]<\/p>\n","protected":false},"featured_media":30321,"template":"","meta":[],"pwb-brand":[1411],"product_brand":[],"product_cat":[1131],"product_tag":[706],"class_list":{"0":"post-30320","1":"product","2":"type-product","3":"status-publish","4":"has-post-thumbnail","6":"pwb-brand-closeup","7":"product_cat-tooth-paste","8":"product_tag-toothpaste","10":"first","11":"instock","12":"shipping-taxable","13":"purchasable","14":"product-type-variable","15":"has-default-attributes","16":"wvs-archive-product-wrapper"},"brands":[{"id":1411,"name":"CloseUp","slug":"gros-plan"}],"_links":{"self":[{"href":"https:\/\/gopinkish.com\/fr\/wp-json\/wp\/v2\/product\/30320","targetHints":{"allow":["GET"]}}],"collection":[{"href":"https:\/\/gopinkish.com\/fr\/wp-json\/wp\/v2\/product"}],"about":[{"href":"https:\/\/gopinkish.com\/fr\/wp-json\/wp\/v2\/types\/product"}],"wp:featuredmedia":[{"embeddable":true,"href":"https:\/\/gopinkish.com\/fr\/wp-json\/wp\/v2\/media\/30321"}],"wp:attachment":[{"href":"https:\/\/gopinkish.com\/fr\/wp-json\/wp\/v2\/media?parent=30320"}],"wp:term":[{"taxonomy":"pwb-brand","embeddable":true,"href":"https:\/\/gopinkish.com\/fr\/wp-json\/wp\/v2\/pwb-brand?post=30320"},{"taxonomy":"product_brand","embeddable":true,"href":"https:\/\/gopinkish.com\/fr\/wp-json\/wp\/v2\/product_brand?post=30320"},{"taxonomy":"product_cat","embeddable":true,"href":"https:\/\/gopinkish.com\/fr\/wp-json\/wp\/v2\/product_cat?post=30320"},{"taxonomy":"product_tag","embeddable":true,"href":"https:\/\/gopinkish.com\/fr\/wp-json\/wp\/v2\/product_tag?post=30320"}],"curies":[{"name":"wp","href":"https:\/\/api.w.org\/{rel}","templated":true}]}}