{"id":30300,"date":"2025-05-17T07:47:17","date_gmt":"2025-05-17T06:47:17","guid":{"rendered":"https:\/\/gopinkish.com\/?post_type=product&#038;p=30300"},"modified":"2026-04-20T20:38:12","modified_gmt":"2026-04-20T19:38:12","slug":"8718951552623","status":"publish","type":"product","link":"https:\/\/gopinkish.com\/fr\/produit\/8718951552623\/","title":{"rendered":"Dentifrice avec cristaux rafra\u00eechissants pour nettoyer et rafra\u00eechir les dents et la bouche"},"content":{"rendered":"<p style=\"text-align: justify;\">Dentifrice <strong>Colgate Max Fresh<\/strong> Contient une formule gel rafra\u00eechissante enrichie de <strong>Cristaux r\u00e9frig\u00e9rants solubles<\/strong>Procure une sensation instantan\u00e9e de propret\u00e9 et de fra\u00eecheur qui dure plus longtemps. \u00c9limine les bact\u00e9ries responsables des mauvaises odeurs et vous donne une haleine fra\u00eeche qui dure jusqu'\u00e0 10 fois plus longtemps que les dentifrices au fluor ordinaires.<\/p>\n<p style=\"text-align: justify;\">\ud83c\udf3f L'ingr\u00e9dient actif :<\/p>\n<p style=\"text-align: justify;\">Cristaux r\u00e9frig\u00e9rants solubles<\/p>\n<p style=\"text-align: justify;\">Forte saveur de menthe<\/p>\n<p style=\"text-align: justify;\">Le fluor pour lutter contre les caries et renforcer les dents<\/p>\n<p style=\"text-align: justify;\">\ud83d\udee1\ufe0f Caract\u00e9ristiques principales :<\/p>\n<p style=\"text-align: justify;\">Rafra\u00eechit efficacement la respiration<\/p>\n<p style=\"text-align: justify;\">Aide \u00e0 blanchir les dents<\/p>\n<p style=\"text-align: justify;\">R\u00e9siste aux caries<\/p>\n<p style=\"text-align: justify;\">Convient aux adultes<\/p>\n<p style=\"text-align: justify;\">Formule gel l\u00e9g\u00e8re et facile \u00e0 utiliser<\/p>\n<p style=\"text-align: justify;\">\ud83e\uddfc Comment utiliser :<\/p>\n<p style=\"text-align: justify;\">Appliquer une quantit\u00e9 de la taille d'un petit pois sur le pinceau<\/p>\n<p style=\"text-align: justify;\">Brosser les dents et les gencives pendant deux minutes<\/p>\n<p style=\"text-align: justify;\">Rincer soigneusement la bouche<\/p>\n<p style=\"text-align: justify;\">A utiliser matin et soir<\/p>\n<p dir=\"ltr\" style=\"text-align: center;\">\ud83c\uddec\ud83c\udde7 Colgate Max Fresh - Clean Mint Gel Toothpaste - 75ml<\/p>\n<p dir=\"ltr\" style=\"text-align: center;\">\ud83c\uddeb\ud83c\uddf7 Colgate Max Fresh - Gel Dentifrice Menthe Fra\u00eeche - 75ml<\/p>","protected":false},"excerpt":{"rendered":"<p>\u0645\u0639\u062c\u0648\u0646 \u0627\u0644\u0623\u0633\u0646\u0627\u0646 Colgate Max Fresh \u064a\u062d\u062a\u0648\u064a \u0639\u0644\u0649 \u062a\u0631\u0643\u064a\u0628\u0629 \u062c\u0644 \u0645\u0646\u0639\u0634\u0629 \u063a\u0646\u064a\u0629 \u0628\u0640 \u0628\u0644\u0648\u0631\u0627\u062a \u0627\u0644\u062a\u0628\u0631\u064a\u062f \u0627\u0644\u0642\u0627\u0628\u0644\u0629 \u0644\u0644\u0630\u0648\u0628\u0627\u0646\u060c \u062a\u0645\u0646\u062d\u0643 \u0625\u062d\u0633\u0627\u0633\u064b\u0627 \u0641\u0648\u0631\u064a\u064b\u0627 \u0628\u0627\u0644\u0646\u0638\u0627\u0641\u0629 \u0648\u0627\u0644\u0627\u0646\u062a\u0639\u0627\u0634 \u064a\u062f\u0648\u0645 \u0644\u0641\u062a\u0631\u0629 \u0623\u0637\u0648\u0644. \u064a\u0639\u0645\u0644 \u0639\u0644\u0649 \u0625\u0632\u0627\u0644\u0629 \u0627\u0644\u0628\u0643\u062a\u064a\u0631\u064a\u0627 \u0627\u0644\u0645\u0633\u0628\u0628\u0629 \u0644\u0631\u0627\u0626\u062d\u0629 \u0627\u0644\u0641\u0645 \u0627\u0644\u0643\u0631\u064a\u0647\u0629\u060c \u0648\u064a\u0645\u0646\u062d\u0643 \u0646\u0641\u0633\u064b\u0627 \u0645\u0646\u0639\u0634\u064b\u0627 \u064a\u062f\u0648\u0645 \u062d\u062a\u0649 10 \u0645\u0631\u0627\u062a \u0623\u0637\u0648\u0644 \u0645\u0642\u0627\u0631\u0646\u0629 \u0628\u0645\u0639\u0627\u062c\u064a\u0646 \u0627\u0644\u0641\u0644\u0648\u0631\u0627\u064a\u062f \u0627\u0644\u0639\u0627\u062f\u064a\u0629. \ud83c\udf3f \u0627\u0644\u062a\u0631\u0643\u064a\u0628\u0629 \u0627\u0644\u0641\u0639\u0627\u0644\u0629: \u0628\u0644\u0648\u0631\u0627\u062a \u062a\u0628\u0631\u064a\u062f \u0642\u0627\u0628\u0644\u0629 \u0644\u0644\u0630\u0648\u0628\u0627\u0646 \u0646\u0643\u0647\u0629 \u0627\u0644\u0646\u0639\u0646\u0627\u0639 \u0627\u0644\u0642\u0648\u064a \u0641\u0644\u0648\u0631\u0627\u064a\u062f [&hellip;]<\/p>\n","protected":false},"featured_media":30301,"template":"","meta":[],"pwb-brand":[705],"product_brand":[],"product_cat":[1131],"product_tag":[706],"class_list":{"0":"post-30300","1":"product","2":"type-product","3":"status-publish","4":"has-post-thumbnail","6":"pwb-brand-colgate","7":"product_cat-tooth-paste","8":"product_tag-toothpaste","10":"first","11":"outofstock","12":"shipping-taxable","13":"product-type-variable","14":"has-default-attributes","15":"wvs-archive-product-wrapper"},"brands":[{"id":705,"name":"Colgate","slug":"colgate"}],"_links":{"self":[{"href":"https:\/\/gopinkish.com\/fr\/wp-json\/wp\/v2\/product\/30300","targetHints":{"allow":["GET"]}}],"collection":[{"href":"https:\/\/gopinkish.com\/fr\/wp-json\/wp\/v2\/product"}],"about":[{"href":"https:\/\/gopinkish.com\/fr\/wp-json\/wp\/v2\/types\/product"}],"wp:featuredmedia":[{"embeddable":true,"href":"https:\/\/gopinkish.com\/fr\/wp-json\/wp\/v2\/media\/30301"}],"wp:attachment":[{"href":"https:\/\/gopinkish.com\/fr\/wp-json\/wp\/v2\/media?parent=30300"}],"wp:term":[{"taxonomy":"pwb-brand","embeddable":true,"href":"https:\/\/gopinkish.com\/fr\/wp-json\/wp\/v2\/pwb-brand?post=30300"},{"taxonomy":"product_brand","embeddable":true,"href":"https:\/\/gopinkish.com\/fr\/wp-json\/wp\/v2\/product_brand?post=30300"},{"taxonomy":"product_cat","embeddable":true,"href":"https:\/\/gopinkish.com\/fr\/wp-json\/wp\/v2\/product_cat?post=30300"},{"taxonomy":"product_tag","embeddable":true,"href":"https:\/\/gopinkish.com\/fr\/wp-json\/wp\/v2\/product_tag?post=30300"}],"curies":[{"name":"wp","href":"https:\/\/api.w.org\/{rel}","templated":true}]}}