{"id":30273,"date":"2025-05-14T15:26:29","date_gmt":"2025-05-14T14:26:29","guid":{"rendered":"https:\/\/gopinkish.com\/?post_type=product&#038;p=30273"},"modified":"2025-12-23T15:56:14","modified_gmt":"2025-12-23T14:56:14","slug":"6223013530287","status":"publish","type":"product","link":"https:\/\/gopinkish.com\/fr\/produit\/6223013530287\/","title":{"rendered":"Bain de bouche th\u00e9rapeutique pour prot\u00e9ger les gencives et lutter contre les bact\u00e9ries"},"content":{"rendered":"<p style=\"text-align: justify;\">\u063a\u0633\u0648\u0644 \u0641\u0645 \u0639\u0644\u0627\u062c\u064a \u0644\u062d\u0645\u0627\u064a\u0629 \u0627\u0644\u0644\u062b\u0629 \u0645\u0646 \u0628\u0627\u0631\u0648\u062f\u0648\u0646\u062a\u0643\u0633\u060c \u0645\u0635\u0645\u0645 \u062e\u0635\u064a\u0635\u064b\u0627 \u0644\u0645\u062d\u0627\u0631\u0628\u0629 \u0627\u0644\u0628\u0643\u062a\u064a\u0631\u064a\u0627 \u0627\u0644\u0645\u0633\u0628\u0628\u0629 \u0644\u0645\u0634\u0627\u0643\u0644 \u0627\u0644\u0644\u062b\u0629. \u062a\u0631\u0643\u064a\u0628\u062a\u0647 \u062a\u062d\u062a\u0648\u064a \u0639\u0644\u0649 \u0627\u0644\u0641\u0644\u0648\u0631\u0627\u064a\u062f \u0648\u062a\u0645\u0646\u062d \u0627\u0646\u062a\u0639\u0627\u0634\u064b\u0627 \u0641\u0627\u0626\u0642\u064b\u0627 \u0628\u062f\u0648\u0646 \u0643\u062d\u0648\u0644\u060c \u0645\u0645\u0627 \u064a\u062c\u0639\u0644\u0647 \u0645\u062b\u0627\u0644\u064a\u064b\u0627 \u0644\u0644\u0627\u0633\u062a\u062e\u062f\u0627\u0645 \u0627\u0644\u064a\u0648\u0645\u064a. \u064a\u0633\u0627\u0639\u062f \u0639\u0644\u0649 \u062a\u0642\u0648\u064a\u0629 \u0627\u0644\u0623\u0633\u0646\u0627\u0646\u060c \u062a\u0642\u0644\u064a\u0644 \u062a\u0631\u0627\u0643\u0645 \u0627\u0644\u0628\u0644\u0627\u0643\u060c \u0648\u0625\u0646\u0639\u0627\u0634 \u0627\u0644\u0646\u0641\u0633 \u0644\u0641\u062a\u0631\u0627\u062a \u0637\u0648\u064a\u0644\u0629.<\/p>\n<h4 style=\"text-align: justify;\">\u2705 Caract\u00e9ristiques :<\/h4>\n<p>\u064a\u062d\u0627\u0631\u0628 \u0627\u0644\u0628\u0643\u062a\u064a\u0631\u064a\u0627 \u0627\u0644\u0645\u0633\u0628\u0628\u0629 \u0644\u0627\u0644\u062a\u0647\u0627\u0628 \u0627\u0644\u0644\u062b\u0629<\/p>\n<p>\u064a\u062d\u062a\u0648\u064a \u0639\u0644\u0649 \u0627\u0644\u0641\u0644\u0648\u0631\u0627\u064a\u062f \u0644\u062a\u0642\u0648\u064a\u0629 \u0627\u0644\u0623\u0633\u0646\u0627\u0646<\/p>\n<p>\u0646\u0643\u0647\u0629 \u0627\u0644\u0646\u0639\u0646\u0627\u0639 \u0627\u0644\u0645\u0646\u0639\u0634\u0629<\/p>\n<p>Sans alcool - doux pour la bouche<\/p>\n<p>Convient \u00e0 un usage quotidien<\/p>\n<h4 style=\"text-align: justify;\">\ud83e\uddfc Comment utiliser :<\/h4>\n<p style=\"text-align: justify;\">\u0627\u0633\u062a\u062e\u062f\u0645 20 \u0645\u0644 \u0628\u0639\u062f \u062a\u0646\u0638\u064a\u0641 \u0627\u0644\u0623\u0633\u0646\u0627\u0646 \u0635\u0628\u0627\u062d\u064b\u0627 \u0648\u0645\u0633\u0627\u0621\u064b. \u0645\u0636\u0645\u0636 \u0644\u0645\u062f\u0629 30 \u062b\u0627\u0646\u064a\u0629 \u062b\u0645 \u0627\u0628\u0635\u0642. \u0644\u0627 \u062a\u0628\u062a\u0644\u0639 \u0627\u0644\u063a\u0633\u0648\u0644.<\/p>\n<p dir=\"ltr\" style=\"text-align: center;\">\ud83c\uddec\ud83c\udde7 Parodontax Protection Active Gencives Mouthwash \u2013 500ml<\/p>\n<p dir=\"ltr\" style=\"text-align: center;\">\ud83c\uddeb\ud83c\uddf7 Parodontax Bain de Bouche Quotidien Protection Active Gencives \u2013 500ml<\/p>","protected":false},"excerpt":{"rendered":"<p>\u063a\u0633\u0648\u0644 \u0641\u0645 \u0639\u0644\u0627\u062c\u064a \u0644\u062d\u0645\u0627\u064a\u0629 \u0627\u0644\u0644\u062b\u0629 \u0645\u0646 \u0628\u0627\u0631\u0648\u062f\u0648\u0646\u062a\u0643\u0633\u060c \u0645\u0635\u0645\u0645 \u062e\u0635\u064a\u0635\u064b\u0627 \u0644\u0645\u062d\u0627\u0631\u0628\u0629 \u0627\u0644\u0628\u0643\u062a\u064a\u0631\u064a\u0627 \u0627\u0644\u0645\u0633\u0628\u0628\u0629 \u0644\u0645\u0634\u0627\u0643\u0644 \u0627\u0644\u0644\u062b\u0629. \u062a\u0631\u0643\u064a\u0628\u062a\u0647 \u062a\u062d\u062a\u0648\u064a \u0639\u0644\u0649 \u0627\u0644\u0641\u0644\u0648\u0631\u0627\u064a\u062f \u0648\u062a\u0645\u0646\u062d \u0627\u0646\u062a\u0639\u0627\u0634\u064b\u0627 \u0641\u0627\u0626\u0642\u064b\u0627 \u0628\u062f\u0648\u0646 \u0643\u062d\u0648\u0644\u060c \u0645\u0645\u0627 \u064a\u062c\u0639\u0644\u0647 \u0645\u062b\u0627\u0644\u064a\u064b\u0627 \u0644\u0644\u0627\u0633\u062a\u062e\u062f\u0627\u0645 \u0627\u0644\u064a\u0648\u0645\u064a. \u064a\u0633\u0627\u0639\u062f \u0639\u0644\u0649 \u062a\u0642\u0648\u064a\u0629 \u0627\u0644\u0623\u0633\u0646\u0627\u0646\u060c \u062a\u0642\u0644\u064a\u0644 \u062a\u0631\u0627\u0643\u0645 \u0627\u0644\u0628\u0644\u0627\u0643\u060c \u0648\u0625\u0646\u0639\u0627\u0634 \u0627\u0644\u0646\u0641\u0633 \u0644\u0641\u062a\u0631\u0627\u062a \u0637\u0648\u064a\u0644\u0629. \u2705 \u0627\u0644\u0645\u0645\u064a\u0632\u0627\u062a: \u064a\u062d\u0627\u0631\u0628 \u0627\u0644\u0628\u0643\u062a\u064a\u0631\u064a\u0627 \u0627\u0644\u0645\u0633\u0628\u0628\u0629 \u0644\u0627\u0644\u062a\u0647\u0627\u0628 \u0627\u0644\u0644\u062b\u0629 \u064a\u062d\u062a\u0648\u064a \u0639\u0644\u0649 \u0627\u0644\u0641\u0644\u0648\u0631\u0627\u064a\u062f \u0644\u062a\u0642\u0648\u064a\u0629 \u0627\u0644\u0623\u0633\u0646\u0627\u0646 \u0646\u0643\u0647\u0629 \u0627\u0644\u0646\u0639\u0646\u0627\u0639 \u0627\u0644\u0645\u0646\u0639\u0634\u0629 \u062e\u0627\u0644\u064d [&hellip;]<\/p>\n","protected":false},"featured_media":30274,"template":"","meta":[],"pwb-brand":[1372],"product_brand":[],"product_cat":[1133],"product_tag":[],"class_list":{"0":"post-30273","1":"product","2":"type-product","3":"status-publish","4":"has-post-thumbnail","6":"pwb-brand-parodontax","7":"product_cat-mouth-wash","9":"first","10":"outofstock","11":"shipping-taxable","12":"product-type-variable","13":"has-default-attributes","14":"wvs-archive-product-wrapper"},"brands":[{"id":1372,"name":"Parodontax","slug":"parodontaxe"}],"_links":{"self":[{"href":"https:\/\/gopinkish.com\/fr\/wp-json\/wp\/v2\/product\/30273","targetHints":{"allow":["GET"]}}],"collection":[{"href":"https:\/\/gopinkish.com\/fr\/wp-json\/wp\/v2\/product"}],"about":[{"href":"https:\/\/gopinkish.com\/fr\/wp-json\/wp\/v2\/types\/product"}],"wp:featuredmedia":[{"embeddable":true,"href":"https:\/\/gopinkish.com\/fr\/wp-json\/wp\/v2\/media\/30274"}],"wp:attachment":[{"href":"https:\/\/gopinkish.com\/fr\/wp-json\/wp\/v2\/media?parent=30273"}],"wp:term":[{"taxonomy":"pwb-brand","embeddable":true,"href":"https:\/\/gopinkish.com\/fr\/wp-json\/wp\/v2\/pwb-brand?post=30273"},{"taxonomy":"product_brand","embeddable":true,"href":"https:\/\/gopinkish.com\/fr\/wp-json\/wp\/v2\/product_brand?post=30273"},{"taxonomy":"product_cat","embeddable":true,"href":"https:\/\/gopinkish.com\/fr\/wp-json\/wp\/v2\/product_cat?post=30273"},{"taxonomy":"product_tag","embeddable":true,"href":"https:\/\/gopinkish.com\/fr\/wp-json\/wp\/v2\/product_tag?post=30273"}],"curies":[{"name":"wp","href":"https:\/\/api.w.org\/{rel}","templated":true}]}}