{"id":30270,"date":"2025-05-14T15:18:25","date_gmt":"2025-05-14T14:18:25","guid":{"rendered":"https:\/\/gopinkish.com\/?post_type=product&#038;p=30270"},"modified":"2026-04-18T15:29:47","modified_gmt":"2026-04-18T14:29:47","slug":"8016825967857","status":"publish","type":"product","link":"https:\/\/gopinkish.com\/fr\/produit\/8016825967857\/","title":{"rendered":"Bain de bouche pour un nettoyage en profondeur et une ultra-fra\u00eecheur"},"content":{"rendered":"<p style=\"text-align: justify;\">Offrez \u00e0 votre bouche un nettoyage en profondeur ultra-frais avec le rince-bouche Aquafresh Intense Clean Energy Fresh. Une formule sans alcool avec des huiles essentielles actives, qui nettoie toute la bouche, renforce l'\u00e9mail et procure une haleine fra\u00eeche de longue dur\u00e9e. Id\u00e9al pour un usage quotidien, il vous laisse une sensation de propret\u00e9 et de confiance.<\/p>\n<h4 style=\"text-align: justify;\">\u2705 Caract\u00e9ristiques :<\/h4>\n<p style=\"text-align: justify;\">Nettoyage en profondeur de la bouche, des dents et de la langue<\/p>\n<p style=\"text-align: justify;\">Rafra\u00eechit l'haleine et offre une protection durable contre les bact\u00e9ries<\/p>\n<p style=\"text-align: justify;\">Aide \u00e0 renforcer l'\u00e9mail des dents<\/p>\n<p style=\"text-align: justify;\">Sans alcool - doux pour la bouche<\/p>\n<p style=\"text-align: justify;\">Convient \u00e0 toute la famille<\/p>\n<h4 style=\"text-align: justify;\">\ud83e\uddfc Comment utiliser :<\/h4>\n<p style=\"text-align: justify;\">Utiliser 20 ml de rin\u00e7age deux fois par jour apr\u00e8s le brossage des dents. Agiter pendant 30 secondes, puis cracher. Ne pas avaler le produit de rin\u00e7age.<\/p>\n<p>&nbsp;<\/p>\n<p dir=\"ltr\" style=\"text-align: center;\">\ud83c\uddec\ud83c\udde7 <strong>Rince-bouche Aquafresh Intense Clean Energy Fresh - 500ml<\/strong><\/p>\n<p dir=\"ltr\" style=\"text-align: center;\">\ud83c\uddeb\ud83c\uddf7 <strong>Bain de Bouche Aquafresh Intense Clean \u00c9nergie Fra\u00eeche - 500ml<\/strong><\/p>","protected":false},"excerpt":{"rendered":"<p>\u0627\u0645\u0646\u062d \u0641\u0645\u0643 \u0627\u0646\u062a\u0639\u0627\u0634\u064b\u0627 \u0641\u0627\u0626\u0642\u064b\u0627 \u0648\u0646\u0638\u0627\u0641\u0629 \u0639\u0645\u064a\u0642\u0629 \u0645\u0639 \u063a\u0633\u0648\u0644 \u0627\u0644\u0641\u0645 Aquafresh Intense Clean Energy Fresh. \u062a\u0631\u0643\u064a\u0628\u0629 \u062e\u0627\u0644\u064a\u0629 \u0645\u0646 \u0627\u0644\u0643\u062d\u0648\u0644 \u062a\u062d\u062a\u0648\u064a \u0639\u0644\u0649 \u0632\u064a\u0648\u062a \u0623\u0633\u0627\u0633\u064a\u0629 \u0641\u0639\u0627\u0644\u0629\u060c \u062a\u0639\u0645\u0644 \u0639\u0644\u0649 \u062a\u0646\u0638\u064a\u0641 \u0627\u0644\u0641\u0645 \u0628\u0627\u0644\u0643\u0627\u0645\u0644\u060c \u062a\u0642\u0648\u064a\u0629 \u0627\u0644\u0645\u064a\u0646\u0627\u060c \u0648\u0625\u0646\u0639\u0627\u0634 \u0627\u0644\u0646\u0641\u0633 \u0644\u0641\u062a\u0631\u0629 \u0637\u0648\u064a\u0644\u0629. \u0645\u062b\u0627\u0644\u064a \u0644\u0644\u0627\u0633\u062a\u062e\u062f\u0627\u0645 \u0627\u0644\u064a\u0648\u0645\u064a \u0648\u064a\u0645\u0646\u062d\u0643 \u0634\u0639\u0648\u0631\u064b\u0627 \u0628\u0627\u0644\u0646\u0638\u0627\u0641\u0629 \u0648\u0627\u0644\u062b\u0642\u0629. \u2705 \u0627\u0644\u0645\u0645\u064a\u0632\u0627\u062a: \u062a\u0646\u0638\u064a\u0641 \u0639\u0645\u064a\u0642 \u0644\u0644\u0641\u0645 \u0648\u0627\u0644\u0623\u0633\u0646\u0627\u0646 \u0648\u0627\u0644\u0644\u0633\u0627\u0646 \u064a\u0646\u0639\u0634 \u0627\u0644\u0646\u0641\u0633 \u0648\u064a\u0645\u0646\u062d \u062d\u0645\u0627\u064a\u0629 \u0637\u0648\u064a\u0644\u0629 \u0636\u062f \u0627\u0644\u0628\u0643\u062a\u064a\u0631\u064a\u0627 [&hellip;]<\/p>\n","protected":false},"featured_media":30271,"template":"","meta":[],"pwb-brand":[1396],"product_brand":[],"product_cat":[1133],"product_tag":[],"class_list":{"0":"post-30270","1":"product","2":"type-product","3":"status-publish","4":"has-post-thumbnail","6":"pwb-brand-aquafresh","7":"product_cat-mouth-wash","9":"first","10":"instock","11":"shipping-taxable","12":"purchasable","13":"product-type-variable","14":"has-default-attributes","15":"wvs-archive-product-wrapper"},"brands":[{"id":1396,"name":"Aquafresh","slug":"aquafresh"}],"_links":{"self":[{"href":"https:\/\/gopinkish.com\/fr\/wp-json\/wp\/v2\/product\/30270","targetHints":{"allow":["GET"]}}],"collection":[{"href":"https:\/\/gopinkish.com\/fr\/wp-json\/wp\/v2\/product"}],"about":[{"href":"https:\/\/gopinkish.com\/fr\/wp-json\/wp\/v2\/types\/product"}],"wp:featuredmedia":[{"embeddable":true,"href":"https:\/\/gopinkish.com\/fr\/wp-json\/wp\/v2\/media\/30271"}],"wp:attachment":[{"href":"https:\/\/gopinkish.com\/fr\/wp-json\/wp\/v2\/media?parent=30270"}],"wp:term":[{"taxonomy":"pwb-brand","embeddable":true,"href":"https:\/\/gopinkish.com\/fr\/wp-json\/wp\/v2\/pwb-brand?post=30270"},{"taxonomy":"product_brand","embeddable":true,"href":"https:\/\/gopinkish.com\/fr\/wp-json\/wp\/v2\/product_brand?post=30270"},{"taxonomy":"product_cat","embeddable":true,"href":"https:\/\/gopinkish.com\/fr\/wp-json\/wp\/v2\/product_cat?post=30270"},{"taxonomy":"product_tag","embeddable":true,"href":"https:\/\/gopinkish.com\/fr\/wp-json\/wp\/v2\/product_tag?post=30270"}],"curies":[{"name":"wp","href":"https:\/\/api.w.org\/{rel}","templated":true}]}}