{"id":30264,"date":"2025-05-14T15:08:39","date_gmt":"2025-05-14T14:08:39","guid":{"rendered":"https:\/\/gopinkish.com\/?post_type=product&#038;p=30264"},"modified":"2026-02-08T09:21:03","modified_gmt":"2026-02-08T08:21:03","slug":"3574661650005","status":"publish","type":"product","link":"https:\/\/gopinkish.com\/fr\/produit\/3574661650005\/","title":{"rendered":"Rince-bouche pour nettoyer la bouche et prot\u00e9ger les gencives avec une saveur douce"},"content":{"rendered":"<p style=\"text-align: justify;\">Prot\u00e9gez naturellement vos gencives avec le bain de bouche LISTERINE Naturals, sp\u00e9cialement formul\u00e9 pour pr\u00e9server la sant\u00e9 de votre bouche et de vos gencives avec 96 % d'ingr\u00e9dients naturels. Sans alcool ni colorant, il convient aux v\u00e9g\u00e9tariens et aux v\u00e9g\u00e9taliens et a un go\u00fbt de menthe l\u00e9ger et rafra\u00eechissant.<\/p>\n<h4 style=\"text-align: justify;\">\u2705 Caract\u00e9ristiques :<\/h4>\n<p style=\"text-align: justify;\">Formule 96% naturelle avec des huiles essentielles antibact\u00e9riennes<\/p>\n<p style=\"text-align: justify;\">R\u00e9duit la plaque dentaire et pr\u00e9vient l'inflammation des gencives<\/p>\n<p style=\"text-align: justify;\">Sans alcool ni colorant, convient aux v\u00e9g\u00e9taliens<\/p>\n<p style=\"text-align: justify;\">Go\u00fbt l\u00e9ger et rafra\u00eechissant de menthe<\/p>\n<p style=\"text-align: justify;\">Emballage recyclable fabriqu\u00e9 \u00e0 partir de 50 % de plastique recycl\u00e9<\/p>\n<h4 style=\"text-align: justify;\">\ud83e\uddcd\u200d\u2642\ufe0f Mode d'emploi :<\/h4>\n<p style=\"text-align: justify;\">Utiliser 20 ml deux fois par jour apr\u00e8s le brossage des dents. Rincer pendant 30 secondes et cracher. Pour les enfants de 6 \u00e0 12 ans, utiliser 10 ml sous la surveillance d'un adulte.<\/p>\n<h4 style=\"text-align: justify;\">\ud83d\udce6 Taille :<\/h4>\n<p style=\"text-align: justify;\">500ml<\/p>\n<h4 style=\"text-align: justify;\">\ud83c\udff7\ufe0f Noms des produits :<\/h4>\n<p dir=\"ltr\" style=\"text-align: center;\">\ud83c\uddec\ud83c\udde7 <strong>Rince-bouche Listerine Naturals Gum Protection - Saveur menthe l\u00e9g\u00e8re - 500ml<\/strong><\/p>\n<p dir=\"ltr\" style=\"text-align: center;\">\ud83c\uddeb\ud83c\uddf7 <strong>Listerine Bain de Bouche Naturals Protection Gencives Go\u00fbt Plus L\u00e9ger - 500ml<\/strong><\/p>","protected":false},"excerpt":{"rendered":"<p>\u0627\u062d\u0635\u0644\u064a \u0639\u0644\u0649 \u062d\u0645\u0627\u064a\u0629 \u0637\u0628\u064a\u0639\u064a\u0629 \u0644\u0644\u062b\u0629 \u0645\u0639 \u063a\u0633\u0648\u0644 \u0627\u0644\u0641\u0645 LISTERINE Naturals\u060c \u0627\u0644\u0645\u0635\u0645\u0645 \u062e\u0635\u064a\u0635\u064b\u0627 \u0644\u0644\u062d\u0641\u0627\u0638 \u0639\u0644\u0649 \u0635\u062d\u0629 \u0627\u0644\u0641\u0645 \u0648\u0627\u0644\u0644\u062b\u0629 \u0628\u062a\u0631\u0643\u064a\u0628\u0629 \u062a\u062d\u062a\u0648\u064a \u0639\u0644\u0649 96\u066a \u0645\u0646 \u0627\u0644\u0645\u0643\u0648\u0646\u0627\u062a \u0627\u0644\u0637\u0628\u064a\u0639\u064a\u0629. \u062e\u0627\u0644\u064d \u0645\u0646 \u0627\u0644\u0643\u062d\u0648\u0644 \u0648\u0627\u0644\u0645\u0644\u0648\u0646\u0627\u062a\u060c \u0648\u0645\u0646\u0627\u0633\u0628 \u0644\u0644\u0646\u0628\u0627\u062a\u064a\u064a\u0646\u060c \u0648\u064a\u062a\u0645\u064a\u0632 \u0628\u0646\u0643\u0647\u0629 \u0627\u0644\u0646\u0639\u0646\u0627\u0639 \u0627\u0644\u062e\u0641\u064a\u0641\u0629 \u0648\u0627\u0644\u0645\u0646\u0639\u0634\u0629. \u2705 \u0627\u0644\u0645\u0645\u064a\u0632\u0627\u062a: \u062a\u0631\u0643\u064a\u0628\u0629 \u0637\u0628\u064a\u0639\u064a\u0629 \u0628\u0646\u0633\u0628\u0629 96\u066a \u0645\u0639 \u0632\u064a\u0648\u062a \u0623\u0633\u0627\u0633\u064a\u0629 \u0645\u0636\u0627\u062f\u0629 \u0644\u0644\u0628\u0643\u062a\u064a\u0631\u064a\u0627 \u064a\u0642\u0644\u0644 \u0645\u0646 \u0627\u0644\u0628\u0644\u0627\u0643 \u0648\u064a\u0645\u0646\u0639 \u0627\u0644\u062a\u0647\u0627\u0628 \u0627\u0644\u0644\u062b\u0629 \u062e\u0627\u0644\u064d \u0645\u0646 \u0627\u0644\u0643\u062d\u0648\u0644 [&hellip;]<\/p>\n","protected":false},"featured_media":30265,"template":"","meta":[],"pwb-brand":[464],"product_brand":[],"product_cat":[1133],"product_tag":[],"class_list":{"0":"post-30264","1":"product","2":"type-product","3":"status-publish","4":"has-post-thumbnail","6":"pwb-brand-listerine","7":"product_cat-mouth-wash","9":"first","10":"instock","11":"shipping-taxable","12":"purchasable","13":"product-type-variable","14":"has-default-attributes","15":"wvs-archive-product-wrapper"},"brands":[{"id":464,"name":"Listerine","slug":"listerine"}],"_links":{"self":[{"href":"https:\/\/gopinkish.com\/fr\/wp-json\/wp\/v2\/product\/30264","targetHints":{"allow":["GET"]}}],"collection":[{"href":"https:\/\/gopinkish.com\/fr\/wp-json\/wp\/v2\/product"}],"about":[{"href":"https:\/\/gopinkish.com\/fr\/wp-json\/wp\/v2\/types\/product"}],"wp:featuredmedia":[{"embeddable":true,"href":"https:\/\/gopinkish.com\/fr\/wp-json\/wp\/v2\/media\/30265"}],"wp:attachment":[{"href":"https:\/\/gopinkish.com\/fr\/wp-json\/wp\/v2\/media?parent=30264"}],"wp:term":[{"taxonomy":"pwb-brand","embeddable":true,"href":"https:\/\/gopinkish.com\/fr\/wp-json\/wp\/v2\/pwb-brand?post=30264"},{"taxonomy":"product_brand","embeddable":true,"href":"https:\/\/gopinkish.com\/fr\/wp-json\/wp\/v2\/product_brand?post=30264"},{"taxonomy":"product_cat","embeddable":true,"href":"https:\/\/gopinkish.com\/fr\/wp-json\/wp\/v2\/product_cat?post=30264"},{"taxonomy":"product_tag","embeddable":true,"href":"https:\/\/gopinkish.com\/fr\/wp-json\/wp\/v2\/product_tag?post=30264"}],"curies":[{"name":"wp","href":"https:\/\/api.w.org\/{rel}","templated":true}]}}