{"id":30188,"date":"2025-02-11T12:16:38","date_gmt":"2025-02-11T11:16:38","guid":{"rendered":"https:\/\/gopinkish.com\/?post_type=product&#038;p=30188"},"modified":"2025-10-16T16:54:50","modified_gmt":"2025-10-16T15:54:50","slug":"8999777007430","status":"publish","type":"product","link":"https:\/\/gopinkish.com\/fr\/produit\/8999777007430\/","title":{"rendered":"\u0645\u0632\u064a\u0644 \u0639\u0631\u0642 \u0628\u0641\u064a\u062a\u0627\u0645\u064a\u0646 \u0633\u064a \u0648 \u0627\u0644\u0623\u0644\u0648\u0641\u064a\u0631\u0627 \u0644\u062a\u0641\u062a\u064a\u062d \u0648 \u062a\u0647\u062f\u0626\u0629 \u0627\u0644\u0628\u0634\u0631\u0629 \u0648 \u062d\u0645\u0627\u064a\u0629 72 \u0633\u0627\u0639\u0629"},"content":{"rendered":"<p style=\"text-align: justify;\"><strong>NIVEA Extra Bright Happy Shave 72H<\/strong> \u0647\u0648 \u0645\u0632\u064a\u0644 \u0639\u0631\u0642 \u0631\u0648\u0644 \u0623\u0648\u0646 \u0645\u0635\u0645\u0645 \u0644\u062a\u0648\u0641\u064a\u0631 \u062d\u0645\u0627\u064a\u0629 \u0641\u0627\u0626\u0642\u0629 \u0645\u0646 \u0627\u0644\u062a\u0639\u0631\u0642 \u0648\u0627\u0644\u0631\u0627\u0626\u062d\u0629 \u0644\u0645\u062f\u0629 \u062a\u0635\u0644 \u0625\u0644\u0649 <strong>72 heures<\/strong>\u060c \u0645\u0639 \u0639\u0646\u0627\u064a\u0629 \u062e\u0627\u0635\u0629 \u0628\u0627\u0644\u0628\u0634\u0631\u0629 \u0628\u0639\u062f \u0627\u0644\u062d\u0644\u0627\u0642\u0629.<\/p>\n<p style=\"text-align: justify;\">\ud83c\udf3f <strong>La formule efficace :<\/strong><\/p>\n<ul style=\"text-align: justify;\">\n<li>Il contient <strong>Vitamine C<\/strong> \u0648<strong>\u0645\u0633\u062a\u062e\u0644\u0635 \u0627\u0644\u0623\u0644\u0648\u0641\u064a\u0631\u0627<\/strong> \u0644\u062a\u0641\u062a\u064a\u062d \u0627\u0644\u0628\u0634\u0631\u0629 \u0648\u062a\u0647\u062f\u0626\u062a\u0647\u0627 \u0628\u0639\u062f \u0627\u0644\u062d\u0644\u0627\u0642\u0629<\/li>\n<li>\u062e\u0627\u0644\u064d \u0645\u0646 \u0627\u0644\u0643\u062d\u0648\u0644 \u0627\u0644\u0625\u064a\u062b\u064a\u0644\u064a\u060c \u0645\u0645\u0627 \u064a\u062c\u0639\u0644\u0647 \u0644\u0637\u064a\u0641\u064b\u0627 \u0639\u0644\u0649 \u0627\u0644\u0628\u0634\u0631\u0629 \u0627\u0644\u062d\u0633\u0627\u0633\u0629<\/li>\n<li>\u062a\u0631\u0643\u064a\u0628\u0629 \u0645\u062b\u0628\u062a\u0629 \u062c\u0644\u062f\u064a\u064b\u0627 \u0644\u0636\u0645\u0627\u0646 \u0627\u0644\u062a\u062d\u0645\u0651\u0644 \u0648\u0627\u0644\u0641\u0639\u0627\u0644\u064a\u0629<\/li>\n<\/ul>\n<p style=\"text-align: justify;\">\u2728 <strong>\u0627\u0644\u0641\u0648\u0627\u0626\u062f \u0627\u0644\u0623\u0633\u0627\u0633\u064a\u0629:<\/strong><\/p>\n<ul style=\"text-align: justify;\">\n<li>\u062d\u0645\u0627\u064a\u0629 \u0637\u0648\u064a\u0644\u0629 \u0627\u0644\u0623\u0645\u062f \u0645\u0646 \u0627\u0644\u062a\u0639\u0631\u0642 \u0648\u0627\u0644\u0631\u0627\u0626\u062d\u0629 (72 \u0633\u0627\u0639\u0629)<\/li>\n<li>\u064a\u0641\u062a\u062d \u0644\u0648\u0646 \u0627\u0644\u0628\u0634\u0631\u0629 \u0648\u064a\u0645\u0646\u062d\u0647\u0627 \u0645\u0644\u0645\u0633\u064b\u0627 \u0646\u0627\u0639\u0645\u064b\u0627<\/li>\n<li>\u064a\u0642\u0644\u0644 \u0645\u0646 \u0627\u0644\u062a\u0647\u064a\u062c \u0628\u0639\u062f \u0627\u0644\u062d\u0644\u0627\u0642\u0629<\/li>\n<li>\u0645\u0646\u0627\u0633\u0628 \u0644\u062c\u0645\u064a\u0639 \u0623\u0646\u0648\u0627\u0639 \u0627\u0644\u0628\u0634\u0631\u0629\u060c \u0628\u0645\u0627 \u0641\u064a \u0630\u0644\u0643 \u0627\u0644\u0628\u0634\u0631\u0629 \u0627\u0644\u062d\u0633\u0627\u0633\u0629<\/li>\n<\/ul>\n<p style=\"text-align: justify;\">\ud83e\uddfc <strong>Comment l'utiliser ?<\/strong><\/p>\n<ol start=\"1\">\n<li style=\"text-align: justify;\">\u064a\u064f\u0633\u062a\u062e\u062f\u0645 \u0628\u0639\u062f \u0627\u0644\u0627\u0633\u062a\u062d\u0645\u0627\u0645 \u0639\u0644\u0649 \u0628\u0634\u0631\u0629 \u0646\u0638\u064a\u0641\u0629 \u0648\u062c\u0627\u0641\u0629<\/li>\n<li style=\"text-align: justify;\">Appliquer directement sous l'aisselle<\/li>\n<li>\n<p style=\"text-align: justify;\">Laisser s\u00e9cher compl\u00e8tement avant de proc\u00e9der \u00e0 l'habillage<\/p>\n<\/li>\n<\/ol>","protected":false},"excerpt":{"rendered":"<p>NIVEA Extra Bright Happy Shave 72H \u0647\u0648 \u0645\u0632\u064a\u0644 \u0639\u0631\u0642 \u0631\u0648\u0644 \u0623\u0648\u0646 \u0645\u0635\u0645\u0645 \u0644\u062a\u0648\u0641\u064a\u0631 \u062d\u0645\u0627\u064a\u0629 \u0641\u0627\u0626\u0642\u0629 \u0645\u0646 \u0627\u0644\u062a\u0639\u0631\u0642 \u0648\u0627\u0644\u0631\u0627\u0626\u062d\u0629 \u0644\u0645\u062f\u0629 \u062a\u0635\u0644 \u0625\u0644\u0649 72 \u0633\u0627\u0639\u0629\u060c \u0645\u0639 \u0639\u0646\u0627\u064a\u0629 \u062e\u0627\u0635\u0629 \u0628\u0627\u0644\u0628\u0634\u0631\u0629 \u0628\u0639\u062f \u0627\u0644\u062d\u0644\u0627\u0642\u0629. \ud83c\udf3f \u0627\u0644\u062a\u0631\u0643\u064a\u0628\u0629 \u0627\u0644\u0641\u0639\u0627\u0644\u0629: \u064a\u062d\u062a\u0648\u064a \u0639\u0644\u0649 \u0641\u064a\u062a\u0627\u0645\u064a\u0646 C \u0648\u0645\u0633\u062a\u062e\u0644\u0635 \u0627\u0644\u0623\u0644\u0648\u0641\u064a\u0631\u0627 \u0644\u062a\u0641\u062a\u064a\u062d \u0627\u0644\u0628\u0634\u0631\u0629 \u0648\u062a\u0647\u062f\u0626\u062a\u0647\u0627 \u0628\u0639\u062f \u0627\u0644\u062d\u0644\u0627\u0642\u0629 \u062e\u0627\u0644\u064d \u0645\u0646 \u0627\u0644\u0643\u062d\u0648\u0644 \u0627\u0644\u0625\u064a\u062b\u064a\u0644\u064a\u060c \u0645\u0645\u0627 \u064a\u062c\u0639\u0644\u0647 \u0644\u0637\u064a\u0641\u064b\u0627 \u0639\u0644\u0649 \u0627\u0644\u0628\u0634\u0631\u0629 \u0627\u0644\u062d\u0633\u0627\u0633\u0629 \u062a\u0631\u0643\u064a\u0628\u0629 \u0645\u062b\u0628\u062a\u0629 [&hellip;]<\/p>\n","protected":false},"featured_media":30189,"template":"","meta":[],"pwb-brand":[236],"product_brand":[],"product_cat":[1228],"product_tag":[],"class_list":{"0":"post-30188","1":"product","2":"type-product","3":"status-publish","4":"has-post-thumbnail","6":"pwb-brand-nivea","7":"product_cat-deodorants","9":"first","10":"outofstock","11":"shipping-taxable","12":"product-type-variable","13":"has-default-attributes","14":"wvs-archive-product-wrapper"},"brands":[{"id":236,"name":"Nivea","slug":"nivea"}],"_links":{"self":[{"href":"https:\/\/gopinkish.com\/fr\/wp-json\/wp\/v2\/product\/30188","targetHints":{"allow":["GET"]}}],"collection":[{"href":"https:\/\/gopinkish.com\/fr\/wp-json\/wp\/v2\/product"}],"about":[{"href":"https:\/\/gopinkish.com\/fr\/wp-json\/wp\/v2\/types\/product"}],"wp:featuredmedia":[{"embeddable":true,"href":"https:\/\/gopinkish.com\/fr\/wp-json\/wp\/v2\/media\/30189"}],"wp:attachment":[{"href":"https:\/\/gopinkish.com\/fr\/wp-json\/wp\/v2\/media?parent=30188"}],"wp:term":[{"taxonomy":"pwb-brand","embeddable":true,"href":"https:\/\/gopinkish.com\/fr\/wp-json\/wp\/v2\/pwb-brand?post=30188"},{"taxonomy":"product_brand","embeddable":true,"href":"https:\/\/gopinkish.com\/fr\/wp-json\/wp\/v2\/product_brand?post=30188"},{"taxonomy":"product_cat","embeddable":true,"href":"https:\/\/gopinkish.com\/fr\/wp-json\/wp\/v2\/product_cat?post=30188"},{"taxonomy":"product_tag","embeddable":true,"href":"https:\/\/gopinkish.com\/fr\/wp-json\/wp\/v2\/product_tag?post=30188"}],"curies":[{"name":"wp","href":"https:\/\/api.w.org\/{rel}","templated":true}]}}