{"id":30179,"date":"2025-02-11T11:21:54","date_gmt":"2025-02-11T10:21:54","guid":{"rendered":"https:\/\/gopinkish.com\/?post_type=product&#038;p=30179"},"modified":"2025-09-16T09:02:32","modified_gmt":"2025-09-16T08:02:32","slug":"8999777004194","status":"publish","type":"product","link":"https:\/\/gopinkish.com\/fr\/produit\/8999777004194\/","title":{"rendered":"D\u00e9odorant enrichi en min\u00e9raux pour une s\u00e9cheresse et une protection de 72 heures"},"content":{"rendered":"<p style=\"text-align: justify;\"><strong>NIVEA Dry Comfort Anti-Perspirant - Perlindungan Ganda 72H<\/strong> est un d\u00e9odorant \u00e0 bille qui offre une double protection contre la transpiration et les odeurs jusqu'\u00e0 <strong>72 heures<\/strong>Gr\u00e2ce \u00e0 la <strong>DryPlus<\/strong> Enrichi en min\u00e9raux. Sp\u00e9cialement con\u00e7ue pour vous laisser une sensation de s\u00e9cheresse et de confort tout au long de la journ\u00e9e, avec un soin doux pour la peau des aisselles.<\/p>\n<p style=\"text-align: justify;\">\ud83c\udf1f <strong>Caract\u00e9ristiques de base :<\/strong><\/p>\n<ul style=\"text-align: justify;\">\n<li>Double protection contre la transpiration et les odeurs pendant 72 heures<\/li>\n<li>Formule DryPlus efficace avec des min\u00e9raux<\/li>\n<li>Procure une sensation de s\u00e9cheresse et de confort tout au long de la journ\u00e9e<\/li>\n<li>Sans alcool, doux pour la peau<\/li>\n<li>Convient \u00e0 une utilisation quotidienne, m\u00eame dans des conditions stressantes telles que le travail ou le sport<\/li>\n<\/ul>\n<p style=\"text-align: justify;\">\ud83e\uddfc <strong>Comment l'utiliser ?<\/strong><\/p>\n<ul>\n<li style=\"text-align: justify;\">Bien agiter avant utilisation<\/li>\n<li style=\"text-align: justify;\">Appliquer directement sur la peau propre et s\u00e8che des aisselles<\/li>\n<li>\n<p style=\"text-align: justify;\">Laisser s\u00e9cher compl\u00e8tement avant de proc\u00e9der \u00e0 l'habillage<\/p>\n<\/li>\n<\/ul>","protected":false},"excerpt":{"rendered":"<p>NIVEA Dry Comfort Anti-Perspirant \u2013 Perlindungan Ganda 72H \u0647\u0648 \u0645\u0632\u064a\u0644 \u0639\u0631\u0642 \u0631\u0648\u0644 \u0623\u0648\u0646 \u064a\u0648\u0641\u0631 \u062d\u0645\u0627\u064a\u0629 \u0645\u0632\u062f\u0648\u062c\u0629 \u0636\u062f \u0627\u0644\u062a\u0639\u0631\u0642 \u0648\u0627\u0644\u0631\u0627\u0626\u062d\u0629 \u0644\u0645\u062f\u0629 \u062a\u0635\u0644 \u0625\u0644\u0649 72 \u0633\u0627\u0639\u0629\u060c \u0628\u0641\u0636\u0644 \u0646\u0638\u0627\u0645 DryPlus \u0627\u0644\u0645\u062f\u0639\u0651\u0645 \u0628\u0627\u0644\u0645\u0639\u0627\u062f\u0646. \u062a\u0645 \u062a\u0637\u0648\u064a\u0631\u0647 \u062e\u0635\u064a\u0635\u064b\u0627 \u0644\u064a\u0645\u0646\u062d\u0643 \u0625\u062d\u0633\u0627\u0633\u064b\u0627 \u062c\u0627\u0641\u064b\u0627 \u0648\u0645\u0631\u064a\u062d\u064b\u0627 \u0637\u0648\u0627\u0644 \u0627\u0644\u064a\u0648\u0645\u060c \u0645\u0639 \u0639\u0646\u0627\u064a\u0629 \u0644\u0637\u064a\u0641\u0629 \u0644\u0644\u0628\u0634\u0631\u0629 \u062a\u062d\u062a \u0627\u0644\u0625\u0628\u0637. \ud83c\udf1f \u0627\u0644\u0645\u0645\u064a\u0632\u0627\u062a \u0627\u0644\u0623\u0633\u0627\u0633\u064a\u0629: \u062d\u0645\u0627\u064a\u0629 \u0645\u0632\u062f\u0648\u062c\u0629 \u0645\u0646 \u0627\u0644\u062a\u0639\u0631\u0642 \u0648\u0627\u0644\u0631\u0627\u0626\u062d\u0629 \u0644\u0645\u062f\u0629 72 \u0633\u0627\u0639\u0629 [&hellip;]<\/p>\n","protected":false},"featured_media":30180,"template":"","meta":[],"pwb-brand":[236],"product_brand":[],"product_cat":[1228],"product_tag":[686],"class_list":{"0":"post-30179","1":"product","2":"type-product","3":"status-publish","4":"has-post-thumbnail","6":"pwb-brand-nivea","7":"product_cat-deodorants","8":"product_tag-deodorant","10":"first","11":"instock","12":"shipping-taxable","13":"purchasable","14":"product-type-variable","15":"has-default-attributes","16":"wvs-archive-product-wrapper"},"brands":[{"id":236,"name":"Nivea","slug":"nivea"}],"_links":{"self":[{"href":"https:\/\/gopinkish.com\/fr\/wp-json\/wp\/v2\/product\/30179","targetHints":{"allow":["GET"]}}],"collection":[{"href":"https:\/\/gopinkish.com\/fr\/wp-json\/wp\/v2\/product"}],"about":[{"href":"https:\/\/gopinkish.com\/fr\/wp-json\/wp\/v2\/types\/product"}],"wp:featuredmedia":[{"embeddable":true,"href":"https:\/\/gopinkish.com\/fr\/wp-json\/wp\/v2\/media\/30180"}],"wp:attachment":[{"href":"https:\/\/gopinkish.com\/fr\/wp-json\/wp\/v2\/media?parent=30179"}],"wp:term":[{"taxonomy":"pwb-brand","embeddable":true,"href":"https:\/\/gopinkish.com\/fr\/wp-json\/wp\/v2\/pwb-brand?post=30179"},{"taxonomy":"product_brand","embeddable":true,"href":"https:\/\/gopinkish.com\/fr\/wp-json\/wp\/v2\/product_brand?post=30179"},{"taxonomy":"product_cat","embeddable":true,"href":"https:\/\/gopinkish.com\/fr\/wp-json\/wp\/v2\/product_cat?post=30179"},{"taxonomy":"product_tag","embeddable":true,"href":"https:\/\/gopinkish.com\/fr\/wp-json\/wp\/v2\/product_tag?post=30179"}],"curies":[{"name":"wp","href":"https:\/\/api.w.org\/{rel}","templated":true}]}}