{"id":30176,"date":"2025-02-11T11:09:35","date_gmt":"2025-02-11T10:09:35","guid":{"rendered":"https:\/\/gopinkish.com\/?post_type=product&#038;p=30176"},"modified":"2025-09-24T11:29:53","modified_gmt":"2025-09-24T10:29:53","slug":"8999777004163","status":"publish","type":"product","link":"https:\/\/gopinkish.com\/fr\/produit\/8999777004163\/","title":{"rendered":"D\u00e9odorant \u00e0 la vitamine C et booster de collag\u00e8ne pour prot\u00e9ger et \u00e9claircir la peau pendant 72 heures"},"content":{"rendered":"<p style=\"text-align: justify;\">NIVEA Extra Bright Radiant &amp; Smooth Anti-Perspirant est un d\u00e9odorant anti-transpirant sp\u00e9cialement formul\u00e9 pour \u00e9claircir et lisser la peau des aisselles. <strong>72 heures<\/strong>. Contient une formule active riche en <strong>Vitamine C<\/strong> \u0648<strong>Booster de collag\u00e8ne<\/strong>et contribue \u00e0 am\u00e9liorer l'\u00e9clat et l'\u00e9lasticit\u00e9 de la peau.<\/p>\n<p style=\"text-align: justify;\">\ud83c\udf1f <strong>Caract\u00e9ristiques de base :<\/strong><\/p>\n<ul style=\"text-align: justify;\">\n<li>Protection contre la transpiration et les odeurs pendant 72 heures<\/li>\n<li>Formule douce sans alcool (sans \u00e9thanol)<\/li>\n<li>Efficacit\u00e9 prouv\u00e9e dans l'\u00e9claircissement de la peau des aisselles<\/li>\n<li>Contient de la vitamine C et un booster de collag\u00e8ne<\/li>\n<li>Convient aux peaux sensibles et irrit\u00e9es<\/li>\n<li>Ne tache pas les v\u00eatements<\/li>\n<\/ul>\n<p style=\"text-align: justify;\">\ud83e\uddfc <strong>Comment l'utiliser ?<\/strong><\/p>\n<ul style=\"text-align: justify;\">\n<li>Utiliser sur une peau propre et s\u00e8che<\/li>\n<li>Bien agiter avant utilisation<\/li>\n<li>Appliquer directement sous l'aisselle<\/li>\n<li>Laisser s\u00e9cher avant d'habiller<\/li>\n<\/ul>\n<div style=\"text-align: justify;\"><\/div>","protected":false},"excerpt":{"rendered":"<p>NIVEA Extra Bright Radiant &amp; Smooth Anti-Perspirant \u0647\u0648 \u0645\u0632\u064a\u0644 \u0639\u0631\u0642 \u0645\u0636\u0627\u062f \u0644\u0644\u062a\u0639\u0631\u0642 \u0645\u0635\u0645\u0645 \u062e\u0635\u064a\u0635\u064b\u0627 \u0644\u062a\u0641\u062a\u064a\u062d \u0627\u0644\u0628\u0634\u0631\u0629 \u062a\u062d\u062a \u0627\u0644\u0625\u0628\u0637 \u0648\u062a\u0646\u0639\u064a\u0645\u0647\u0627\u060c \u0645\u0639 \u062d\u0645\u0627\u064a\u0629 \u062a\u062f\u0648\u0645 \u062d\u062a\u0649 72 \u0633\u0627\u0639\u0629. \u064a\u062d\u062a\u0648\u064a \u0639\u0644\u0649 \u062a\u0631\u0643\u064a\u0628\u0629 \u0641\u0639\u0627\u0644\u0629 \u063a\u0646\u064a\u0629 \u0628\u0640 \u0641\u064a\u062a\u0627\u0645\u064a\u0646 C \u0648\u0645\u0639\u0632\u0632 \u0627\u0644\u0643\u0648\u0644\u0627\u062c\u064a\u0646\u060c \u0645\u0645\u0627 \u064a\u0633\u0627\u0639\u062f \u0639\u0644\u0649 \u062a\u062d\u0633\u064a\u0646 \u0625\u0634\u0631\u0627\u0642\u0629 \u0627\u0644\u0628\u0634\u0631\u0629 \u0648\u0645\u0631\u0648\u0646\u062a\u0647\u0627. \ud83c\udf1f \u0627\u0644\u0645\u0645\u064a\u0632\u0627\u062a \u0627\u0644\u0623\u0633\u0627\u0633\u064a\u0629: \u062d\u0645\u0627\u064a\u0629 \u0645\u0646 \u0627\u0644\u062a\u0639\u0631\u0642 \u0648\u0627\u0644\u0631\u0627\u0626\u062d\u0629 \u0644\u0645\u062f\u0629 72 \u0633\u0627\u0639\u0629 \u062a\u0631\u0643\u064a\u0628\u0629 \u0644\u0637\u064a\u0641\u0629 \u0628\u062f\u0648\u0646 [&hellip;]<\/p>\n","protected":false},"featured_media":30177,"template":"","meta":[],"pwb-brand":[236],"product_brand":[],"product_cat":[1228],"product_tag":[686],"class_list":{"0":"post-30176","1":"product","2":"type-product","3":"status-publish","4":"has-post-thumbnail","6":"pwb-brand-nivea","7":"product_cat-deodorants","8":"product_tag-deodorant","10":"first","11":"outofstock","12":"shipping-taxable","13":"product-type-variable","14":"has-default-attributes","15":"wvs-archive-product-wrapper"},"brands":[{"id":236,"name":"Nivea","slug":"nivea"}],"_links":{"self":[{"href":"https:\/\/gopinkish.com\/fr\/wp-json\/wp\/v2\/product\/30176","targetHints":{"allow":["GET"]}}],"collection":[{"href":"https:\/\/gopinkish.com\/fr\/wp-json\/wp\/v2\/product"}],"about":[{"href":"https:\/\/gopinkish.com\/fr\/wp-json\/wp\/v2\/types\/product"}],"wp:featuredmedia":[{"embeddable":true,"href":"https:\/\/gopinkish.com\/fr\/wp-json\/wp\/v2\/media\/30177"}],"wp:attachment":[{"href":"https:\/\/gopinkish.com\/fr\/wp-json\/wp\/v2\/media?parent=30176"}],"wp:term":[{"taxonomy":"pwb-brand","embeddable":true,"href":"https:\/\/gopinkish.com\/fr\/wp-json\/wp\/v2\/pwb-brand?post=30176"},{"taxonomy":"product_brand","embeddable":true,"href":"https:\/\/gopinkish.com\/fr\/wp-json\/wp\/v2\/product_brand?post=30176"},{"taxonomy":"product_cat","embeddable":true,"href":"https:\/\/gopinkish.com\/fr\/wp-json\/wp\/v2\/product_cat?post=30176"},{"taxonomy":"product_tag","embeddable":true,"href":"https:\/\/gopinkish.com\/fr\/wp-json\/wp\/v2\/product_tag?post=30176"}],"curies":[{"name":"wp","href":"https:\/\/api.w.org\/{rel}","templated":true}]}}