{"id":30170,"date":"2025-02-11T10:57:42","date_gmt":"2025-02-11T09:57:42","guid":{"rendered":"https:\/\/gopinkish.com\/?post_type=product&#038;p=30170"},"modified":"2026-02-24T23:13:34","modified_gmt":"2026-02-24T22:13:34","slug":"8999777010881","status":"publish","type":"product","link":"https:\/\/gopinkish.com\/fr\/produit\/8999777010881\/","title":{"rendered":"D\u00e9odorant masculin au parfum frais et protection de 72 heures pour les hommes"},"content":{"rendered":"<p style=\"text-align: justify;\">NIVEA MEN Black &amp; White Invisible Fresh est l'antitranspirant id\u00e9al pour les hommes, offrant jusqu'\u00e0 72 heures de protection efficace contre la sueur et les odeurs, sans laisser de taches blanches sur les v\u00eatements noirs ou de taches jaunes sur les v\u00eatements blancs.<\/p>\n<p style=\"text-align: justify;\"><strong>L'odeur :<\/strong> Un parfum frais et masculin qui vous laisse une sensation de propret\u00e9 et de fra\u00eecheur tout au long de la journ\u00e9e.<\/p>\n<p style=\"text-align: justify;\"><strong>Caract\u00e9ristiques :<\/strong><\/p>\n<p>- Protection 5 en 1 : contre la transpiration, les odeurs, les taches, les r\u00e9sidus et les irritations<br \/>\n- Formule sans alcool, respectueuse de la peau<br \/>\n- Ne laisse pas de traces sur les v\u00eatements noirs ou blancs<br \/>\n- Disponible en spray, roll-on et stick<\/p>\n<p style=\"text-align: justify;\"><strong>Comment l'utiliser ?<\/strong><\/p>\n<p style=\"text-align: justify;\">- Utiliser sur une peau propre et s\u00e8che<br \/>\n- Bien agiter avant utilisation<br \/>\n- Vaporiser \u00e0 une distance de 15 cm sous l'aisselle ou utiliser directement un roll-on.<br \/>\n- Laisser s\u00e9cher avant d'habiller<\/p>","protected":false},"excerpt":{"rendered":"<p>\u064a\u064f\u0639\u062f NIVEA MEN Black &amp; White Invisible Fresh \u0645\u0636\u0627\u062f \u062a\u0639\u0631\u0642 \u0645\u062b\u0627\u0644\u064a \u0644\u0644\u0631\u062c\u0627\u0644\u060c \u064a\u0648\u0641\u0631 \u062d\u0645\u0627\u064a\u0629 \u0641\u0639\u0627\u0644\u0629 \u062a\u062f\u0648\u0645 \u062d\u062a\u0649 72 \u0633\u0627\u0639\u0629 \u0636\u062f \u0627\u0644\u062a\u0639\u0631\u0642 \u0648\u0627\u0644\u0631\u0627\u0626\u062d\u0629\u060c \u062f\u0648\u0646 \u062a\u0631\u0643 \u0623\u064a \u0628\u0642\u0639 \u0628\u064a\u0636\u0627\u0621 \u0639\u0644\u0649 \u0627\u0644\u0645\u0644\u0627\u0628\u0633 \u0627\u0644\u0633\u0648\u062f\u0627\u0621 \u0623\u0648 \u0628\u0642\u0639 \u0635\u0641\u0631\u0627\u0621 \u0639\u0644\u0649 \u0627\u0644\u0645\u0644\u0627\u0628\u0633 \u0627\u0644\u0628\u064a\u0636\u0627\u0621. \u0627\u0644\u0631\u0627\u0626\u062d\u0629: \u0639\u0637\u0631 \u0631\u062c\u0648\u0644\u064a \u0645\u0646\u0639\u0634 \u064a\u0645\u0646\u062d\u0643 \u0625\u062d\u0633\u0627\u0633\u064b\u0627 \u0628\u0627\u0644\u0646\u0638\u0627\u0641\u0629 \u0648\u0627\u0644\u0627\u0646\u062a\u0639\u0627\u0634 \u0637\u0648\u0627\u0644 \u0627\u0644\u064a\u0648\u0645. \u0627\u0644\u0645\u064a\u0632\u0627\u062a: &#8211; \u062d\u0645\u0627\u064a\u0629 5 \u0641\u064a 1: \u0636\u062f \u0627\u0644\u062a\u0639\u0631\u0642\u060c \u0627\u0644\u0631\u0627\u0626\u062d\u0629\u060c [&hellip;]<\/p>\n","protected":false},"featured_media":30171,"template":"","meta":[],"pwb-brand":[236],"product_brand":[],"product_cat":[1228],"product_tag":[686],"class_list":{"0":"post-30170","1":"product","2":"type-product","3":"status-publish","4":"has-post-thumbnail","6":"pwb-brand-nivea","7":"product_cat-deodorants","8":"product_tag-deodorant","10":"first","11":"instock","12":"shipping-taxable","13":"purchasable","14":"product-type-variable","15":"has-default-attributes","16":"wvs-archive-product-wrapper"},"brands":[{"id":236,"name":"Nivea","slug":"nivea"}],"_links":{"self":[{"href":"https:\/\/gopinkish.com\/fr\/wp-json\/wp\/v2\/product\/30170","targetHints":{"allow":["GET"]}}],"collection":[{"href":"https:\/\/gopinkish.com\/fr\/wp-json\/wp\/v2\/product"}],"about":[{"href":"https:\/\/gopinkish.com\/fr\/wp-json\/wp\/v2\/types\/product"}],"wp:featuredmedia":[{"embeddable":true,"href":"https:\/\/gopinkish.com\/fr\/wp-json\/wp\/v2\/media\/30171"}],"wp:attachment":[{"href":"https:\/\/gopinkish.com\/fr\/wp-json\/wp\/v2\/media?parent=30170"}],"wp:term":[{"taxonomy":"pwb-brand","embeddable":true,"href":"https:\/\/gopinkish.com\/fr\/wp-json\/wp\/v2\/pwb-brand?post=30170"},{"taxonomy":"product_brand","embeddable":true,"href":"https:\/\/gopinkish.com\/fr\/wp-json\/wp\/v2\/product_brand?post=30170"},{"taxonomy":"product_cat","embeddable":true,"href":"https:\/\/gopinkish.com\/fr\/wp-json\/wp\/v2\/product_cat?post=30170"},{"taxonomy":"product_tag","embeddable":true,"href":"https:\/\/gopinkish.com\/fr\/wp-json\/wp\/v2\/product_tag?post=30170"}],"curies":[{"name":"wp","href":"https:\/\/api.w.org\/{rel}","templated":true}]}}