{"id":30149,"date":"2025-02-11T10:11:46","date_gmt":"2025-02-11T09:11:46","guid":{"rendered":"https:\/\/gopinkish.com\/?post_type=product&#038;p=30149"},"modified":"2026-04-23T19:58:39","modified_gmt":"2026-04-23T18:58:39","slug":"8999777007270","status":"publish","type":"product","link":"https:\/\/gopinkish.com\/fr\/produit\/8999777007270\/","title":{"rendered":"Roller Dry Impact D\u00e9odorant pour hommes"},"content":{"rendered":"<p style=\"text-align: justify;\">D\u00e9couvrez le d\u00e9odorant ultime pour hommes avec le D\u00e9odorant Roll-On Dry Impact de Nivea Men. Ce d\u00e9odorant offre une fra\u00eecheur durable et une protection sup\u00e9rieure contre les odeurs pour une confiance en soi tout au long de la journ\u00e9e. Con\u00e7ue sp\u00e9cifiquement pour le soin de la peau des hommes, la formule sans alcool est douce et efficace.<\/p>","protected":false},"excerpt":{"rendered":"<p><span style=\"color: #ff0000;\"><strong>Date d'expiration du produit : novembre 2026<\/strong><\/span><\/p>","protected":false},"featured_media":30150,"template":"","meta":[],"pwb-brand":[236],"product_brand":[],"product_cat":[1228,1225],"product_tag":[],"class_list":{"0":"post-30149","1":"product","2":"type-product","3":"status-publish","4":"has-post-thumbnail","6":"pwb-brand-nivea","7":"product_cat-deodorants","8":"product_cat-sale","10":"first","11":"instock","12":"sale","13":"shipping-taxable","14":"purchasable","15":"product-type-variable","16":"has-default-attributes","17":"wvs-archive-product-wrapper"},"brands":[{"id":236,"name":"Nivea","slug":"nivea"}],"_links":{"self":[{"href":"https:\/\/gopinkish.com\/fr\/wp-json\/wp\/v2\/product\/30149","targetHints":{"allow":["GET"]}}],"collection":[{"href":"https:\/\/gopinkish.com\/fr\/wp-json\/wp\/v2\/product"}],"about":[{"href":"https:\/\/gopinkish.com\/fr\/wp-json\/wp\/v2\/types\/product"}],"wp:featuredmedia":[{"embeddable":true,"href":"https:\/\/gopinkish.com\/fr\/wp-json\/wp\/v2\/media\/30150"}],"wp:attachment":[{"href":"https:\/\/gopinkish.com\/fr\/wp-json\/wp\/v2\/media?parent=30149"}],"wp:term":[{"taxonomy":"pwb-brand","embeddable":true,"href":"https:\/\/gopinkish.com\/fr\/wp-json\/wp\/v2\/pwb-brand?post=30149"},{"taxonomy":"product_brand","embeddable":true,"href":"https:\/\/gopinkish.com\/fr\/wp-json\/wp\/v2\/product_brand?post=30149"},{"taxonomy":"product_cat","embeddable":true,"href":"https:\/\/gopinkish.com\/fr\/wp-json\/wp\/v2\/product_cat?post=30149"},{"taxonomy":"product_tag","embeddable":true,"href":"https:\/\/gopinkish.com\/fr\/wp-json\/wp\/v2\/product_tag?post=30149"}],"curies":[{"name":"wp","href":"https:\/\/api.w.org\/{rel}","templated":true}]}}