{"id":29862,"date":"2025-07-24T20:15:21","date_gmt":"2025-07-24T19:15:21","guid":{"rendered":"https:\/\/gopinkish.com\/?post_type=product&#038;p=29862"},"modified":"2025-08-05T23:23:10","modified_gmt":"2025-08-05T22:23:10","slug":"783320831508","status":"publish","type":"product","link":"https:\/\/gopinkish.com\/fr\/produit\/783320831508\/","title":{"rendered":"Bulgari Pour Homme"},"content":{"rendered":"<p style=\"text-align: justify;\">Bulgari Pour Homme est une eau de toilette qui associe des notes bois\u00e9es classiques \u00e0 des accents floraux pour cr\u00e9er un parfum \u00e9l\u00e9gant et contemporain. Lanc\u00e9 en 2006, il est devenu un chef-d'\u0153uvre de la parfumerie italienne, alliant originalit\u00e9 et approche innovante. Le parfum est devenu un symbole de luxe et de sophistication, attirant les hommes \u00e0 la recherche d'un \u00e9quilibre entre les tendances classiques et contemporaines.<\/p>\n<p style=\"text-align: justify;\">D\u00e8s la premi\u00e8re bouff\u00e9e, Bulgari Pour Homme vous accueille avec des notes fra\u00eeches et vivifiantes de bergamote, de fleur d'oranger, de jus de cassis, de th\u00e9 Darjeeling et des accents floraux de lys et de muguet. Cette combinaison offre fra\u00eecheur aromatique et l\u00e9g\u00e8ret\u00e9, et ajoute une \u00e9l\u00e9gance naturelle qui attire le porteur et laisse une premi\u00e8re impression de style et de sophistication.<\/p>\n<p style=\"text-align: justify;\">Le c\u0153ur de la fragrance se d\u00e9ploie avec profondeur et richesse. La cardamome et le poivre apportent une touche \u00e9pic\u00e9e et chaleureuse qui attire imm\u00e9diatement le regard. Les notes bois\u00e9es de bois de rose et de bois de ga\u00efac donnent \u00e0 la fragrance une structure feuillue qui la rend dense et masculine, avec une pointe de l\u00e9g\u00e8ret\u00e9.<\/p>\n<p style=\"text-align: justify;\">Les notes d'ambre transparent et de musc concluent en apportant d\u00e9licatesse et profondeur \u00e0 l'eau de toilette. Ces ingr\u00e9dients cr\u00e9ent une impression durable, laissant derri\u00e8re eux un sillage d\u00e9licat qui s\u00e9duit et captive.<\/p>\n<p>&nbsp;<\/p>\n<p>Famille aromatique : Bois\u00e9, Floral, Musqu\u00e9<\/p>\n<p>Notes de t\u00eate : Bergamote, fleur d'oranger, jus de cassis, lys, muguet, th\u00e9 Darjeeling.<\/p>\n<p>Notes de c\u0153ur : Ald\u00e9hydes, Bergamote, N\u00e9roli, Lavande, Mandarine, Th\u00e9<\/p>\n<p>Notes de fond : Ambre, c\u00e8dre, f\u00e8ve tonka, mousse de ch\u00eane, musc, v\u00e9tiver.<\/p>\n<p dir=\"ltr\" style=\"text-align: center;\">\ud83c\uddec\ud83c\udde7 Bvlgari Pour Homme Eau de Toilette<br \/>\n\ud83c\uddeb\ud83c\uddf7 Eau de Toilette Bvlgari Pour Homme<\/p>","protected":false},"excerpt":{"rendered":"<p>Eau de Toilette<\/p>","protected":false},"featured_media":29863,"template":"","meta":[],"pwb-brand":[1435],"product_brand":[],"product_cat":[1425],"product_tag":[],"class_list":{"0":"post-29862","1":"product","2":"type-product","3":"status-publish","4":"has-post-thumbnail","6":"pwb-brand-bvlgari","7":"product_cat-edt-men","9":"first","10":"instock","11":"shipping-taxable","12":"purchasable","13":"product-type-variable","14":"has-default-attributes","15":"wvs-archive-product-wrapper"},"brands":[{"id":1435,"name":"Bulgari","slug":"bvlgari"}],"_links":{"self":[{"href":"https:\/\/gopinkish.com\/fr\/wp-json\/wp\/v2\/product\/29862","targetHints":{"allow":["GET"]}}],"collection":[{"href":"https:\/\/gopinkish.com\/fr\/wp-json\/wp\/v2\/product"}],"about":[{"href":"https:\/\/gopinkish.com\/fr\/wp-json\/wp\/v2\/types\/product"}],"wp:featuredmedia":[{"embeddable":true,"href":"https:\/\/gopinkish.com\/fr\/wp-json\/wp\/v2\/media\/29863"}],"wp:attachment":[{"href":"https:\/\/gopinkish.com\/fr\/wp-json\/wp\/v2\/media?parent=29862"}],"wp:term":[{"taxonomy":"pwb-brand","embeddable":true,"href":"https:\/\/gopinkish.com\/fr\/wp-json\/wp\/v2\/pwb-brand?post=29862"},{"taxonomy":"product_brand","embeddable":true,"href":"https:\/\/gopinkish.com\/fr\/wp-json\/wp\/v2\/product_brand?post=29862"},{"taxonomy":"product_cat","embeddable":true,"href":"https:\/\/gopinkish.com\/fr\/wp-json\/wp\/v2\/product_cat?post=29862"},{"taxonomy":"product_tag","embeddable":true,"href":"https:\/\/gopinkish.com\/fr\/wp-json\/wp\/v2\/product_tag?post=29862"}],"curies":[{"name":"wp","href":"https:\/\/api.w.org\/{rel}","templated":true}]}}