{"id":29828,"date":"2025-08-02T17:03:44","date_gmt":"2025-08-02T16:03:44","guid":{"rendered":"https:\/\/gopinkish.com\/?post_type=product&#038;p=29828"},"modified":"2025-10-06T11:42:33","modified_gmt":"2025-10-06T10:42:33","slug":"098691045448","status":"publish","type":"product","link":"https:\/\/gopinkish.com\/fr\/produit\/098691045448\/","title":{"rendered":"Juicy Couture Dirty English"},"content":{"rendered":"<p style=\"text-align: justify;\">Un parfum qui se veut aust\u00e8re, choquant et chaotique, mais en m\u00eame temps sensuel, s\u00e9duisant et attirant. Un concentr\u00e9 de pure masculinit\u00e9 con\u00e7u pour l'homme audacieux, outrageusement sexy et myst\u00e9rieux. Ce parfum bois\u00e9 et \u00e9pic\u00e9 s'ouvre sur des notes p\u00e9tillantes d'agrumes et d'\u00e9pices fra\u00eeches et audacieuses, avant d'accueillir en son c\u0153ur des touches douces, bois\u00e9es et sensuelles. Un m\u00e9lange irr\u00e9sistible de bois sombres aux accents subtils \u00e9volue vers un fond profond et myst\u00e9rieux, laissant derri\u00e8re lui un sillage rebelle et captivant.<\/p>\n<p style=\"text-align: justify;\">Dirty English a un caract\u00e8re rebelle, m\u00eame dans sa bouteille de whisky, qui ressemble \u00e0 une bouteille de whisky et contient un jus ambr\u00e9 de type bourbon. Toute la force du parfum se retrouve dans le blason, qui repr\u00e9sente deux lions et une casquette \u00e0 maillons, reli\u00e9s par une ceinture de cuir. \u201cDirty English, un parfum qui rend toute sa magie \u00e0 l'homme rebelle que les femmes aiment.<\/p>\n<p style=\"text-align: justify;\"><strong>Pyramide aromatique :\u00a0<\/strong><\/p>\n<p style=\"text-align: justify;\">La base du parfum : Eb\u00e8ne, mousse noire, ambre, musc, oud.<\/p>\n<p style=\"text-align: justify;\">Le c\u0153ur de la fragrance : Bois de santal, bois de c\u00e8dre, racine, marjolaine, cuir noir.<\/p>\n<p style=\"text-align: justify;\">Notes de t\u00eate : Cardamome, Bergamote, Mandarine, Cypr\u00e8s, Cumin<\/p>\n<p dir=\"ltr\" style=\"text-align: center;\">\ud83c\uddec\ud83c\udde7 Juicy Couture Dirty English Eau de Toilette Spray pour Homme<br \/>\n\ud83c\uddeb\ud83c\uddf7 Eau de Toilette Juicy Couture Dirty English - Vaporisateur pour Homme<\/p>","protected":false},"excerpt":{"rendered":"<p>\u0639\u0637\u0631\u064c \u064a\u0647\u062f\u0641 \u0625\u0644\u0649 \u0623\u0646 \u064a\u0643\u0648\u0646 \u0635\u0627\u0631\u062e\u064b\u0627\u060c \u0635\u0627\u062f\u0645\u064b\u0627\u060c \u0648\u0641\u0648\u0636\u0648\u064a\u064b\u0627\u060c \u0648\u0644\u0643\u0646\u0647 \u0641\u064a \u0627\u0644\u0648\u0642\u062a \u0646\u0641\u0633\u0647 \u062d\u0633\u064a\u064c\u0651\u060c \u062c\u0630\u0627\u0628\u060c \u0648\u0645\u064f\u063a\u0631\u064d. \u0645\u064f\u0631\u0643\u0651\u0632\u064c \u0645\u0646 \u0627\u0644\u0631\u062c\u0648\u0644\u0629 \u0627\u0644\u062e\u0627\u0644\u0635\u0629 \u0645\u064f\u0635\u0645\u0651\u0645\u064c \u0644\u0644\u0631\u062c\u0644 \u0627\u0644\u062c\u0631\u064a\u0621\u060c \u0627\u0644\u0645\u064f\u062b\u064a\u0631 \u0628\u0634\u0643\u0644\u064d \u0641\u0627\u062d\u0634\u060c \u0648\u0627\u0644\u063a\u0627\u0645\u0636. \u0639\u0637\u0631\u064c \u062e\u0634\u0628\u064a\u064c\u0651 \u0648\u062d\u0627\u0631\u0651\u060c \u064a\u0628\u062f\u0623 \u0628\u0646\u0641\u062d\u0627\u062a\u064d \u0645\u064f\u062a\u0644\u0623\u0644\u0626\u0629 \u0645\u0646 \u0627\u0644\u062d\u0645\u0636\u064a\u0627\u062a \u0648\u0627\u0644\u062a\u0648\u0627\u0628\u0644 \u0627\u0644\u0637\u0627\u0632\u062c\u0629 \u0627\u0644\u062c\u0631\u064a\u0626\u0629\u060c \u0642\u0628\u0644 \u0623\u0646 \u064a\u064f\u0631\u062d\u0651\u0628 \u0628\u0644\u0645\u0633\u0627\u062a\u064d \u062d\u0644\u0648\u0629\u064d\u060c \u062e\u0634\u0628\u064a\u0629\u064d \u0648\u062d\u0633\u064a\u0629\u064d \u0644\u0627 \u062d\u062f\u0648\u062f \u0644\u0647\u0627 \u0641\u064a \u0627\u0644\u0642\u0644\u0628. \u064a\u062a\u0637\u0648\u0631 \u0645\u0632\u064a\u062c\u064c \u0644\u0627 \u064a\u064f\u0642\u0627\u0648\u0645 \u0645\u0646 \u0627\u0644\u0623\u062e\u0634\u0627\u0628 [&hellip;]<\/p>\n","protected":false},"featured_media":29830,"template":"","meta":[],"pwb-brand":[1429],"product_brand":[],"product_cat":[1425],"product_tag":[],"class_list":{"0":"post-29828","1":"product","2":"type-product","3":"status-publish","4":"has-post-thumbnail","6":"pwb-brand-juicy-douture","7":"product_cat-edt-men","9":"first","10":"instock","11":"shipping-taxable","12":"purchasable","13":"product-type-variable","14":"has-default-attributes","15":"wvs-archive-product-wrapper"},"brands":[{"id":1429,"name":"Juicy Couture","slug":"juicy-douture"}],"_links":{"self":[{"href":"https:\/\/gopinkish.com\/fr\/wp-json\/wp\/v2\/product\/29828","targetHints":{"allow":["GET"]}}],"collection":[{"href":"https:\/\/gopinkish.com\/fr\/wp-json\/wp\/v2\/product"}],"about":[{"href":"https:\/\/gopinkish.com\/fr\/wp-json\/wp\/v2\/types\/product"}],"wp:featuredmedia":[{"embeddable":true,"href":"https:\/\/gopinkish.com\/fr\/wp-json\/wp\/v2\/media\/29830"}],"wp:attachment":[{"href":"https:\/\/gopinkish.com\/fr\/wp-json\/wp\/v2\/media?parent=29828"}],"wp:term":[{"taxonomy":"pwb-brand","embeddable":true,"href":"https:\/\/gopinkish.com\/fr\/wp-json\/wp\/v2\/pwb-brand?post=29828"},{"taxonomy":"product_brand","embeddable":true,"href":"https:\/\/gopinkish.com\/fr\/wp-json\/wp\/v2\/product_brand?post=29828"},{"taxonomy":"product_cat","embeddable":true,"href":"https:\/\/gopinkish.com\/fr\/wp-json\/wp\/v2\/product_cat?post=29828"},{"taxonomy":"product_tag","embeddable":true,"href":"https:\/\/gopinkish.com\/fr\/wp-json\/wp\/v2\/product_tag?post=29828"}],"curies":[{"name":"wp","href":"https:\/\/api.w.org\/{rel}","templated":true}]}}