{"id":29823,"date":"2025-07-25T16:46:14","date_gmt":"2025-07-25T15:46:14","guid":{"rendered":"https:\/\/gopinkish.com\/?post_type=product&#038;p=29823"},"modified":"2025-08-05T23:22:43","modified_gmt":"2025-08-05T22:22:43","slug":"088300196890","status":"publish","type":"product","link":"https:\/\/gopinkish.com\/fr\/produit\/088300196890\/","title":{"rendered":"Calvin Klein IN2U Hommes"},"content":{"rendered":"<p style=\"text-align: justify;\">Une s\u00e9duction spontan\u00e9e pour une nouvelle g\u00e9n\u00e9ration : CK IN2U Him de Calvin Klein est une eau de toilette pour homme appartenant \u00e0 la famille des foug\u00e8res aromatiques. Inspir\u00e9e par la nouvelle g\u00e9n\u00e9ration, les jeunes qui aiment la technologie moderne et tout ce qu'elle implique : Vitesse, innovation et communication instantan\u00e9e.<\/p>\n<p style=\"text-align: justify;\">Ce parfum, ainsi que sa version f\u00e9minine, a \u00e9t\u00e9 cr\u00e9\u00e9 en 2007 par les parfumeurs Carlos Benim, Bruno Jovanovic, Luc Dong et Jean-Marc Chayan. Il s'agit d'une cr\u00e9ation moderne et jeune qui permet aux enfants d'exprimer leur libert\u00e9 \u00e0 travers les technologies modernes qui \u00e9voluent \u00e0 une vitesse fulgurante, changeant notre monde en quelques secondes. Ce sont des enfants ouverts d'esprit, aux id\u00e9aux lib\u00e9raux et aux id\u00e9es claires. Des gar\u00e7ons d\u00e9termin\u00e9s, avec leur propre personnalit\u00e9.<\/p>\n<p style=\"text-align: justify;\">La fragrance s'ouvre sur des notes fra\u00eeches d'agrumes avec une touche d'originalit\u00e9, comme le citron, le gin p\u00e9tillant, la feuille de pamplemousse et le tangelo glac\u00e9, qui laissent place \u00e0 un c\u0153ur \u00e9pic\u00e9 et aphrodisiaque, gr\u00e2ce au poivre et au cacao. Enfin, on peut appr\u00e9cier son c\u00f4t\u00e9 plus sensuel et s\u00e9ducteur avec des notes de v\u00e9tiver, de c\u00e8dre blanc et de musc.<\/p>\n<p style=\"text-align: justify;\">iPhone. Le flacon de ce parfum, en verre et recouvert de plastique blanc, symbolise l'esth\u00e9tique de l'iPhone, le t\u00e9l\u00e9phone d'Apple le plus recherch\u00e9 par les jeunes d'aujourd'hui.<\/p>\n<p style=\"text-align: justify;\">Libres et sans entraves. C'est ainsi que sont les nouvelles g\u00e9n\u00e9rations. Des personnes qui aiment la libert\u00e9 et expriment leurs sentiments sans crainte d'\u00eatre jug\u00e9es.<\/p>\n<p style=\"text-align: justify;\">Une id\u00e9e de cadeau. Comme il s'agit d'un parfum frais, il est tr\u00e8s populaire aupr\u00e8s des hommes, ce qui en fait une id\u00e9e de cadeau parfaite pour les jeunes de la maison.<\/p>\n<p dir=\"ltr\" style=\"text-align: center;\">\ud83c\uddec\ud83c\udde7 Calvin Klein CKIN2U Eau de Toilette pour Homme<br \/>\n\ud83c\uddeb\ud83c\uddf7 Eau de Toilette CKIN2U pour Homme Calvin Klein<\/p>","protected":false},"excerpt":{"rendered":"<p>Eau de Toilette<\/p>","protected":false},"featured_media":29824,"template":"","meta":[],"pwb-brand":[727],"product_brand":[],"product_cat":[1425],"product_tag":[],"class_list":{"0":"post-29823","1":"product","2":"type-product","3":"status-publish","4":"has-post-thumbnail","6":"pwb-brand-ck","7":"product_cat-edt-men","9":"first","10":"instock","11":"shipping-taxable","12":"purchasable","13":"product-type-variable","14":"has-default-attributes","15":"wvs-archive-product-wrapper"},"brands":[{"id":727,"name":"Calvin Klein","slug":"ck"}],"_links":{"self":[{"href":"https:\/\/gopinkish.com\/fr\/wp-json\/wp\/v2\/product\/29823","targetHints":{"allow":["GET"]}}],"collection":[{"href":"https:\/\/gopinkish.com\/fr\/wp-json\/wp\/v2\/product"}],"about":[{"href":"https:\/\/gopinkish.com\/fr\/wp-json\/wp\/v2\/types\/product"}],"wp:featuredmedia":[{"embeddable":true,"href":"https:\/\/gopinkish.com\/fr\/wp-json\/wp\/v2\/media\/29824"}],"wp:attachment":[{"href":"https:\/\/gopinkish.com\/fr\/wp-json\/wp\/v2\/media?parent=29823"}],"wp:term":[{"taxonomy":"pwb-brand","embeddable":true,"href":"https:\/\/gopinkish.com\/fr\/wp-json\/wp\/v2\/pwb-brand?post=29823"},{"taxonomy":"product_brand","embeddable":true,"href":"https:\/\/gopinkish.com\/fr\/wp-json\/wp\/v2\/product_brand?post=29823"},{"taxonomy":"product_cat","embeddable":true,"href":"https:\/\/gopinkish.com\/fr\/wp-json\/wp\/v2\/product_cat?post=29823"},{"taxonomy":"product_tag","embeddable":true,"href":"https:\/\/gopinkish.com\/fr\/wp-json\/wp\/v2\/product_tag?post=29823"}],"curies":[{"name":"wp","href":"https:\/\/api.w.org\/{rel}","templated":true}]}}