{"id":29817,"date":"2025-08-02T16:39:21","date_gmt":"2025-08-02T15:39:21","guid":{"rendered":"https:\/\/gopinkish.com\/?post_type=product&#038;p=29817"},"modified":"2026-05-09T15:41:00","modified_gmt":"2026-05-09T14:41:00","slug":"8011003845132","status":"publish","type":"product","link":"https:\/\/gopinkish.com\/fr\/produit\/8011003845132\/","title":{"rendered":"Moschino Toyboy"},"content":{"rendered":"<p style=\"text-align: justify;\">Un nouveau parfum exclusif de Moschino, con\u00e7u pour l'homme unique, dynamique, enthousiaste, passionn\u00e9, qui n'a pas peur de r\u00e9v\u00e9ler son c\u00f4t\u00e9 le plus d\u00e9licat et le plus s\u00e9duisant.<\/p>\n<p style=\"text-align: justify;\"><strong>L'effet :<\/strong>\u00a0Ce parfum est une combinaison intrigante de symboles sans fin, en qu\u00eate de r\u00e9\u00e9valuation et de lib\u00e9ration. Un baiser puissant qui refl\u00e8te l'\u00e9nergie et la force de l'homme moderne Moschino, mais qui s'estompe aussi dans son \u00e9treinte tendre.<\/p>\n<p>Notes de t\u00eate : \u00c9l\u00e9mi, \u0153illet, muscade, bergamote italienne, poire, poivre rose.<\/p>\n<p>Notes de c\u0153ur : Rose, bois de cachemire, fleur de lin, magnolia.<\/p>\n<p>Base de parfum : V\u00e9tiver ha\u00eftien, ambermax, silkolide.<\/p>\n<p>Type de parfum : \u00c9pic\u00e9, Bois\u00e9.<\/p>\n<p dir=\"ltr\" style=\"text-align: center;\">\ud83c\uddec\ud83c\udde7 Moschino Toy Boy Eau de Parfum Spray<br \/>\n\ud83c\uddeb\ud83c\uddf7 Eau de Parfum Moschino Toy Boy<\/p>","protected":false},"excerpt":{"rendered":"<p>Eau de parfum<\/p>","protected":false},"featured_media":29818,"template":"","meta":[],"pwb-brand":[1403],"product_brand":[],"product_cat":[1424],"product_tag":[],"class_list":{"0":"post-29817","1":"product","2":"type-product","3":"status-publish","4":"has-post-thumbnail","6":"pwb-brand-moschino","7":"product_cat-edp-men","9":"first","10":"outofstock","11":"shipping-taxable","12":"product-type-variable","13":"has-default-attributes","14":"wvs-archive-product-wrapper"},"brands":[{"id":1403,"name":"Moschino","slug":"moschino"}],"_links":{"self":[{"href":"https:\/\/gopinkish.com\/fr\/wp-json\/wp\/v2\/product\/29817","targetHints":{"allow":["GET"]}}],"collection":[{"href":"https:\/\/gopinkish.com\/fr\/wp-json\/wp\/v2\/product"}],"about":[{"href":"https:\/\/gopinkish.com\/fr\/wp-json\/wp\/v2\/types\/product"}],"wp:featuredmedia":[{"embeddable":true,"href":"https:\/\/gopinkish.com\/fr\/wp-json\/wp\/v2\/media\/29818"}],"wp:attachment":[{"href":"https:\/\/gopinkish.com\/fr\/wp-json\/wp\/v2\/media?parent=29817"}],"wp:term":[{"taxonomy":"pwb-brand","embeddable":true,"href":"https:\/\/gopinkish.com\/fr\/wp-json\/wp\/v2\/pwb-brand?post=29817"},{"taxonomy":"product_brand","embeddable":true,"href":"https:\/\/gopinkish.com\/fr\/wp-json\/wp\/v2\/product_brand?post=29817"},{"taxonomy":"product_cat","embeddable":true,"href":"https:\/\/gopinkish.com\/fr\/wp-json\/wp\/v2\/product_cat?post=29817"},{"taxonomy":"product_tag","embeddable":true,"href":"https:\/\/gopinkish.com\/fr\/wp-json\/wp\/v2\/product_tag?post=29817"}],"curies":[{"name":"wp","href":"https:\/\/api.w.org\/{rel}","templated":true}]}}