{"id":29652,"date":"2025-08-01T17:08:24","date_gmt":"2025-08-01T16:08:24","guid":{"rendered":"https:\/\/gopinkish.com\/?post_type=product&#038;p=29652"},"modified":"2026-03-02T20:15:06","modified_gmt":"2026-03-02T19:15:06","slug":"4059729445179","status":"publish","type":"product","link":"https:\/\/gopinkish.com\/fr\/produit\/4059729445179\/","title":{"rendered":"Rouge \u00e0 l\u00e8vres liquide avec une couleur chatoyante et une tenue de 8 heures"},"content":{"rendered":"<p style=\"text-align: justify;\">Ajoutez une touche de couleur \u00e0 votre quotidien : Le rouge \u00e0 l\u00e8vres Shine Bomb de Catrice, d'un rouge tendre, ajoute une touche de glamour \u00e0 vos l\u00e8vres. Ce produit combine deux caract\u00e9ristiques tr\u00e8s appr\u00e9ci\u00e9es : Une couleur brillante et une tenue jusqu'\u00e0 8 heures. Pour une couleur uniforme et intense, profitez de la texture lisse et cr\u00e9meuse du rouge \u00e0 l\u00e8vres liquide. Gr\u00e2ce \u00e0 elle, vos l\u00e8vres sont hydrat\u00e9es. De plus, le rouge \u00e0 l\u00e8vres a une texture l\u00e9g\u00e8re sur les l\u00e8vres, ne s\u00e8che pas et ne colle pas. Un produit confortable et brillant, indispensable pour le jour et la nuit : Le rouge \u00e0 l\u00e8vres Shine Bomb de Catrice, d'un rouge froid, est parfait pour tous les looks. 95% femmes ont confirm\u00e9 que le produit est agr\u00e9able \u00e0 porter.<\/p>\n<p dir=\"ltr\" style=\"text-align: center;\">\ud83c\uddec\ud83c\udde7 Catrice Shine Bomb Lip Lacquer<br \/>\n\ud83c\uddeb\ud83c\uddf7 Laque \u00e0 L\u00e8vres Brillante Catrice Shine Bomb<\/p>","protected":false},"excerpt":{"rendered":"<p>\u0623\u0636\u0641\u064a \u0644\u0645\u0633\u0629\u064b \u0645\u0646 \u0627\u0644\u0644\u0648\u0646 \u0625\u0644\u0649 \u062d\u064a\u0627\u062a\u0643\u0650 \u0627\u0644\u064a\u0648\u0645\u064a\u0629: \u064a\u064f\u0636\u0641\u064a \u0623\u062d\u0645\u0631 \u0627\u0644\u0634\u0641\u0627\u0647 &#8220;\u0634\u0627\u064a\u0646 \u0628\u0648\u0645\u0628&#8221; \u0645\u0646 &#8220;\u0643\u0627\u062a\u0631\u064a\u0633&#8221; \u0628\u0644\u0648\u0646\u0647 \u0627\u0644\u0623\u062d\u0645\u0631 \u0627\u0644\u0647\u0627\u062f\u0626 \u0644\u0645\u0633\u0629\u064b \u0645\u0646 \u0627\u0644\u062a\u0623\u0644\u0642 \u0639\u0644\u0649 \u0634\u0641\u062a\u064a\u0643\u0650. \u064a\u062c\u0645\u0639 \u0647\u0630\u0627 \u0627\u0644\u0645\u0646\u062a\u062c \u0628\u064a\u0646 \u0645\u064a\u0632\u062a\u064a\u0646 \u0634\u0627\u0626\u0639\u062a\u064a\u0646: \u0644\u0648\u0646 \u0644\u0627\u0645\u0639 \u0648\u062b\u0628\u0627\u062a \u064a\u062f\u0648\u0645 \u062d\u062a\u0649 8 \u0633\u0627\u0639\u0627\u062a. \u0627\u0633\u062a\u0645\u062a\u0639\u064a \u0628\u0644\u0648\u0646\u064d \u0645\u062a\u062c\u0627\u0646\u0633 \u0648\u0643\u062b\u064a\u0641\u060c \u0648\u0627\u0633\u062a\u0641\u062f\u064a \u0645\u0646 \u0642\u0648\u0627\u0645 \u0623\u062d\u0645\u0631 \u0627\u0644\u0634\u0641\u0627\u0647 \u0627\u0644\u0633\u0627\u0626\u0644 \u0627\u0644\u0646\u0627\u0639\u0645 \u0648\u0627\u0644\u0643\u0631\u064a\u0645\u064a. \u0628\u0641\u0636\u0644 \u0647\u0630\u0627\u060c \u0633\u062a\u0634\u0639\u0631\u064a\u0646 \u0628\u062a\u0631\u0637\u064a\u0628 \u0634\u0641\u062a\u064a\u0643\u0650. \u0639\u0644\u0627\u0648\u0629\u064b \u0639\u0644\u0649 \u0630\u0644\u0643\u060c [&hellip;]<\/p>\n","protected":false},"featured_media":29664,"template":"","meta":[],"pwb-brand":[487],"product_brand":[],"product_cat":[1181],"product_tag":[],"class_list":{"0":"post-29652","1":"product","2":"type-product","3":"status-publish","4":"has-post-thumbnail","6":"pwb-brand-catrice","7":"product_cat-liquid-lipstick-makeup","9":"first","10":"instock","11":"shipping-taxable","12":"purchasable","13":"product-type-variable","14":"has-default-attributes","15":"wvs-archive-product-wrapper"},"brands":[{"id":487,"name":"Catrice","slug":"catrice"}],"_links":{"self":[{"href":"https:\/\/gopinkish.com\/fr\/wp-json\/wp\/v2\/product\/29652","targetHints":{"allow":["GET"]}}],"collection":[{"href":"https:\/\/gopinkish.com\/fr\/wp-json\/wp\/v2\/product"}],"about":[{"href":"https:\/\/gopinkish.com\/fr\/wp-json\/wp\/v2\/types\/product"}],"wp:featuredmedia":[{"embeddable":true,"href":"https:\/\/gopinkish.com\/fr\/wp-json\/wp\/v2\/media\/29664"}],"wp:attachment":[{"href":"https:\/\/gopinkish.com\/fr\/wp-json\/wp\/v2\/media?parent=29652"}],"wp:term":[{"taxonomy":"pwb-brand","embeddable":true,"href":"https:\/\/gopinkish.com\/fr\/wp-json\/wp\/v2\/pwb-brand?post=29652"},{"taxonomy":"product_brand","embeddable":true,"href":"https:\/\/gopinkish.com\/fr\/wp-json\/wp\/v2\/product_brand?post=29652"},{"taxonomy":"product_cat","embeddable":true,"href":"https:\/\/gopinkish.com\/fr\/wp-json\/wp\/v2\/product_cat?post=29652"},{"taxonomy":"product_tag","embeddable":true,"href":"https:\/\/gopinkish.com\/fr\/wp-json\/wp\/v2\/product_tag?post=29652"}],"curies":[{"name":"wp","href":"https:\/\/api.w.org\/{rel}","templated":true}]}}