{"id":29415,"date":"2025-07-30T16:22:18","date_gmt":"2025-07-30T15:22:18","guid":{"rendered":"https:\/\/gopinkish.com\/?post_type=product&#038;p=29415"},"modified":"2026-03-15T03:40:30","modified_gmt":"2026-03-15T02:40:30","slug":"609332830455","status":"publish","type":"product","link":"https:\/\/gopinkish.com\/fr\/produit\/609332830455\/","title":{"rendered":"Une huile \u00e0 l\u00e8vres ultra-brillante pour nourrir et hydrater les l\u00e8vres"},"content":{"rendered":"<p style=\"text-align: justify;\">Une huile \u00e0 l\u00e8vres transparente ultra-brillante qui nourrit, hydrate et rehausse vos l\u00e8vres d'une touche de perles dor\u00e9es.<\/p>\n<p style=\"text-align: justify;\">Donnez \u00e0 vos l\u00e8vres toute la brillance captivante que vous aimez avec l'huile pour les l\u00e8vres Glow Reviver, qui offre d\u00e9sormais le fini brillant dont vous avez toujours r\u00eav\u00e9. Un applicateur XXL ultra-doux distribue sa formule confortable et non collante, enrichie d'huiles nourrissantes et d'un parfum de menthe rafra\u00eechissant. Portez-la seule pour souligner vos l\u00e8vres d'un soup\u00e7on de couleur, ou par-dessus votre rouge \u00e0 l\u00e8vres e.l.f. pr\u00e9f\u00e9r\u00e9 pour une touche de brillance.<\/p>\n<p style=\"text-align: justify;\"><strong>Pourquoi l'aimeriez-vous ?<\/strong><br \/>\n- Huile hydratante pour les l\u00e8vres avec un fini brillant et \u00e9clatant<br \/>\n- Un pinceau d'application doux et surdimensionn\u00e9 qui \u00e9pouse les l\u00e8vres<br \/>\n- Enrichi d'ingr\u00e9dients nourrissants pour revitaliser vos l\u00e8vres<br \/>\n- Une couche de couleur transparente avec un soup\u00e7on de perles dor\u00e9es.<br \/>\n- Formule confortable avec une texture non collante<br \/>\n- Parfum frais de menthe<br \/>\n- Il peut \u00eatre port\u00e9 seul ou sur le rouge \u00e0 l\u00e8vres pour une touche de glamour.<\/p>\n<p style=\"text-align: justify;\"><strong>Ingr\u00e9dients :<br \/>\n<\/strong>Squalane<br \/>\nHuile d'abricot<br \/>\nHuile d'avocat<br \/>\nHuile de jojoba<br \/>\nHuile de grenade<\/p>\n<p dir=\"ltr\" style=\"text-align: center;\">\ud83c\uddec\ud83c\udde7 e.l.f. Huile \u00e0 l\u00e8vres Glow Reviver - Glimmer Finish<br \/>\n\ud83c\uddeb\ud83c\uddf7 Huile \u00e0 L\u00e8vres e.l.f. Glow Reviver - Fini Scintillant<\/p>","protected":false},"excerpt":{"rendered":"<p>\u0632\u064a\u062a \u0634\u0641\u0627\u0647 \u0634\u0641\u0627\u0641 \u0644\u0627\u0645\u0639 \u0641\u0627\u0626\u0642 \u0627\u0644\u0644\u0645\u0639\u0627\u0646\u060c \u064a\u063a\u0630\u064a \u0648\u064a\u0631\u0637\u0628 \u0648\u064a\u0639\u0632\u0632 \u0634\u0641\u062a\u064a\u0643\u0650 \u0628\u0644\u0645\u0633\u0629 \u0645\u0646 \u0628\u0631\u064a\u0642 \u0627\u0644\u0644\u0624\u0644\u0624 \u0627\u0644\u0630\u0647\u0628\u064a. \u0627\u063a\u0645\u0631\u064a \u0634\u0641\u062a\u064a\u0643\u0650 \u0628\u0643\u0644 \u0627\u0644\u0644\u0645\u0639\u0627\u0646 \u0627\u0644\u0622\u0633\u0631 \u0627\u0644\u0630\u064a \u062a\u062d\u0628\u064a\u0646\u0647 \u0645\u0639 \u0632\u064a\u062a \u0627\u0644\u0634\u0641\u0627\u0647 &#8220;\u062c\u0644\u0648 \u0631\u064a\u0641\u0627\u064a\u0641\u0631&#8221;\u060c \u0627\u0644\u0622\u0646 \u0645\u0639 \u0627\u0644\u0644\u0645\u0633\u0629 \u0627\u0644\u0646\u0647\u0627\u0626\u064a\u0629 \u0627\u0644\u0644\u0627\u0645\u0639\u0629 \u0627\u0644\u062a\u064a \u0644\u0637\u0627\u0644\u0645\u0627 \u0631\u063a\u0628\u062a\u0650 \u0628\u0647\u0627. \u0623\u062f\u0627\u0629 \u0648\u0636\u0639 \u0641\u0627\u0626\u0642\u0629 \u0627\u0644\u0646\u0639\u0648\u0645\u0629 \u0628\u062d\u062c\u0645 XXL \u062a\u064f\u0648\u0632\u0639 \u062a\u0631\u0643\u064a\u0628\u062a\u0647\u0627 \u0627\u0644\u0645\u0631\u064a\u062d\u0629 \u063a\u064a\u0631 \u0627\u0644\u0644\u0632\u062c\u0629\u060c \u0627\u0644\u063a\u0646\u064a\u0629 \u0628\u0627\u0644\u0632\u064a\u0648\u062a \u0627\u0644\u0645\u063a\u0630\u064a\u0629 \u0648\u0631\u0627\u0626\u062d\u0629 \u0627\u0644\u0646\u0639\u0646\u0627\u0639 \u0627\u0644\u0645\u0646\u0639\u0634\u0629. \u0636\u0639\u064a\u0647\u0627 \u0628\u0645\u0641\u0631\u062f\u0647\u0627 [&hellip;]<\/p>\n","protected":false},"featured_media":29435,"template":"","meta":[],"pwb-brand":[1063],"product_brand":[],"product_cat":[1180],"product_tag":[],"class_list":{"0":"post-29415","1":"product","2":"type-product","3":"status-publish","4":"has-post-thumbnail","6":"pwb-brand-elf","7":"product_cat-lips-gloss-makeup","9":"first","10":"instock","11":"shipping-taxable","12":"purchasable","13":"product-type-variable","14":"has-default-attributes","15":"wvs-archive-product-wrapper"},"brands":[{"id":1063,"name":"e.l.f.","slug":"elfe"}],"_links":{"self":[{"href":"https:\/\/gopinkish.com\/fr\/wp-json\/wp\/v2\/product\/29415","targetHints":{"allow":["GET"]}}],"collection":[{"href":"https:\/\/gopinkish.com\/fr\/wp-json\/wp\/v2\/product"}],"about":[{"href":"https:\/\/gopinkish.com\/fr\/wp-json\/wp\/v2\/types\/product"}],"wp:featuredmedia":[{"embeddable":true,"href":"https:\/\/gopinkish.com\/fr\/wp-json\/wp\/v2\/media\/29435"}],"wp:attachment":[{"href":"https:\/\/gopinkish.com\/fr\/wp-json\/wp\/v2\/media?parent=29415"}],"wp:term":[{"taxonomy":"pwb-brand","embeddable":true,"href":"https:\/\/gopinkish.com\/fr\/wp-json\/wp\/v2\/pwb-brand?post=29415"},{"taxonomy":"product_brand","embeddable":true,"href":"https:\/\/gopinkish.com\/fr\/wp-json\/wp\/v2\/product_brand?post=29415"},{"taxonomy":"product_cat","embeddable":true,"href":"https:\/\/gopinkish.com\/fr\/wp-json\/wp\/v2\/product_cat?post=29415"},{"taxonomy":"product_tag","embeddable":true,"href":"https:\/\/gopinkish.com\/fr\/wp-json\/wp\/v2\/product_tag?post=29415"}],"curies":[{"name":"wp","href":"https:\/\/api.w.org\/{rel}","templated":true}]}}