{"id":29366,"date":"2025-07-26T14:39:48","date_gmt":"2025-07-26T13:39:48","guid":{"rendered":"https:\/\/gopinkish.com\/?post_type=product&#038;p=29366"},"modified":"2026-04-01T18:38:19","modified_gmt":"2026-04-01T17:38:19","slug":"8436097096435","status":"publish","type":"product","link":"https:\/\/gopinkish.com\/fr\/produit\/8436097096435\/","title":{"rendered":"S\u00e9rum illuminant \u00e0 la vitamine C pour une peau radieuse et \u00e9clatante"},"content":{"rendered":"<p style=\"text-align: justify;\">D\u00e9couvrez le s\u00e9rum illuminant \u00e0 la vitamine C de Payface, votre alli\u00e9 pour une peau radieuse et rajeunie.<\/p>\n<p style=\"text-align: justify;\">Formul\u00e9 avec de la vitamine C, des d\u00e9riv\u00e9s d'acide hyaluronique et de la provitamine B5, ce s\u00e9rum rehausse l'\u00e9clat naturel de votre peau et combat les signes de l'\u00e2ge. Son action rafra\u00eechissante et antioxydante aide \u00e0 att\u00e9nuer les rides d'expression et conf\u00e8re \u00e0 la peau un \u00e9clat unique. Id\u00e9al pour celles qui recherchent un teint plus jeune, plus hydrat\u00e9 et plus \u00e9clatant.<\/p>\n<p style=\"text-align: justify;\">Ajoutez la puissance de ce s\u00e9rum \u00e0 votre routine quotidienne et revitalisez votre peau avec Bioface.<\/p>\n<p style=\"text-align: justify;\">Convient \u00e0 tous les types de peau.<\/p>\n<p style=\"text-align: center;\">Byphasse - S\u00e9rum \u00e9claircissant \u00e0 la vitamine C<\/p>","protected":false},"excerpt":{"rendered":"<p>\u0627\u0643\u062a\u0634\u0641\u064a \u0633\u064a\u0631\u0648\u0645 \u0641\u064a\u062a\u0627\u0645\u064a\u0646 \u0633\u064a \u0627\u0644\u0645\u064f\u0636\u064a\u0621 \u0645\u0646 \u0628\u0627\u064a\u0641\u0627\u0633\u060c \u062d\u0644\u064a\u0641\u0643\u0650 \u0644\u0628\u0634\u0631\u0629 \u0645\u064f\u0634\u0631\u0642\u0629 \u0648\u0645\u064f\u062a\u062c\u062f\u062f\u0629. \u0645\u064f\u0635\u0645\u0645 \u0628\u0641\u064a\u062a\u0627\u0645\u064a\u0646 \u0633\u064a\u060c \u0648\u0645\u0634\u062a\u0642\u0627\u062a \u062d\u0645\u0636 \u0627\u0644\u0647\u064a\u0627\u0644\u0648\u0631\u0648\u0646\u064a\u0643\u060c \u0648\u0628\u0631\u0648\u0641\u064a\u062a\u0627\u0645\u064a\u0646 \u06285\u060c \u064a\u064f\u0639\u0632\u0632 \u0647\u0630\u0627 \u0627\u0644\u0633\u064a\u0631\u0648\u0645 \u0625\u0634\u0631\u0627\u0642\u0629 \u0628\u0634\u0631\u062a\u0643\u0650 \u0627\u0644\u0637\u0628\u064a\u0639\u064a\u0629 \u0648\u064a\u064f\u062d\u0627\u0631\u0628 \u0639\u0644\u0627\u0645\u0627\u062a \u0627\u0644\u062a\u0642\u062f\u0645 \u0641\u064a \u0627\u0644\u0633\u0646.\u00a0\u064a\u064f\u0633\u0627\u0639\u062f \u0645\u0641\u0639\u0648\u0644\u0647 \u0627\u0644\u0645\u064f\u0646\u0639\u0634 \u0648\u0627\u0644\u0645\u0636\u0627\u062f \u0644\u0644\u0623\u0643\u0633\u062f\u0629 \u0639\u0644\u0649 \u062a\u0642\u0644\u064a\u0644 \u062e\u0637\u0648\u0637 \u0627\u0644\u062a\u0639\u0628\u064a\u0631 \u0648\u064a\u064f\u0636\u0641\u064a \u0625\u0634\u0631\u0627\u0642\u0629 \u0641\u0631\u064a\u062f\u0629.\u00a0\u0645\u062b\u0627\u0644\u064a \u0644\u0645\u0646 \u064a\u0628\u062d\u062b\u0646 \u0639\u0646 \u0628\u0634\u0631\u0629 \u0623\u0643\u062b\u0631 \u0634\u0628\u0627\u0628\u064b\u0627 \u0648\u062a\u0631\u0637\u064a\u0628\u064b\u0627 \u0648\u062d\u064a\u0648\u064a\u0629. \u0623\u0636\u064a\u0641\u064a \u0642\u0648\u0629 \u0647\u0630\u0627 \u0627\u0644\u0633\u064a\u0631\u0648\u0645 \u0625\u0644\u0649 \u0631\u0648\u062a\u064a\u0646\u0643\u0650 [&hellip;]<\/p>\n","protected":false},"featured_media":29368,"template":"","meta":[],"pwb-brand":[428],"product_brand":[],"product_cat":[1231,1123],"product_tag":[685],"class_list":{"0":"post-29366","1":"product","2":"type-product","3":"status-publish","4":"has-post-thumbnail","6":"pwb-brand-byphasse","7":"product_cat-daily-face-care","8":"product_cat-face-bright","9":"product_tag-brightening","11":"first","12":"outofstock","13":"shipping-taxable","14":"product-type-variable","15":"has-default-attributes","16":"wvs-archive-product-wrapper"},"brands":[{"id":428,"name":"Byphasse","slug":"byphasse"}],"_links":{"self":[{"href":"https:\/\/gopinkish.com\/fr\/wp-json\/wp\/v2\/product\/29366","targetHints":{"allow":["GET"]}}],"collection":[{"href":"https:\/\/gopinkish.com\/fr\/wp-json\/wp\/v2\/product"}],"about":[{"href":"https:\/\/gopinkish.com\/fr\/wp-json\/wp\/v2\/types\/product"}],"wp:featuredmedia":[{"embeddable":true,"href":"https:\/\/gopinkish.com\/fr\/wp-json\/wp\/v2\/media\/29368"}],"wp:attachment":[{"href":"https:\/\/gopinkish.com\/fr\/wp-json\/wp\/v2\/media?parent=29366"}],"wp:term":[{"taxonomy":"pwb-brand","embeddable":true,"href":"https:\/\/gopinkish.com\/fr\/wp-json\/wp\/v2\/pwb-brand?post=29366"},{"taxonomy":"product_brand","embeddable":true,"href":"https:\/\/gopinkish.com\/fr\/wp-json\/wp\/v2\/product_brand?post=29366"},{"taxonomy":"product_cat","embeddable":true,"href":"https:\/\/gopinkish.com\/fr\/wp-json\/wp\/v2\/product_cat?post=29366"},{"taxonomy":"product_tag","embeddable":true,"href":"https:\/\/gopinkish.com\/fr\/wp-json\/wp\/v2\/product_tag?post=29366"}],"curies":[{"name":"wp","href":"https:\/\/api.w.org\/{rel}","templated":true}]}}