{"id":29349,"date":"2025-07-28T14:04:43","date_gmt":"2025-07-28T13:04:43","guid":{"rendered":"https:\/\/gopinkish.com\/?post_type=product&#038;p=29349"},"modified":"2026-03-02T18:24:56","modified_gmt":"2026-03-02T17:24:56","slug":"3600542513272","status":"publish","type":"product","link":"https:\/\/gopinkish.com\/fr\/produit\/3600542513272\/","title":{"rendered":"Lait solaire hydratant SPF30 pour le corps"},"content":{"rendered":"<p style=\"text-align: justify;\">D\u00e9couvrez le Lait Liquide Hydratant Haute Protection Garnier Amber Solaire avec SPF 30 qui offre une large protection contre les UVA et les UVB.<\/p>\n<p style=\"text-align: justify;\"><strong>Protection UV invisible :<\/strong> Ce fluide quotidien anti-UV SPF 30, au fini invisible et imperm\u00e9able, prot\u00e8ge le visage et le corps des rayons UVA et UVB pour des journ\u00e9es au soleil en toute s\u00e9curit\u00e9 !<\/p>\n<p style=\"text-align: justify;\"><strong>La peau est prot\u00e9g\u00e9e et hydrat\u00e9e :<\/strong> La cr\u00e8me solaire liquide Garnier prot\u00e8ge votre peau des coups de soleil et des dommages durables caus\u00e9s par le soleil, tout en l'hydratant. Sa texture est non grasse et non collante.<\/p>\n<p style=\"text-align: justify;\"><strong>Enrichi en beurre de karit\u00e9 :<\/strong> Ce protecteur liquide Garnier contient du beurre de karit\u00e9, reconnu pour ses bienfaits hydratants, protecteurs et anti-inflammatoires. Protection douce de la peau.<\/p>\n<p style=\"text-align: justify;\">Comment l'utiliser ? Appliquez la cr\u00e8me solaire SPF 30 sur votre visage et votre corps avant l'exposition au soleil. Renouvelez l'application r\u00e9guli\u00e8rement. \u00c9viter le contact avec les yeux.<\/p>\n<p dir=\"ltr\" style=\"text-align: center;\">\ud83c\uddec\ud83c\udde7 Garnier Ambre Solaire Lait solaire hydratant SPF30 - Lait corporel<br \/>\n\ud83c\uddeb\ud83c\uddf7 Lait Solaire Hydratant Garnier Ambre Solaire SPF30 - Corps<\/p>","protected":false},"excerpt":{"rendered":"<p>\u0627\u0643\u062a\u0634\u0641\u064a \u062d\u0644\u064a\u0628 \u063a\u0627\u0631\u0646\u064a\u064a\u0647 \u0623\u0645\u0628\u0631 \u0633\u0648\u0644\u064a\u0631 \u0627\u0644\u0633\u0627\u0626\u0644 \u0627\u0644\u0645\u0631\u0637\u0628 \u0639\u0627\u0644\u064a \u0627\u0644\u062d\u0645\u0627\u064a\u0629 \u0628\u0639\u0627\u0645\u0644 \u062d\u0645\u0627\u064a\u0629 \u0645\u0646 \u0627\u0644\u0634\u0645\u0633 30. \u064a\u0648\u0641\u0631 \u062d\u0645\u0627\u064a\u0629 \u0648\u0627\u0633\u0639\u0629 \u0645\u0646 \u0623\u0634\u0639\u0629 \u0627\u0644\u0634\u0645\u0633 \u0641\u0648\u0642 \u0627\u0644\u0628\u0646\u0641\u0633\u062c\u064a\u0629 \u0627\u0644\u0637\u0648\u064a\u0644\u0629 \u0648\u0627\u0644\u0645\u062a\u0648\u0633\u0637\u0629. \u062d\u0645\u0627\u064a\u0629 \u063a\u064a\u0631 \u0645\u0631\u0626\u064a\u0629 \u0645\u0646 \u0627\u0644\u0623\u0634\u0639\u0629 \u0641\u0648\u0642 \u0627\u0644\u0628\u0646\u0641\u0633\u062c\u064a\u0629: \u0647\u0630\u0627 \u0627\u0644\u0633\u0627\u0626\u0644 \u0627\u0644\u064a\u0648\u0645\u064a \u0627\u0644\u0645\u0636\u0627\u062f \u0644\u0644\u0623\u0634\u0639\u0629 \u0641\u0648\u0642 \u0627\u0644\u0628\u0646\u0641\u0633\u062c\u064a\u0629 \u0628\u0639\u0627\u0645\u0644 \u062d\u0645\u0627\u064a\u0629 30\u060c \u0628\u0644\u0645\u0633\u0629 \u0646\u0647\u0627\u0626\u064a\u0629 \u063a\u064a\u0631 \u0645\u0631\u0626\u064a\u0629 \u0648\u0645\u0642\u0627\u0648\u0645\u0629 \u0644\u0644\u0645\u0627\u0621\u060c \u064a\u062d\u0645\u064a \u0627\u0644\u0648\u062c\u0647 \u0648\u0627\u0644\u062c\u0633\u0645 \u0645\u0646 \u0623\u0634\u0639\u0629 UVA \u0648UVB \u0644\u0623\u064a\u0627\u0645 [&hellip;]<\/p>\n","protected":false},"featured_media":29351,"template":"","meta":[],"pwb-brand":[218],"product_brand":[],"product_cat":[1137,1145,1144],"product_tag":[],"class_list":{"0":"post-29349","1":"product","2":"type-product","3":"status-publish","4":"has-post-thumbnail","6":"pwb-brand-garnier","7":"product_cat-body-moist","8":"product_cat-body-sunscreen","9":"product_cat-face-sunscreen","11":"first","12":"instock","13":"shipping-taxable","14":"purchasable","15":"product-type-variable","16":"has-default-attributes","17":"wvs-archive-product-wrapper"},"brands":[{"id":218,"name":"Garnier","slug":"garnier"}],"_links":{"self":[{"href":"https:\/\/gopinkish.com\/fr\/wp-json\/wp\/v2\/product\/29349","targetHints":{"allow":["GET"]}}],"collection":[{"href":"https:\/\/gopinkish.com\/fr\/wp-json\/wp\/v2\/product"}],"about":[{"href":"https:\/\/gopinkish.com\/fr\/wp-json\/wp\/v2\/types\/product"}],"wp:featuredmedia":[{"embeddable":true,"href":"https:\/\/gopinkish.com\/fr\/wp-json\/wp\/v2\/media\/29351"}],"wp:attachment":[{"href":"https:\/\/gopinkish.com\/fr\/wp-json\/wp\/v2\/media?parent=29349"}],"wp:term":[{"taxonomy":"pwb-brand","embeddable":true,"href":"https:\/\/gopinkish.com\/fr\/wp-json\/wp\/v2\/pwb-brand?post=29349"},{"taxonomy":"product_brand","embeddable":true,"href":"https:\/\/gopinkish.com\/fr\/wp-json\/wp\/v2\/product_brand?post=29349"},{"taxonomy":"product_cat","embeddable":true,"href":"https:\/\/gopinkish.com\/fr\/wp-json\/wp\/v2\/product_cat?post=29349"},{"taxonomy":"product_tag","embeddable":true,"href":"https:\/\/gopinkish.com\/fr\/wp-json\/wp\/v2\/product_tag?post=29349"}],"curies":[{"name":"wp","href":"https:\/\/api.w.org\/{rel}","templated":true}]}}