{"id":29339,"date":"2025-12-30T14:00:05","date_gmt":"2025-12-30T13:00:05","guid":{"rendered":"https:\/\/gopinkish.com\/?post_type=product&#038;p=29339"},"modified":"2026-02-03T12:35:07","modified_gmt":"2026-02-03T11:35:07","slug":"8809634610034","status":"publish","type":"product","link":"https:\/\/gopinkish.com\/fr\/produit\/8809634610034\/","title":{"rendered":"S\u00e9rum correcteur de taches brunes et d'hyperpigmentation"},"content":{"rendered":"<p style=\"text-align: justify;\">Une solution personnalis\u00e9e pour les taches sombres, les cicatrices d'acn\u00e9 et la peau terne et irr\u00e9guli\u00e8re.<\/p>\n<p style=\"text-align: justify;\">Ce s\u00e9rum polyvalent est con\u00e7u pour corriger visiblement les taches brunes, dissimuler l'hyperpigmentation et \u00e9claircir la peau, sans irritation. Formul\u00e9 \u00e0 base de niacinamide 5%, de squalane v\u00e9g\u00e9tal et d'un m\u00e9lange soigneusement s\u00e9lectionn\u00e9 d'extraits naturels \u00e9claircissants, ce s\u00e9rum s'attaque aux causes profondes de la d\u00e9coloration et du teint in\u00e9gal, tout en renfor\u00e7ant la barri\u00e8re cutan\u00e9e pour une peau claire et durable.<\/p>\n<p style=\"text-align: justify;\">Que vous souffriez de cicatrices d'acn\u00e9, de dommages caus\u00e9s par le soleil ou d'une peau g\u00e9n\u00e9ralement terne, il s'agit d'une solution \u00e9prouv\u00e9e pour une peau plus claire, plus lisse et plus \u00e9clatante.<\/p>\n<p style=\"text-align: justify;\"><strong>Il est cliniquement prouv\u00e9 qu'il r\u00e9duit les taches brunes : <\/strong>Gr\u00e2ce \u00e0 la niacinamide 5% et au son de riz riche en antioxydants, ce s\u00e9rum r\u00e9duit l'hyperpigmentation et unifie le teint de la peau gr\u00e2ce \u00e0 une utilisation quotidienne r\u00e9guli\u00e8re.<\/p>\n<p style=\"text-align: justify;\"><strong>\u00c9claircit la peau terne et fatigu\u00e9e : <\/strong>La papaye et l'argousier contribuent \u00e0 redonner \u00e0 la peau un \u00e9clat sain tout en att\u00e9nuant les d\u00e9colorations et en stimulant l'\u00e9clat de la peau.<\/p>\n<p style=\"text-align: justify;\"><strong>Am\u00e9liore la texture et l'hydratation de la peau : <\/strong>L\u00e9ger et rapidement absorb\u00e9, le s\u00e9rum procure une hydratation profonde sans alourdir la peau ni laisser de r\u00e9sidus, ce qui le rend id\u00e9al pour une utilisation quotidienne, m\u00eame sous le maquillage.<\/p>\n<p style=\"text-align: justify;\"><strong>Renforce la barri\u00e8re cutan\u00e9e :\u00a0<\/strong>Le squalane et l'allanto\u00efne apaisent les peaux sensibles et soutiennent la barri\u00e8re naturelle de la peau, pr\u00e9venant ainsi les irritations et la pigmentation futures.<\/p>\n<p style=\"text-align: justify;\"><strong>Un produit de base de la cosm\u00e9tique cor\u00e9enne, v\u00e9g\u00e9talien et propre : <\/strong>Formul\u00e9 sans parfums synth\u00e9tiques, sans huiles essentielles et sans ingr\u00e9dients agressifs. Non test\u00e9 sur les animaux et v\u00e9g\u00e9talien 100%.<\/p>\n<p dir=\"ltr\" style=\"text-align: center;\">\ud83c\uddec\ud83c\udde7 AXIS-Y S\u00e9rum \u00e9claircissant correcteur de taches sombres<br \/>\n\ud83c\uddeb\ud83c\uddf7 S\u00e9rum \u00c9claircissant Anti-Taches AXIS-Y<\/p>","protected":false},"excerpt":{"rendered":"<p>\u062d\u0644\u064c\u0651 \u0645\u064f\u062e\u0635\u0651\u0635 \u0644\u0644\u0628\u0642\u0639 \u0627\u0644\u062f\u0627\u0643\u0646\u0629\u060c \u0648\u0622\u062b\u0627\u0631 \u062d\u0628 \u0627\u0644\u0634\u0628\u0627\u0628\u060c \u0648\u0627\u0644\u0628\u0634\u0631\u0629 \u0627\u0644\u0628\u0627\u0647\u062a\u0629 \u0648\u063a\u064a\u0631 \u0627\u0644\u0645\u062a\u062c\u0627\u0646\u0633\u0629. \u0635\u064f\u0645\u0651\u0645 \u0647\u0630\u0627 \u0627\u0644\u0633\u064a\u0631\u0648\u0645 \u0645\u062a\u0639\u062f\u062f \u0627\u0644\u0627\u0633\u062a\u062e\u062f\u0627\u0645\u0627\u062a \u0644\u062a\u0635\u062d\u064a\u062d \u0627\u0644\u0628\u0642\u0639 \u0627\u0644\u062f\u0627\u0643\u0646\u0629 \u0628\u0634\u0643\u0644 \u0648\u0627\u0636\u062d\u060c \u0648\u0625\u062e\u0641\u0627\u0621 \u0641\u0631\u0637 \u0627\u0644\u062a\u0635\u0628\u063a\u060c \u0648\u062a\u0641\u062a\u064a\u062d \u0627\u0644\u0628\u0634\u0631\u0629 &#8211; \u062f\u0648\u0646 \u062a\u0647\u064a\u062c. \u064a\u062d\u062a\u0648\u064a \u0647\u0630\u0627 \u0627\u0644\u0633\u064a\u0631\u0648\u0645 \u0639\u0644\u0649 5% \u0645\u0646 \u0627\u0644\u0646\u064a\u0627\u0633\u064a\u0646\u0627\u0645\u064a\u062f\u060c \u0648\u0627\u0644\u0633\u0643\u0648\u0627\u0644\u064a\u0646 \u0627\u0644\u0646\u0628\u0627\u062a\u064a\u060c \u0648\u0645\u0632\u064a\u062c \u0645\u064f\u062e\u062a\u0627\u0631 \u0628\u0639\u0646\u0627\u064a\u0629 \u0645\u0646 \u0645\u0633\u062a\u062e\u0644\u0635\u0627\u062a \u0627\u0644\u062a\u0641\u062a\u064a\u062d \u0627\u0644\u0637\u0628\u064a\u0639\u064a\u0629\u060c \u0644\u064a\u064f\u0639\u0627\u0644\u062c \u0627\u0644\u0623\u0633\u0628\u0627\u0628 \u0627\u0644\u062c\u0630\u0631\u064a\u0629 \u0644\u062a\u063a\u064a\u064f\u0651\u0631 \u0627\u0644\u0644\u0648\u0646 \u0648\u0639\u062f\u0645 \u062a\u0648\u062d\u062f \u0644\u0648\u0646 \u0627\u0644\u0628\u0634\u0631\u0629\u060c \u0645\u0639 [&hellip;]<\/p>\n","protected":false},"featured_media":29347,"template":"","meta":[],"pwb-brand":[737],"product_brand":[],"product_cat":[1231,1227,1123],"product_tag":[675,683,671,763],"class_list":{"0":"post-29339","1":"product","2":"type-product","3":"status-publish","4":"has-post-thumbnail","6":"pwb-brand-axisy","7":"product_cat-daily-face-care","8":"product_cat-face-renew","9":"product_cat-face-bright","10":"product_tag-spots","11":"product_tag-acne","12":"product_tag-pigmentation","13":"product_tag-korean-product-2","15":"first","16":"outofstock","17":"shipping-taxable","18":"product-type-variable","19":"has-default-attributes","20":"wvs-archive-product-wrapper"},"brands":[{"id":737,"name":"Axis Y","slug":"axisy"}],"_links":{"self":[{"href":"https:\/\/gopinkish.com\/fr\/wp-json\/wp\/v2\/product\/29339","targetHints":{"allow":["GET"]}}],"collection":[{"href":"https:\/\/gopinkish.com\/fr\/wp-json\/wp\/v2\/product"}],"about":[{"href":"https:\/\/gopinkish.com\/fr\/wp-json\/wp\/v2\/types\/product"}],"wp:featuredmedia":[{"embeddable":true,"href":"https:\/\/gopinkish.com\/fr\/wp-json\/wp\/v2\/media\/29347"}],"wp:attachment":[{"href":"https:\/\/gopinkish.com\/fr\/wp-json\/wp\/v2\/media?parent=29339"}],"wp:term":[{"taxonomy":"pwb-brand","embeddable":true,"href":"https:\/\/gopinkish.com\/fr\/wp-json\/wp\/v2\/pwb-brand?post=29339"},{"taxonomy":"product_brand","embeddable":true,"href":"https:\/\/gopinkish.com\/fr\/wp-json\/wp\/v2\/product_brand?post=29339"},{"taxonomy":"product_cat","embeddable":true,"href":"https:\/\/gopinkish.com\/fr\/wp-json\/wp\/v2\/product_cat?post=29339"},{"taxonomy":"product_tag","embeddable":true,"href":"https:\/\/gopinkish.com\/fr\/wp-json\/wp\/v2\/product_tag?post=29339"}],"curies":[{"name":"wp","href":"https:\/\/api.w.org\/{rel}","templated":true}]}}