{"id":29328,"date":"2025-07-27T13:47:46","date_gmt":"2025-07-27T12:47:46","guid":{"rendered":"https:\/\/gopinkish.com\/?post_type=product&#038;p=29328"},"modified":"2026-03-08T02:47:03","modified_gmt":"2026-03-08T01:47:03","slug":"041388065557","status":"publish","type":"product","link":"https:\/\/gopinkish.com\/fr\/produit\/041388065557\/","title":{"rendered":"Les tampons de traitement de l'acn\u00e9 de taille moyenne nettoient la peau et la nourrissent de vitamines essentielles."},"content":{"rendered":"<p style=\"text-align: justify;\">Les serviettes Stridex Essential contiennent un ingr\u00e9dient anti-acn\u00e9 plus puissant (acide salicylique 1%) que la plupart des serviettes \u201cnormales\u201d. De plus, elles sont les seules \u00e0 contenir des vitamines C et E, essentielles pour une peau claire et saine.<\/p>\n<p style=\"text-align: justify;\">L'acide salicylique p\u00e9n\u00e8tre dans les pores pour aider \u00e0 \u00e9liminer et \u00e0 pr\u00e9venir les \u00e9ruptions cutan\u00e9es, tandis que les vitamines essentielles apaisent et nourrissent la peau. Les serviettes hygi\u00e9niques essentielles contiennent des nettoyants cutan\u00e9s efficaces qui \u00e9liminent la salet\u00e9, le s\u00e9bum, la sueur et d'autres impuret\u00e9s de la surface de la peau, en p\u00e9n\u00e9trant pour ouvrir les pores et dissoudre les huiles en profondeur. Elles \u00e9liminent \u00e9galement les impuret\u00e9s laiss\u00e9es par le savon et le nettoyant pour le visage... il suffit de regarder la serviette pour se rendre compte de son efficacit\u00e9. Il aide \u00e9galement \u00e0 pr\u00e9venir la formation de nouveaux boutons. Chaque tampon est sp\u00e9cialement con\u00e7u pour un nettoyage en profondeur et une sensation agr\u00e9able, que vous souhaitiez frotter ou utiliser une application douce et d\u00e9licate.<\/p>\n<p style=\"text-align: justify;\">Toutes les serviettes Stridex sont enti\u00e8rement exemptes d'alcool, ce qui garantit une efficacit\u00e9 prouv\u00e9e dans la lutte contre l'acn\u00e9, sans la d\u00e9sagr\u00e9able sensation de br\u00fblure. Les effets dess\u00e9chants et irritants de l'alcool sur la peau sont bien connus... Il y a des ann\u00e9es, Stridex a d\u00e9cid\u00e9 que l'alcool n'\u00e9tait pas n\u00e9cessaire dans ses formules de serviettes hygi\u00e9niques. Les serviettes hygi\u00e9niques traditionnelles contre l'acn\u00e9 contiennent entre 25 et 40% d'alcool... les rougeurs et les irritations qui en r\u00e9sultent peuvent \u00eatre plus d\u00e9sagr\u00e9ables que le probl\u00e8me que vous essayez de r\u00e9soudre.<\/p>\n<p style=\"text-align: justify;\">Utiliser le matin apr\u00e8s s'\u00eatre lav\u00e9 le visage ou au cours de la journ\u00e9e pour un nettoyage rapide.<\/p>\n<p dir=\"ltr\" style=\"text-align: center;\">\ud83c\uddec\ud83c\udde7 Stridex Essential Acne Treatment Pads with Vitamins - 55 Count, 1% Salicylic Acid (acide salicylique)<br \/>\n\ud83c\uddeb\ud83c\uddf7 Tampons M\u00e9dicamenteux Stridex Essential avec Vitamines - 55 units\u00e9s, Acide Salicylique 1%<\/p>","protected":false},"excerpt":{"rendered":"<p><span style=\"color: #ff0000;\"><strong>Date d'expiration du produit : novembre 2026<\/strong><\/span><\/p>","protected":false},"featured_media":29332,"template":"","meta":[],"pwb-brand":[1462],"product_brand":[],"product_cat":[1231,1225],"product_tag":[683],"class_list":{"0":"post-29328","1":"product","2":"type-product","3":"status-publish","4":"has-post-thumbnail","6":"pwb-brand-stridex","7":"product_cat-daily-face-care","8":"product_cat-sale","9":"product_tag-acne","11":"first","12":"instock","13":"sale","14":"shipping-taxable","15":"purchasable","16":"product-type-variable","17":"has-default-attributes","18":"wvs-archive-product-wrapper"},"brands":[{"id":1462,"name":"Stridex","slug":"stridex"}],"_links":{"self":[{"href":"https:\/\/gopinkish.com\/fr\/wp-json\/wp\/v2\/product\/29328","targetHints":{"allow":["GET"]}}],"collection":[{"href":"https:\/\/gopinkish.com\/fr\/wp-json\/wp\/v2\/product"}],"about":[{"href":"https:\/\/gopinkish.com\/fr\/wp-json\/wp\/v2\/types\/product"}],"wp:featuredmedia":[{"embeddable":true,"href":"https:\/\/gopinkish.com\/fr\/wp-json\/wp\/v2\/media\/29332"}],"wp:attachment":[{"href":"https:\/\/gopinkish.com\/fr\/wp-json\/wp\/v2\/media?parent=29328"}],"wp:term":[{"taxonomy":"pwb-brand","embeddable":true,"href":"https:\/\/gopinkish.com\/fr\/wp-json\/wp\/v2\/pwb-brand?post=29328"},{"taxonomy":"product_brand","embeddable":true,"href":"https:\/\/gopinkish.com\/fr\/wp-json\/wp\/v2\/product_brand?post=29328"},{"taxonomy":"product_cat","embeddable":true,"href":"https:\/\/gopinkish.com\/fr\/wp-json\/wp\/v2\/product_cat?post=29328"},{"taxonomy":"product_tag","embeddable":true,"href":"https:\/\/gopinkish.com\/fr\/wp-json\/wp\/v2\/product_tag?post=29328"}],"curies":[{"name":"wp","href":"https:\/\/api.w.org\/{rel}","templated":true}]}}