{"id":29308,"date":"2025-07-30T13:14:36","date_gmt":"2025-07-30T12:14:36","guid":{"rendered":"https:\/\/gopinkish.com\/?post_type=product&#038;p=29308"},"modified":"2026-05-03T15:01:15","modified_gmt":"2026-05-03T14:01:15","slug":"5907587182103","status":"publish","type":"product","link":"https:\/\/gopinkish.com\/fr\/produit\/5907587182103\/","title":{"rendered":"Prolongez la tenue de votre maquillage et transformez l'ombre \u00e0 paupi\u00e8res en eyeliner liquide."},"content":{"rendered":"<p style=\"text-align: justify;\">D\u00e9couvrez le produit le plus vendu d'Inglot, Duralyn, qui vous offre des possibilit\u00e9s infinies pour votre maquillage de tous les jours.<\/p>\n<p style=\"text-align: justify;\">Ce liquide transparent peut \u00eatre m\u00e9lang\u00e9 librement aux produits de maquillage, les rendant imperm\u00e9ables et prolongeant leur dur\u00e9e de vie. Une seule goutte accentue la profondeur de la couleur et augmente l'efficacit\u00e9 du produit.<\/p>\n<p style=\"text-align: justify;\">Duralyn transforme facilement n'importe quel fard \u00e0 paupi\u00e8res en eyeliner waterproof. Il facilite l'application des ombres \u00e0 paupi\u00e8res libres tout en rehaussant leur couleur. Il permet de restaurer rapidement et efficacement la texture d'un eyeliner gel ou d'une pommade pour les sourcils. C'est un cosm\u00e9tique indispensable dans votre trousse de maquillage.<\/p>\n<p dir=\"ltr\" style=\"text-align: center;\">\ud83c\uddec\ud83c\udde7 Inglot Duraline - M\u00e9dium de m\u00e9lange liquide<br \/>\n\ud83c\uddeb\ud83c\uddf7 Duraline Inglot - Solution Liquide de M\u00e9lange<\/p>","protected":false},"excerpt":{"rendered":"<p>\u0627\u0643\u062a\u0634\u0641\u064a \u0627\u0644\u0645\u0646\u062a\u062c \u0627\u0644\u0623\u0643\u062b\u0631 \u0645\u0628\u064a\u0639\u064b\u0627 \u0645\u0646 \u0625\u0646\u063a\u0644\u0648\u062a\u060c \u062f\u0648\u0631\u0627\u0644\u064a\u0646\u060c \u0627\u0644\u0630\u064a \u064a\u0645\u0646\u062d\u0643\u0650 \u0625\u0645\u0643\u0627\u0646\u064a\u0627\u062a \u0644\u0627 \u062d\u0635\u0631 \u0644\u0647\u0627 \u0641\u064a \u0645\u0643\u064a\u0627\u062c\u0643\u0650 \u0627\u0644\u064a\u0648\u0645\u064a. \u064a\u0645\u0643\u0646 \u062e\u0644\u0637 \u0647\u0630\u0627 \u0627\u0644\u0633\u0627\u0626\u0644 \u0627\u0644\u0634\u0641\u0627\u0641 \u0628\u062d\u0631\u064a\u0629 \u0645\u0639 \u0645\u0646\u062a\u062c\u0627\u062a \u0627\u0644\u0645\u0643\u064a\u0627\u062c\u060c \u0645\u0645\u0627 \u064a\u062c\u0639\u0644\u0647\u0627 \u0645\u0642\u0627\u0648\u0645\u0629 \u0644\u0644\u0645\u0627\u0621 \u0648\u064a\u0637\u064a\u0644 \u0639\u0645\u0631\u0647\u0627 \u0627\u0644\u0627\u0641\u062a\u0631\u0627\u0636\u064a. \u0642\u0637\u0631\u0629 \u0648\u0627\u062d\u062f\u0629 \u062a\u064f\u0628\u0631\u0632 \u0639\u0645\u0642 \u0627\u0644\u0644\u0648\u0646 \u0648\u062a\u0632\u064a\u062f \u0645\u0646 \u0641\u0639\u0627\u0644\u064a\u0629 \u0627\u0644\u0645\u0646\u062a\u062c. \u064a\u064f\u062d\u0648\u0651\u0644 \u062f\u0648\u0631\u0627\u0644\u064a\u0646 \u0623\u064a \u0638\u0644 \u0639\u064a\u0648\u0646 \u0628\u0633\u0647\u0648\u0644\u0629 \u0625\u0644\u0649 \u0645\u062d\u062f\u062f \u0639\u064a\u0648\u0646 \u0645\u0642\u0627\u0648\u0645 \u0644\u0644\u0645\u0627\u0621. \u0643\u0645\u0627 \u064a\u064f\u0633\u0647\u0651\u0644 \u0648\u0636\u0639 [&hellip;]<\/p>\n","protected":false},"featured_media":29314,"template":"","meta":[],"pwb-brand":[1444],"product_brand":[],"product_cat":[1187,1190],"product_tag":[],"class_list":{"0":"post-29308","1":"product","2":"type-product","3":"status-publish","4":"has-post-thumbnail","6":"pwb-brand-inglot","7":"product_cat-eyeliner-makeup","8":"product_cat-eyes-shadow","10":"first","11":"instock","12":"shipping-taxable","13":"purchasable","14":"product-type-variable","15":"has-default-attributes","16":"wvs-archive-product-wrapper"},"brands":[{"id":1444,"name":"Inglot","slug":"inglot"}],"_links":{"self":[{"href":"https:\/\/gopinkish.com\/fr\/wp-json\/wp\/v2\/product\/29308","targetHints":{"allow":["GET"]}}],"collection":[{"href":"https:\/\/gopinkish.com\/fr\/wp-json\/wp\/v2\/product"}],"about":[{"href":"https:\/\/gopinkish.com\/fr\/wp-json\/wp\/v2\/types\/product"}],"wp:featuredmedia":[{"embeddable":true,"href":"https:\/\/gopinkish.com\/fr\/wp-json\/wp\/v2\/media\/29314"}],"wp:attachment":[{"href":"https:\/\/gopinkish.com\/fr\/wp-json\/wp\/v2\/media?parent=29308"}],"wp:term":[{"taxonomy":"pwb-brand","embeddable":true,"href":"https:\/\/gopinkish.com\/fr\/wp-json\/wp\/v2\/pwb-brand?post=29308"},{"taxonomy":"product_brand","embeddable":true,"href":"https:\/\/gopinkish.com\/fr\/wp-json\/wp\/v2\/product_brand?post=29308"},{"taxonomy":"product_cat","embeddable":true,"href":"https:\/\/gopinkish.com\/fr\/wp-json\/wp\/v2\/product_cat?post=29308"},{"taxonomy":"product_tag","embeddable":true,"href":"https:\/\/gopinkish.com\/fr\/wp-json\/wp\/v2\/product_tag?post=29308"}],"curies":[{"name":"wp","href":"https:\/\/api.w.org\/{rel}","templated":true}]}}