{"id":29261,"date":"2025-07-05T13:28:58","date_gmt":"2025-07-05T12:28:58","guid":{"rendered":"https:\/\/gopinkish.com\/?post_type=product&#038;p=29261"},"modified":"2025-08-18T17:47:08","modified_gmt":"2025-08-18T16:47:08","slug":"4058172936807","status":"publish","type":"product","link":"https:\/\/gopinkish.com\/fr\/produit\/4058172936807\/","title":{"rendered":"Dentifrice \u00e0 base de plantes pour des gencives fortes et des dents saines contre le tartre"},"content":{"rendered":"<p style=\"text-align: justify;\">Des gencives fortes et des dents saines : Le dentifrice aux plantes Dontodent prot\u00e8ge les dents des caries et du tartre. Utilis\u00e9 r\u00e9guli\u00e8rement, il contribue \u00e0 renforcer les gencives et \u00e0 pr\u00e9venir les probl\u00e8mes dentaires. Des extraits v\u00e9g\u00e9taux s\u00e9lectionn\u00e9s d'eucalyptus, de camomille, de myrte, de sauge et de menthe conf\u00e8rent \u00e0 ce dentifrice une saveur v\u00e9g\u00e9tale naturelle. Pour une sant\u00e9 dentaire totale avec Dontodent.<\/p>\n<p style=\"text-align: justify;\">Prot\u00e8ge contre les caries et renforce les gencives<br \/>\nAvec des extraits naturels de plantes<br \/>\nPr\u00e9vient les caries et le tartre<br \/>\nDes extraits de plantes s\u00e9lectionn\u00e9es (eucalyptus, camomille, myrrhe, sauge et menthe) donnent au dentifrice sa saveur particuli\u00e8re.<br \/>\nConvient aux v\u00e9g\u00e9tariens<\/p>\n<p dir=\"ltr\" style=\"text-align: center;\">\ud83c\uddec\ud83c\udde7 Dontodent Dentifrice aux herbes<br \/>\n\ud83c\uddeb\ud83c\uddf7 Dentifrice aux Herbes Dontodent<\/p>\n<p>&nbsp;<\/p>","protected":false},"excerpt":{"rendered":"<p>\u0644\u062b\u0629 \u0642\u0648\u064a\u0629 \u0648\u0623\u0633\u0646\u0627\u0646 \u0635\u062d\u064a\u0629: \u0645\u0639\u062c\u0648\u0646 \u0623\u0633\u0646\u0627\u0646 \u062f\u0648\u0646\u062a\u0648\u062f\u0646\u062a \u0627\u0644\u0639\u0634\u0628\u064a \u064a\u062d\u0645\u064a \u0627\u0644\u0623\u0633\u0646\u0627\u0646 \u0645\u0646 \u0627\u0644\u062a\u0633\u0648\u0633 \u0648\u0627\u0644\u062c\u064a\u0631. \u0645\u0639 \u0627\u0644\u0627\u0633\u062a\u062e\u062f\u0627\u0645 \u0627\u0644\u0645\u0646\u062a\u0638\u0645\u060c \u064a\u064f\u0633\u0627\u0639\u062f \u0639\u0644\u0649 \u062a\u0642\u0648\u064a\u0629 \u0627\u0644\u0644\u062b\u0629 \u0648\u0645\u0646\u0639 \u0645\u0634\u0627\u0643\u0644 \u0627\u0644\u0623\u0633\u0646\u0627\u0646. \u0645\u0633\u062a\u062e\u0644\u0635\u0627\u062a \u0623\u0639\u0634\u0627\u0628 \u0645\u062e\u062a\u0627\u0631\u0629 \u0645\u0646 \u0627\u0644\u0623\u0648\u0643\u0627\u0644\u0628\u062a\u0648\u0633\u060c \u0648\u0627\u0644\u0628\u0627\u0628\u0648\u0646\u062c\u060c \u0648\u0627\u0644\u0622\u0633\u060c \u0648\u0627\u0644\u0645\u0631\u064a\u0645\u064a\u0629\u060c \u0648\u0627\u0644\u0646\u0639\u0646\u0627\u0639 \u062a\u064f\u0636\u0641\u064a \u0639\u0644\u0649 \u0647\u0630\u0627 \u0627\u0644\u0645\u0639\u062c\u0648\u0646 \u0646\u0643\u0647\u0629 \u0639\u0634\u0628\u064a\u0629 \u0637\u0628\u064a\u0639\u064a\u0629. \u0644\u0635\u062d\u0629 \u0623\u0633\u0646\u0627\u0646 \u0634\u0627\u0645\u0644\u0629 \u0645\u0639 \u062f\u0648\u0646\u062a\u0648\u062f\u0646\u062a. \u064a\u062d\u0645\u064a \u0645\u0646 \u0627\u0644\u062a\u0633\u0648\u0633 \u0648\u064a\u0642\u0648\u064a \u0627\u0644\u0644\u062b\u0629 \u0628\u0645\u0633\u062a\u062e\u0644\u0635\u0627\u062a \u0623\u0639\u0634\u0627\u0628 \u0637\u0628\u064a\u0639\u064a\u0629 \u064a\u0645\u0646\u0639 \u0627\u0644\u062a\u0633\u0648\u0633 \u0648\u0627\u0644\u062c\u064a\u0631 [&hellip;]<\/p>\n","protected":false},"featured_media":29262,"template":"","meta":[],"pwb-brand":[1452],"product_brand":[],"product_cat":[1131],"product_tag":[],"class_list":{"0":"post-29261","1":"product","2":"type-product","3":"status-publish","4":"has-post-thumbnail","6":"pwb-brand-dm","7":"product_cat-tooth-paste","9":"first","10":"outofstock","11":"shipping-taxable","12":"product-type-variable","13":"has-default-attributes","14":"wvs-archive-product-wrapper"},"brands":[{"id":1452,"name":"DM","slug":"dm"}],"_links":{"self":[{"href":"https:\/\/gopinkish.com\/fr\/wp-json\/wp\/v2\/product\/29261","targetHints":{"allow":["GET"]}}],"collection":[{"href":"https:\/\/gopinkish.com\/fr\/wp-json\/wp\/v2\/product"}],"about":[{"href":"https:\/\/gopinkish.com\/fr\/wp-json\/wp\/v2\/types\/product"}],"wp:featuredmedia":[{"embeddable":true,"href":"https:\/\/gopinkish.com\/fr\/wp-json\/wp\/v2\/media\/29262"}],"wp:attachment":[{"href":"https:\/\/gopinkish.com\/fr\/wp-json\/wp\/v2\/media?parent=29261"}],"wp:term":[{"taxonomy":"pwb-brand","embeddable":true,"href":"https:\/\/gopinkish.com\/fr\/wp-json\/wp\/v2\/pwb-brand?post=29261"},{"taxonomy":"product_brand","embeddable":true,"href":"https:\/\/gopinkish.com\/fr\/wp-json\/wp\/v2\/product_brand?post=29261"},{"taxonomy":"product_cat","embeddable":true,"href":"https:\/\/gopinkish.com\/fr\/wp-json\/wp\/v2\/product_cat?post=29261"},{"taxonomy":"product_tag","embeddable":true,"href":"https:\/\/gopinkish.com\/fr\/wp-json\/wp\/v2\/product_tag?post=29261"}],"curies":[{"name":"wp","href":"https:\/\/api.w.org\/{rel}","templated":true}]}}